{"id":5459,"date":"2018-11-15T12:15:46","date_gmt":"2018-11-15T11:15:46","guid":{"rendered":"https:\/\/www.jardiservice.it\/wer-wir-sind\/"},"modified":"2019-10-21T16:28:43","modified_gmt":"2019-10-21T14:28:43","slug":"wer-wir-sind","status":"publish","type":"page","link":"https:\/\/www.jardiservice.it\/de\/wer-wir-sind\/","title":{"rendered":"Wer wir sind"},"content":{"rendered":"<p>[vc_row][vc_column][gsf_space desktop=&#8220;210&#8243; tablet=&#8220;10&#8243; tablet_portrait=&#8220;10&#8243; mobile_landscape=&#8220;10&#8243; mobile=&#8220;10&#8243;][\/vc_column][\/vc_row][vc_row][vc_column][vc_single_image image=&#8220;5465&#8243; img_size=&#8220;full&#8220;][\/vc_column][\/vc_row][vc_row][vc_column][vc_empty_space height=&#8220;40&#8243;][\/vc_column][\/vc_row][vc_row css=&#8220;.vc_custom_1542028921693{padding-top: 20px !important;padding-bottom: 20px !important;background-color: #ede9e3 !important;}&#8220;][vc_column width=&#8220;1\/2&#8243;][vc_column_text]<\/p>\n<h5>Jardiservice entsteht und lebt in Italien, spricht und denkt mit Europa!<\/h5>\n<p>[\/vc_column_text][vc_column_text]Wir liegen strategisch in der <strong>Mitte von Italien<\/strong>, wo das Mikroklima eine <strong>wichtige Produktion<\/strong> von bl\u00fchenden und mediterraneen Pflanzen h\u00f6chster Qualit\u00e4t beg\u00fcnstigt.<\/p>\n<p>Vor mehr als zehn Jahren schien es ein Gl\u00fcckspiel, aber dank dem regelm\u00e4\u00dfigen Einsatz, die Produktionsbetriebe den europ\u00e4ischen Marktanforderungen anzupassen und dem Aufbau eines <strong>Logistiknetzes h\u00f6chsten Niveaus,<\/strong> k\u00f6nnen wir heute best\u00e4tigen, da\u00df dies die gewinnende Wahl war!<\/p>\n<p>In unserem B\u00fcro sprechen wir 8 verschiedene Sprachen: wir wissen immer, wie wir Ihnen antworten k\u00f6nnen![\/vc_column_text][vc_row_inner content_placement=&#8220;middle&#8220;][vc_column_inner width=&#8220;1\/3&#8243; offset=&#8220;vc_col-xs-4&#8243;][vc_single_image image=&#8220;5423&#8243; img_size=&#8220;full&#8220;][\/vc_column_inner][vc_column_inner width=&#8220;2\/3&#8243; offset=&#8220;vc_col-xs-8&#8243;][vc_column_text]<strong class=\"heading-color\">Wally Cavezzan<\/strong><br \/>\n<em class=\"fs-15 accent-color\">CEO Jardiservice<\/em>[\/vc_column_text][\/vc_column_inner][\/vc_row_inner][\/vc_column][vc_column width=&#8220;1\/2&#8243;][vc_column_text]<\/p>\n<h5>Unsere F\u00e4higkeiten<\/h5>\n<p>[\/vc_column_text][vc_column_text]Unser Ziel ist , die<strong> richtigen<\/strong> <strong>Antworten auf die Fragen, die uns gestellt werden, zu finden<\/strong>.<\/p>\n<p>Der Weg, den wir hierf\u00fcr gew\u00e4hlt haben, besteht darin, all unsere Erfahrung, in allen Aspekten, einzubeziehen.[\/vc_column_text][gsf_space desktop=&#8220;55&#8243; tablet=&#8220;55&#8243; tablet_portrait=&#8220;55&#8243; mobile_landscape=&#8220;55&#8243; mobile=&#8220;45&#8243;][vc_progress_bar values=&#8220;%5B%7B%22label%22%3A%22Auswahl%20der%20Partnerlieferanten%22%2C%22value%22%3A%22100%22%7D%2C%7B%22label%22%3A%22Schnelle%20Reaktionszeiten%22%2C%22value%22%3A%2295%22%7D%2C%7B%22label%22%3A%22Kommerzielle%20Unterst%C3%BCtzung%22%2C%22value%22%3A%2290%22%7D%2C%7B%22label%22%3A%22Ideen%20in%20Bewegung%22%2C%22value%22%3A%2285%22%7D%2C%7B%22label%22%3A%22Aufmerksamkeit%20f%C3%BCr%20Umweltschutz%22%2C%22value%22%3A%22100%22%7D%5D&#8220; bgcolor=&#8220;custom&#8220; units=&#8220;%&#8220; custombgcolor=&#8220;#2c7e46&#8243;][\/vc_column][\/vc_row][vc_row][vc_column][vc_empty_space height=&#8220;20&#8243;][\/vc_column][\/vc_row][vc_row css=&#8220;.vc_custom_1539617430035{padding-top: 60px !important;padding-bottom: 20px !important;}&#8220;][vc_column width=&#8220;1\/2&#8243;][vc_single_image image=&#8220;5409&#8243; img_size=&#8220;full&#8220; alignment=&#8220;center&#8220;][\/vc_column][vc_column width=&#8220;1\/2&#8243;][vc_column_text]<\/p>\n<h5>Das richtige Produkt<\/h5>\n<p>[\/vc_column_text][vc_column_text]Unser Einsatz besteht darin, die <strong>spezifischen Kundenw\u00fcnsche und die Marktanspr\u00fcche in dem Produkt darzustellen und zu entwicklen<\/strong>, indem wir sehr enge Kontakte mit unseren Kunden pflegen und den Markttrend und dessen Neuheiten st\u00e4ndig im Auge behalten.<\/p>\n<p>Auf der anderen Seite erlaubt uns die <strong>Zusammenarbeit mit unseren Partnern<\/strong> pr\u00e4zise Inputs zu geben, die Produktion st\u00e4ndig unter Kontrolle zu halten und die zuk\u00fcnftigen Verkaufssaisons strategisch zu planen.[\/vc_column_text][\/vc_column][\/vc_row][vc_row css=&#8220;.vc_custom_1539617603429{padding-top: 55px !important;padding-bottom: 0px !important;background-color: #ede9e3 !important;}&#8220;][vc_column width=&#8220;1\/2&#8243;][vc_column_text]<\/p>\n<h5>Ein einziger Ansprechpartner<\/h5>\n<p>[\/vc_column_text][vc_column_text]Wir sind somit in der Lage, als <strong>einziger Ansprechpartner<\/strong> f\u00fcr die italienische Produktion , den Anspr\u00fcchen der Eink\u00e4ufer von Grossmarktketten, Franchisnehmern und unabh\u00e4ngigen Gartencenter nachzukommen, Pflanzen in<strong> Top-Qualit\u00e4t<\/strong> zu garantieren, \u00a0die <strong>komplett nach Kundenwunsch<\/strong>, mit <strong>minimalen Bestellmengen<\/strong>, <strong>schnellen und p\u00fcnktlichen Anlieferungen <\/strong>in ganz Europa geliefert werden![\/vc_column_text][\/vc_column][vc_column width=&#8220;1\/2&#8243;][vc_single_image image=&#8220;5185&#8243; img_size=&#8220;full&#8220; css=&#8220;.vc_custom_1539618100385{margin-bottom: 0px !important;padding-bottom: 0px !important;}&#8220;][\/vc_column][\/vc_row][vc_row css=&#8220;.vc_custom_1539617286302{margin-top: 20px !important;margin-bottom: 60px !important;padding-top: 40px !important;padding-bottom: 40px !important;}&#8220;][vc_column offset=&#8220;vc_col-lg-offset-2 vc_col-lg-8 vc_col-md-offset-1 vc_col-md-10&#8243;][vc_column_text]<\/p>\n<h5 style=\"text-align: center;\">Service<\/h5>\n<p>[\/vc_column_text][\/vc_column][vc_column][vc_row_inner][vc_column_inner width=&#8220;1\/5&#8243;][gsf_info_box layout_style=&#8220;style-02&#8243; title=&#8220;Komplettes Sortiment&#8220; use_theme_fonts=&#8220;&#8220; title_font_size=&#8220;20&#8243; icon_type=&#8220;image&#8220; image=&#8220;4932&#8243; ib_bg_color=&#8220;#ffffff&#8220; hover_bg_color=&#8220;#ffffff&#8220; ib_box_shadow=&#8220;on&#8220; hover_text_color=&#8220;#333333&#8243; link=&#8220;url:http%3A%2F%2Fwww.jardiservice.it%2Fservizio%2F|||&#8220; typography=&#8220;Playfair Display|400|400|normal&#8220;][\/gsf_info_box][\/vc_column_inner][vc_column_inner width=&#8220;1\/5&#8243;][gsf_info_box layout_style=&#8220;style-02&#8243; title=&#8220;Reduzierte Mindest- bestellmenge&#8220; use_theme_fonts=&#8220;&#8220; title_font_size=&#8220;20&#8243; icon_type=&#8220;image&#8220; image=&#8220;4928&#8243; ib_bg_color=&#8220;#ffffff&#8220; hover_bg_color=&#8220;#ffffff&#8220; ib_box_shadow=&#8220;on&#8220; hover_text_color=&#8220;#333333&#8243; link=&#8220;url:http%3A%2F%2Fwww.jardiservice.it%2Fservizio%2F|||&#8220; typography=&#8220;Playfair Display|400|400|normal&#8220;][\/gsf_info_box][\/vc_column_inner][vc_column_inner width=&#8220;1\/5&#8243;][gsf_info_box layout_style=&#8220;style-02&#8243; title=&#8220;Gemischte Lagen und Karren&#8220; use_theme_fonts=&#8220;&#8220; title_font_size=&#8220;20&#8243; icon_type=&#8220;image&#8220; image=&#8220;4924&#8243; ib_bg_color=&#8220;#ffffff&#8220; hover_bg_color=&#8220;#ffffff&#8220; ib_box_shadow=&#8220;on&#8220; hover_text_color=&#8220;#333333&#8243; link=&#8220;url:http%3A%2F%2Fwww.jardiservice.it%2Fservizio%2F|||&#8220; typography=&#8220;Playfair Display|400|400|normal&#8220;][\/gsf_info_box][\/vc_column_inner][vc_column_inner width=&#8220;1\/5&#8243;][gsf_info_box layout_style=&#8220;style-02&#8243; title=&#8220;Etikettierung&#8220; use_theme_fonts=&#8220;&#8220; title_font_size=&#8220;20&#8243; icon_type=&#8220;image&#8220; image=&#8220;4920&#8243; ib_bg_color=&#8220;#ffffff&#8220; hover_bg_color=&#8220;#ffffff&#8220; ib_box_shadow=&#8220;on&#8220; hover_text_color=&#8220;#333333&#8243; link=&#8220;url:http%3A%2F%2Fwww.jardiservice.it%2Fservizio%2F|||&#8220; typography=&#8220;Playfair Display|400|400|normal&#8220;][\/gsf_info_box][\/vc_column_inner][vc_column_inner width=&#8220;1\/5&#8243;][gsf_info_box layout_style=&#8220;style-02&#8243; title=&#8220;Lieferungen innerhalb 48\/72 Stunden&#8220; use_theme_fonts=&#8220;&#8220; title_font_size=&#8220;20&#8243; icon_type=&#8220;image&#8220; image=&#8220;4916&#8243; ib_bg_color=&#8220;#ffffff&#8220; hover_bg_color=&#8220;#ffffff&#8220; ib_box_shadow=&#8220;on&#8220; hover_text_color=&#8220;#333333&#8243; link=&#8220;url:http%3A%2F%2Fwww.jardiservice.it%2Fservizio%2F|||&#8220; typography=&#8220;Playfair Display|400|400|normal&#8220;][\/gsf_info_box][\/vc_column_inner][\/vc_row_inner][\/vc_column][\/vc_row][vc_row content_width=&#8220;full&#8220; css=&#8220;.vc_custom_1539264578695{margin-bottom: 0px !important;}&#8220;][vc_column css=&#8220;.vc_custom_1539264587713{margin-bottom: 0px !important;}&#8220;][vc_single_image image=&#8220;5040&#8243; img_size=&#8220;full&#8220; alignment=&#8220;center&#8220; css=&#8220;.vc_custom_1539264595779{margin-bottom: 0px !important;}&#8220;][\/vc_column][\/vc_row][vc_row bg_overlay_mode=&#8220;color&#8220; css=&#8220;.vc_custom_1540291513542{padding-top: 30px !important;padding-bottom: 30px !important;background-color: #2c7e46 !important;}&#8220;][vc_column width=&#8220;1\/6&#8243;][vc_empty_space height=&#8220;1&#8243;][\/vc_column][vc_column width=&#8220;2\/3&#8243;]<div role=\"form\" class=\"wpcf7\" id=\"wpcf7-f5447-o1\" lang=\"en-US\" dir=\"ltr\">\n<div class=\"screen-reader-response\"><p role=\"status\" aria-live=\"polite\" aria-atomic=\"true\"><\/p> <ul><\/ul><\/div>\n<form action=\"\/de\/wp-json\/wp\/v2\/pages\/5459#wpcf7-f5447-o1\" method=\"post\" class=\"wpcf7-form init\" novalidate=\"novalidate\" data-status=\"init\">\n<div style=\"display: none;\">\n<input type=\"hidden\" name=\"_wpcf7\" value=\"5447\" \/>\n<input type=\"hidden\" name=\"_wpcf7_version\" value=\"5.6.4\" \/>\n<input type=\"hidden\" name=\"_wpcf7_locale\" value=\"en_US\" \/>\n<input type=\"hidden\" name=\"_wpcf7_unit_tag\" value=\"wpcf7-f5447-o1\" \/>\n<input type=\"hidden\" name=\"_wpcf7_container_post\" value=\"0\" \/>\n<input type=\"hidden\" name=\"_wpcf7_posted_data_hash\" value=\"\" \/>\n<input type=\"hidden\" name=\"_wpcf7_recaptcha_response\" value=\"\" \/>\n<\/div>\n<h6 style=\"text-align: center; color: white;\">F\u00fcllen Sie das Formular aus<br><a href=\"tel:+390773840450\">+39 0773 840450<\/a><\/h6>\n<div align=\"center\">\n<div class=\"col-md-12 mg-bottom-10\"><span class=\"wpcf7-form-control-wrap\" data-name=\"text-11\"><input type=\"text\" name=\"text-11\" value=\"\" size=\"40\" class=\"wpcf7-form-control wpcf7-text wpcf7-validates-as-required\" aria-required=\"true\" aria-invalid=\"false\" placeholder=\"Firma, Vor- und Nachname*\" \/><\/span><\/div>\n<div class=\"col-md-12 mg-bottom-10\"><span class=\"wpcf7-form-control-wrap\" data-name=\"tel-23\"><input type=\"tel\" name=\"tel-23\" value=\"\" size=\"40\" class=\"wpcf7-form-control wpcf7-text wpcf7-tel wpcf7-validates-as-required wpcf7-validates-as-tel\" aria-required=\"true\" aria-invalid=\"false\" placeholder=\"Telefon*\" \/><\/span><\/div>\n<div class=\"col-md-12 mg-bottom-10\"><span class=\"wpcf7-form-control-wrap\" data-name=\"email-427\"><input type=\"email\" name=\"email-427\" value=\"\" size=\"40\" class=\"wpcf7-form-control wpcf7-text wpcf7-email wpcf7-validates-as-required wpcf7-validates-as-email\" aria-required=\"true\" aria-invalid=\"false\" placeholder=\"E-mail*\" \/><\/span><\/div>\n<div class=\"col-md-12 mg-bottom-10\"><span class=\"wpcf7-form-control-wrap\" data-name=\"textarea-607\"><textarea name=\"textarea-607\" cols=\"40\" rows=\"10\" class=\"wpcf7-form-control wpcf7-textarea wpcf7-validates-as-required\" aria-required=\"true\" aria-invalid=\"false\" placeholder=\"Nachricht*\"><\/textarea><\/span><\/div>\n<div class=\"col-md-12 mg-bottom-10\">\n\n<\/div>\n<div class=\"col-md-12 mg-bottom-10\"><span class=\"wpcf7-form-control-wrap\" data-name=\"acceptance-901\"><span class=\"wpcf7-form-control wpcf7-acceptance\"><span class=\"wpcf7-list-item\"><label><input type=\"checkbox\" name=\"acceptance-901\" value=\"1\" aria-invalid=\"false\" \/><span class=\"wpcf7-list-item-label\"><span style=\"color:#ffffff;\">Ich erkl\u00e4re, dass ich die <a style=\"color:#b8b8b8;\" href=\"https:\/\/www.jardiservice.it\/de\/privacy\/\">Datenschutzinformationen<\/a> gem\u00e4\u00df Art. 3 gelesen habe. 13 Europ\u00e4ische Verordnung 679\/2016 und Einwilligung in die Verarbeitung personenbezogener Daten zu den darin angegebenen Zwecken, die auf die ordnungsgem\u00e4\u00dfe Erf\u00fcllung vertraglicher Verpflichtungen abzielen.<\/span><\/span><\/label><\/span><\/span><\/span><\/div>\n<div class=\"col-md-12 mg-bottom-10\"><input type=\"submit\" value=\"ABSENDEN\" class=\"wpcf7-form-control has-spinner wpcf7-submit\" \/>\n<\/div>\n<\/div>\n<div class=\"wpcf7-response-output\" aria-hidden=\"true\"><\/div><\/form><\/div>[\/vc_column][vc_column width=&#8220;1\/6&#8243;][vc_empty_space height=&#8220;1&#8243;][\/vc_column][\/vc_row]<\/p>\n","protected":false},"excerpt":{"rendered":"<p>[vc_row][vc_column][gsf_space desktop=&#8220;210&#8243; tablet=&#8220;10&#8243; tablet_portrait=&#8220;10&#8243; mobile_landscape=&#8220;10&#8243; mobile=&#8220;10&#8243;][\/vc_column][\/vc_row][vc_row][vc_column][vc_single_image image=&#8220;5465&#8243; img_size=&#8220;full&#8220;][\/vc_column][\/vc_row][vc_row][vc_column][vc_empty_space height=&#8220;40&#8243;][\/vc_column][\/vc_row][vc_row css=&#8220;.vc_custom_1542028921693{padding-top: 20px !important;padding-bottom: 20px !important;background-color: #ede9e3 !important;}&#8220;][vc_column width=&#8220;1\/2&#8243;][vc_column_text] Jardiservice entsteht und lebt in Italien, spricht und denkt mit Europa! [\/vc_column_text][vc_column_text]Wir liegen strategisch in der Mitte von Italien, wo das Mikroklima eine wichtige Produktion von bl\u00fchenden und mediterraneen Pflanzen h\u00f6chster Qualit\u00e4t beg\u00fcnstigt. Vor mehr als zehn Jahren [&hellip;]<\/p>\n","protected":false},"author":2,"featured_media":0,"parent":0,"menu_order":0,"comment_status":"closed","ping_status":"closed","template":"","meta":{"_seopress_robots_primary_cat":"","_seopress_titles_title":"","_seopress_titles_desc":"","_seopress_robots_index":""},"_links":{"self":[{"href":"https:\/\/www.jardiservice.it\/de\/wp-json\/wp\/v2\/pages\/5459"}],"collection":[{"href":"https:\/\/www.jardiservice.it\/de\/wp-json\/wp\/v2\/pages"}],"about":[{"href":"https:\/\/www.jardiservice.it\/de\/wp-json\/wp\/v2\/types\/page"}],"author":[{"embeddable":true,"href":"https:\/\/www.jardiservice.it\/de\/wp-json\/wp\/v2\/users\/2"}],"replies":[{"embeddable":true,"href":"https:\/\/www.jardiservice.it\/de\/wp-json\/wp\/v2\/comments?post=5459"}],"version-history":[{"count":1,"href":"https:\/\/www.jardiservice.it\/de\/wp-json\/wp\/v2\/pages\/5459\/revisions"}],"predecessor-version":[{"id":7431,"href":"https:\/\/www.jardiservice.it\/de\/wp-json\/wp\/v2\/pages\/5459\/revisions\/7431"}],"wp:attachment":[{"href":"https:\/\/www.jardiservice.it\/de\/wp-json\/wp\/v2\/media?parent=5459"}],"curies":[{"name":"wp","href":"https:\/\/api.w.org\/{rel}","templated":true}]}}