{"id":5480,"date":"2018-11-15T14:55:42","date_gmt":"2018-11-15T13:55:42","guid":{"rendered":"https:\/\/www.jardiservice.it\/service\/"},"modified":"2019-10-21T16:28:02","modified_gmt":"2019-10-21T14:28:02","slug":"service","status":"publish","type":"page","link":"https:\/\/www.jardiservice.it\/de\/service\/","title":{"rendered":"Service"},"content":{"rendered":"<p>[vc_row][vc_column][gsf_space desktop=&#8220;180&#8243; tablet=&#8220;10&#8243; tablet_portrait=&#8220;10&#8243; mobile_landscape=&#8220;10&#8243; mobile=&#8220;10&#8243;][\/vc_column][\/vc_row][vc_row css=&#8220;.vc_custom_1539336396691{padding-top: 60px !important;padding-right: 20px !important;padding-bottom: 60px !important;padding-left: 20px !important;}&#8220;][vc_column width=&#8220;1\/3&#8243;][vc_single_image image=&#8220;5077&#8243; img_size=&#8220;full&#8220; alignment=&#8220;center&#8220; css_animation=&#8220;appear&#8220;][\/vc_column][vc_column width=&#8220;2\/3&#8243;][gsf_counter subtitle=&#8220;&#8220; end=&#8220;1&#8243; duration=&#8220;2,0&#8243; prefix=&#8220;0&#8243; icon_color=&#8220;#333333&#8243; title=&#8220;Top Qualit\u00e4t&#8220;][vc_empty_space height=&#8220;20&#8243;][vc_column_text]Auswahl und \u00dcberwachung der Pflanzenproduktion, sorgf\u00e4ltige Qualit\u00e4tskontrollen vom Anbau bis zur Auslieferung, enge Zusammenarbeit mit G\u00e4rtner-Partnern, Aufmerksamkeit auf Kundenanfragen und Markttrends, immer ein Auge auf Forschung und Entwicklung neuer Produkte, erm\u00f6glichen es uns, qualitativ hochwertige Produkte und ein st\u00e4ndig wechselndes Sortiment anzubieten.[\/vc_column_text][\/vc_column][\/vc_row][vc_row css=&#8220;.vc_custom_1539334785015{padding-top: 60px !important;padding-right: 20px !important;padding-bottom: 60px !important;padding-left: 20px !important;background-color: #ede9e3 !important;}&#8220;][vc_column width=&#8220;1\/3&#8243;][vc_single_image image=&#8220;5128&#8243; img_size=&#8220;full&#8220; alignment=&#8220;center&#8220; css_animation=&#8220;appear&#8220;][\/vc_column][vc_column width=&#8220;2\/3&#8243;][gsf_counter subtitle=&#8220;&#8220; end=&#8220;2&#8243; duration=&#8220;2,0&#8243; prefix=&#8220;0&#8243; icon_color=&#8220;#333333&#8243; title=&#8220;Wochenangebote&#8220;][vc_empty_space height=&#8220;20&#8243;][vc_column_text]Mehr als 1000 italienische Produkte nach Arten und Sorten klassifiziert. Ein einziges Format mit dem Sortiment aller zur Verf\u00fcgung stehenden Pflanzen, jede Woche verschickt und immer mit Bildern aktualisiert und mit technischen Daten zu jedem einzelnen Artikel.[\/vc_column_text][\/vc_column][\/vc_row][vc_row css=&#8220;.vc_custom_1539336396691{padding-top: 60px !important;padding-right: 20px !important;padding-bottom: 60px !important;padding-left: 20px !important;}&#8220;][vc_column width=&#8220;1\/3&#8243;][vc_single_image image=&#8220;5108&#8243; img_size=&#8220;full&#8220; alignment=&#8220;center&#8220; css_animation=&#8220;appear&#8220;][\/vc_column][vc_column width=&#8220;2\/3&#8243;][gsf_counter subtitle=&#8220;&#8220; end=&#8220;3&#8243; duration=&#8220;2,0&#8243; prefix=&#8220;0&#8243; icon_color=&#8220;#333333&#8243; title=&#8220;Produkt nach Kundenwunsch&#8220;][vc_empty_space height=&#8220;20&#8243;][vc_column_text]Das Ziel ist das Produkt, \u201ema\u00dfgeschneidert\u201c f\u00fcr den Kunden, was \u201esofort verkaufsbereit\u201c bedeutet. Wir fangen bei der Sortenidentifizierung an, spielen mit den Kombinationen von Farben, Formen und Gr\u00f6\u00dfen der Pflanzen und T\u00f6pfe, geben mit einem Bildetikett jeder Pflanze ihre Identit\u00e4t.[\/vc_column_text][\/vc_column][\/vc_row][vc_row css=&#8220;.vc_custom_1539334785015{padding-top: 60px !important;padding-right: 20px !important;padding-bottom: 60px !important;padding-left: 20px !important;background-color: #ede9e3 !important;}&#8220;][vc_column width=&#8220;1\/3&#8243;][vc_single_image image=&#8220;5119&#8243; img_size=&#8220;full&#8220; alignment=&#8220;center&#8220; css_animation=&#8220;appear&#8220;][\/vc_column][vc_column width=&#8220;2\/3&#8243;][gsf_counter subtitle=&#8220;&#8220; end=&#8220;4&#8243; duration=&#8220;2,0&#8243; prefix=&#8220;0&#8243; icon_color=&#8220;#333333&#8243; title=&#8220;Gemischte lagen und cc&#8220;][vc_empty_space height=&#8220;20&#8243;][vc_column_text]Dank der M\u00f6glichkeit, verschiedene Arten von Pflanzen auf der Lage oder auf dem CC zu mischen, kann unser Kunde sein eigenes Pflanzensortiment aus Italien mit einer Mindestbestellmenge von nur 4 CC zusammenstellen.[\/vc_column_text][\/vc_column][\/vc_row][vc_row css=&#8220;.vc_custom_1539336396691{padding-top: 60px !important;padding-right: 20px !important;padding-bottom: 60px !important;padding-left: 20px !important;}&#8220;][vc_column width=&#8220;1\/3&#8243;][vc_single_image image=&#8220;5415&#8243; img_size=&#8220;full&#8220; alignment=&#8220;center&#8220; css_animation=&#8220;appear&#8220;][\/vc_column][vc_column width=&#8220;2\/3&#8243;][gsf_counter subtitle=&#8220;&#8220; end=&#8220;5&#8243; duration=&#8220;2,0&#8243; prefix=&#8220;0&#8243; icon_color=&#8220;#333333&#8243; title=&#8220;Schnelle logistik&#8220;][vc_empty_space height=&#8220;20&#8243;][vc_column_text]Die Logistik ist in unserem Angebot integriert und erm\u00f6glicht uns, eine schnelle und p\u00fcnktliche Lieferung im gesamten europ\u00e4ischen Gebiet zu gew\u00e4hrleisten, mit einer Lieferzeit von 2-4 Tagen nach Bestelleingang. Die Pflanzen werden mit LKW\u2018s mit kontrollierter Termperatur, die die h\u00f6chsten Qualit\u00e4tsstandards respektieren, transportiert.[\/vc_column_text][\/vc_column][\/vc_row][vc_row content_width=&#8220;full&#8220; css=&#8220;.vc_custom_1539264578695{margin-bottom: 0px !important;}&#8220;][vc_column css=&#8220;.vc_custom_1539264587713{margin-bottom: 0px !important;}&#8220;][vc_single_image image=&#8220;5040&#8243; img_size=&#8220;full&#8220; alignment=&#8220;center&#8220; css=&#8220;.vc_custom_1539264595779{margin-bottom: 0px !important;}&#8220;][\/vc_column][\/vc_row][vc_row bg_overlay_mode=&#8220;color&#8220; css=&#8220;.vc_custom_1540291962291{padding-top: 30px !important;padding-bottom: 30px !important;background-color: #2c7e46 !important;}&#8220;][vc_column width=&#8220;1\/6&#8243;][vc_empty_space height=&#8220;1&#8243;][\/vc_column][vc_column width=&#8220;2\/3&#8243;]<div role=\"form\" class=\"wpcf7\" id=\"wpcf7-f5447-o1\" lang=\"en-US\" dir=\"ltr\">\n<div class=\"screen-reader-response\"><p role=\"status\" aria-live=\"polite\" aria-atomic=\"true\"><\/p> <ul><\/ul><\/div>\n<form action=\"\/de\/wp-json\/wp\/v2\/pages\/5480#wpcf7-f5447-o1\" method=\"post\" class=\"wpcf7-form init\" novalidate=\"novalidate\" data-status=\"init\">\n<div style=\"display: none;\">\n<input type=\"hidden\" name=\"_wpcf7\" value=\"5447\" \/>\n<input type=\"hidden\" name=\"_wpcf7_version\" value=\"5.6.4\" \/>\n<input type=\"hidden\" name=\"_wpcf7_locale\" value=\"en_US\" \/>\n<input type=\"hidden\" name=\"_wpcf7_unit_tag\" value=\"wpcf7-f5447-o1\" \/>\n<input type=\"hidden\" name=\"_wpcf7_container_post\" value=\"0\" \/>\n<input type=\"hidden\" name=\"_wpcf7_posted_data_hash\" value=\"\" \/>\n<input type=\"hidden\" name=\"_wpcf7_recaptcha_response\" value=\"\" \/>\n<\/div>\n<h6 style=\"text-align: center; color: white;\">F\u00fcllen Sie das Formular aus<br><a href=\"tel:+390773840450\">+39 0773 840450<\/a><\/h6>\n<div align=\"center\">\n<div class=\"col-md-12 mg-bottom-10\"><span class=\"wpcf7-form-control-wrap\" data-name=\"text-11\"><input type=\"text\" name=\"text-11\" value=\"\" size=\"40\" class=\"wpcf7-form-control wpcf7-text wpcf7-validates-as-required\" aria-required=\"true\" aria-invalid=\"false\" placeholder=\"Firma, Vor- und Nachname*\" \/><\/span><\/div>\n<div class=\"col-md-12 mg-bottom-10\"><span class=\"wpcf7-form-control-wrap\" data-name=\"tel-23\"><input type=\"tel\" name=\"tel-23\" value=\"\" size=\"40\" class=\"wpcf7-form-control wpcf7-text wpcf7-tel wpcf7-validates-as-required wpcf7-validates-as-tel\" aria-required=\"true\" aria-invalid=\"false\" placeholder=\"Telefon*\" \/><\/span><\/div>\n<div class=\"col-md-12 mg-bottom-10\"><span class=\"wpcf7-form-control-wrap\" data-name=\"email-427\"><input type=\"email\" name=\"email-427\" value=\"\" size=\"40\" class=\"wpcf7-form-control wpcf7-text wpcf7-email wpcf7-validates-as-required wpcf7-validates-as-email\" aria-required=\"true\" aria-invalid=\"false\" placeholder=\"E-mail*\" \/><\/span><\/div>\n<div class=\"col-md-12 mg-bottom-10\"><span class=\"wpcf7-form-control-wrap\" data-name=\"textarea-607\"><textarea name=\"textarea-607\" cols=\"40\" rows=\"10\" class=\"wpcf7-form-control wpcf7-textarea wpcf7-validates-as-required\" aria-required=\"true\" aria-invalid=\"false\" placeholder=\"Nachricht*\"><\/textarea><\/span><\/div>\n<div class=\"col-md-12 mg-bottom-10\">\n\n<\/div>\n<div class=\"col-md-12 mg-bottom-10\"><span class=\"wpcf7-form-control-wrap\" data-name=\"acceptance-901\"><span class=\"wpcf7-form-control wpcf7-acceptance\"><span class=\"wpcf7-list-item\"><label><input type=\"checkbox\" name=\"acceptance-901\" value=\"1\" aria-invalid=\"false\" \/><span class=\"wpcf7-list-item-label\"><span style=\"color:#ffffff;\">Ich erkl\u00e4re, dass ich die <a style=\"color:#b8b8b8;\" href=\"https:\/\/www.jardiservice.it\/de\/privacy\/\">Datenschutzinformationen<\/a> gem\u00e4\u00df Art. 3 gelesen habe. 13 Europ\u00e4ische Verordnung 679\/2016 und Einwilligung in die Verarbeitung personenbezogener Daten zu den darin angegebenen Zwecken, die auf die ordnungsgem\u00e4\u00dfe Erf\u00fcllung vertraglicher Verpflichtungen abzielen.<\/span><\/span><\/label><\/span><\/span><\/span><\/div>\n<div class=\"col-md-12 mg-bottom-10\"><input type=\"submit\" value=\"ABSENDEN\" class=\"wpcf7-form-control has-spinner wpcf7-submit\" \/>\n<\/div>\n<\/div>\n<div class=\"wpcf7-response-output\" aria-hidden=\"true\"><\/div><\/form><\/div>[\/vc_column][vc_column width=&#8220;1\/6&#8243;][vc_empty_space height=&#8220;1&#8243;][\/vc_column][\/vc_row]<\/p>\n","protected":false},"excerpt":{"rendered":"<p>[vc_row][vc_column][gsf_space desktop=&#8220;180&#8243; tablet=&#8220;10&#8243; tablet_portrait=&#8220;10&#8243; mobile_landscape=&#8220;10&#8243; mobile=&#8220;10&#8243;][\/vc_column][\/vc_row][vc_row css=&#8220;.vc_custom_1539336396691{padding-top: 60px !important;padding-right: 20px !important;padding-bottom: 60px !important;padding-left: 20px !important;}&#8220;][vc_column width=&#8220;1\/3&#8243;][vc_single_image image=&#8220;5077&#8243; img_size=&#8220;full&#8220; alignment=&#8220;center&#8220; css_animation=&#8220;appear&#8220;][\/vc_column][vc_column width=&#8220;2\/3&#8243;][gsf_counter subtitle=&#8220;&#8220; end=&#8220;1&#8243; duration=&#8220;2,0&#8243; prefix=&#8220;0&#8243; icon_color=&#8220;#333333&#8243; title=&#8220;Top Qualit\u00e4t&#8220;][vc_empty_space height=&#8220;20&#8243;][vc_column_text]Auswahl und \u00dcberwachung der Pflanzenproduktion, sorgf\u00e4ltige Qualit\u00e4tskontrollen vom Anbau bis zur Auslieferung, enge Zusammenarbeit mit G\u00e4rtner-Partnern, Aufmerksamkeit auf Kundenanfragen und Markttrends, immer ein Auge auf Forschung und [&hellip;]<\/p>\n","protected":false},"author":2,"featured_media":0,"parent":0,"menu_order":0,"comment_status":"closed","ping_status":"closed","template":"","meta":{"_seopress_robots_primary_cat":"","_seopress_titles_title":"","_seopress_titles_desc":"","_seopress_robots_index":""},"_links":{"self":[{"href":"https:\/\/www.jardiservice.it\/de\/wp-json\/wp\/v2\/pages\/5480"}],"collection":[{"href":"https:\/\/www.jardiservice.it\/de\/wp-json\/wp\/v2\/pages"}],"about":[{"href":"https:\/\/www.jardiservice.it\/de\/wp-json\/wp\/v2\/types\/page"}],"author":[{"embeddable":true,"href":"https:\/\/www.jardiservice.it\/de\/wp-json\/wp\/v2\/users\/2"}],"replies":[{"embeddable":true,"href":"https:\/\/www.jardiservice.it\/de\/wp-json\/wp\/v2\/comments?post=5480"}],"version-history":[{"count":1,"href":"https:\/\/www.jardiservice.it\/de\/wp-json\/wp\/v2\/pages\/5480\/revisions"}],"predecessor-version":[{"id":7430,"href":"https:\/\/www.jardiservice.it\/de\/wp-json\/wp\/v2\/pages\/5480\/revisions\/7430"}],"wp:attachment":[{"href":"https:\/\/www.jardiservice.it\/de\/wp-json\/wp\/v2\/media?parent=5480"}],"curies":[{"name":"wp","href":"https:\/\/api.w.org\/{rel}","templated":true}]}}