{"id":5498,"date":"2018-11-15T16:08:04","date_gmt":"2018-11-15T15:08:04","guid":{"rendered":"https:\/\/www.jardiservice.it\/kontakte\/"},"modified":"2026-01-26T11:23:58","modified_gmt":"2026-01-26T10:23:58","slug":"kontakte","status":"publish","type":"page","link":"https:\/\/www.jardiservice.it\/de\/kontakte\/","title":{"rendered":"Kontakte"},"content":{"rendered":"<p>[vc_row container_width=&#8220;limit&#8220; css=&#8220;.vc_custom_1545217400891{margin-top: 20px !important;margin-bottom: 0px !important;padding-top: 20px !important;padding-bottom: 0px !important;}&#8220;][vc_column][gsf_space desktop=&#8220;170&#8243; tablet=&#8220;50&#8243; tablet_portrait=&#8220;50&#8243; mobile_landscape=&#8220;50&#8243; mobile=&#8220;50&#8243;][vc_column_text]<\/p>\n<style>.embed-container { position: relative; padding-bottom: 35%; height: 0; overflow: hidden; max-width: 100%; } .embed-container iframe, .embed-container object, .embed-container embed { position: absolute; top: 0; left: 0; width: 100%; height: 100%; }<\/style>\n<div class=\"embed-container\"><iframe loading=\"lazy\" style=\"border: 0;\" src=\"https:\/\/www.google.com\/maps\/embed?pb=!1m18!1m12!1m3!1d993217.3739152352!2d12.590362469333023!3d41.49302987994626!2m3!1f0!2f0!3f0!3m2!1i1024!2i768!4f13.1!3m3!1m2!1s0x1325123c23416fd3%3A0x1912a979c6ef9b4b!2sJardi+Service+SRL!5e0!3m2!1sit!2sit!4v1538399003324\" width=\"600\" height=\"300\" frameborder=\"0\" allowfullscreen=\"allowfullscreen\"><\/iframe><\/div>\n<p>[\/vc_column_text][\/vc_column][\/vc_row][vc_row css=&#8220;.vc_custom_1545217420410{border-bottom-width: 1px !important;padding-top: 60px !important;padding-bottom: 60px !important;border-bottom-color: #eaeaea !important;border-bottom-style: solid !important;}&#8220;][vc_column][vc_row_inner][vc_column_inner width=&#8220;1\/3&#8243;][gsf_info_box layout_style=&#8220;style-03&#8243; title=&#8220;Telefon&#8220; title_font_size=&#8220;20&#8243; icon_font=&#8220;flaticon-telephone-handle-silhouette&#8220; icon_hover_color=&#8220;#6ea820&#8243; ib_bg_color=&#8220;#ffffff&#8220; icon_size=&#8220;ib-medium&#8220; hover_bg_color=&#8220;#ffffff&#8220; hover_text_color=&#8220;#333333&#8243;]<strong class=\"fs-15\">Telefon:<\/strong><strong><span class=\"fs-15\"> <a href=\"tel:+390773840450\">+39 0773 84 04 50<\/a><\/span><\/strong><br \/>\n<strong class=\"fs-15\">Fax:<\/strong> <strong><span class=\"fs-15\">+39 0773 86 94 78<\/span><\/strong>[\/gsf_info_box][\/vc_column_inner][vc_column_inner width=&#8220;1\/3&#8243;][gsf_info_box layout_style=&#8220;style-03&#8243; title=&#8220;Adresse&#8220; title_font_size=&#8220;20&#8243; icon_font=&#8220;flaticon-placeholder&#8220; icon_hover_color=&#8220;#6ea820&#8243; ib_bg_color=&#8220;#ffffff&#8220; icon_size=&#8220;ib-medium&#8220; hover_bg_color=&#8220;#ffffff&#8220; hover_text_color=&#8220;#333333&#8243;]<strong class=\"fs-15\">Via Migliara 45 \u00bd dx, 1250-1274<\/strong><br \/>\n<strong class=\"fs-15\">04014 Pontinia (LT) \u2013 Italia<\/strong>[\/gsf_info_box][\/vc_column_inner][vc_column_inner width=&#8220;1\/3&#8243;][gsf_info_box layout_style=&#8220;style-03&#8243; title=&#8220;Email&#8220; title_font_size=&#8220;20&#8243; icon_font=&#8220;flaticon-note&#8220; icon_hover_color=&#8220;#6ea820&#8243; ib_bg_color=&#8220;#ffffff&#8220; icon_size=&#8220;ib-medium&#8220; hover_bg_color=&#8220;#ffffff&#8220; hover_text_color=&#8220;#333333&#8243;]<a href=\"mailto:info@jardiservice.it\"><strong class=\"fs-15\"><strong>info@jardiservice.it<\/strong><\/strong><\/a>[\/gsf_info_box][\/vc_column_inner][\/vc_row_inner][\/vc_column][\/vc_row][vc_row][vc_column][gsf_space desktop=&#8220;102&#8243; tablet=&#8220;80&#8243; tablet_portrait=&#8220;70&#8243; mobile_landscape=&#8220;60&#8243; mobile=&#8220;50&#8243;][vc_row_inner][vc_column_inner width=&#8220;1\/4&#8243;][vc_single_image image=&#8220;7844&#8243; img_size=&#8220;230&#215;219&#8243; alignment=&#8220;center&#8220; el_class=&#8220;&#8220; css=&#8220;.vc_custom_1769422930634{margin-bottom: 1px !important;padding-bottom: 1px !important;}&#8220;][vc_column_text css=&#8220;.vc_custom_1546860125975{margin-top: 1px !important;margin-bottom: 1px !important;}&#8220;]<\/p>\n<h6 style=\"text-align: center;\">Wally Cavezzan<\/h6>\n<p>[\/vc_column_text][vc_column_text css=&#8220;.vc_custom_1546874295966{margin-top: 7px !important;margin-bottom: 1px !important;}&#8220;]<\/p>\n<p style=\"text-align: center;\"><strong>Gesch\u00e4ftsf\u00fchrer und Verkauf<\/strong><br \/>\n(franz\u00f6sisch, deutsch)<\/p>\n<p>[\/vc_column_text][vc_column_text css=&#8220;.vc_custom_1546860209768{margin-top: 1px !important;margin-bottom: 1px !important;}&#8220;]<\/p>\n<p style=\"text-align: center;\">+39 0773 840450<br \/>\n+39 340 6552859<br \/>\n<a href=\"mailto:wally@jardiservice.it\">wally@jardiservice.it<\/a><\/p>\n<p>[\/vc_column_text][vc_empty_space height=&#8220;35&#8243;][\/vc_column_inner][vc_column_inner width=&#8220;1\/4&#8243;][vc_single_image image=&#8220;7848&#8243; img_size=&#8220;230&#215;219&#8243; alignment=&#8220;center&#8220; el_class=&#8220;&#8220; css=&#8220;.vc_custom_1769422981259{margin-bottom: 1px !important;padding-bottom: 1px !important;}&#8220;][vc_column_text el_class=&#8220;&#8220; css=&#8220;.vc_custom_1769422953170{margin-top: 1px !important;margin-bottom: 1px !important;}&#8220;]<\/p>\n<h6 style=\"text-align: center;\">Alessia Tomasello<\/h6>\n<p>[\/vc_column_text][vc_column_text css=&#8220;.vc_custom_1583749085672{margin-top: 7px !important;margin-bottom: 1px !important;}&#8220;]<\/p>\n<p style=\"text-align: center;\"><strong>Verkauf<\/strong><br \/>\n(franz\u00f6sisch, deutsch, englisch)<\/p>\n<p>[\/vc_column_text][vc_column_text el_class=&#8220;&#8220; css=&#8220;.vc_custom_1769422969694{margin-top: 1px !important;margin-bottom: 1px !important;}&#8220;]<\/p>\n<p style=\"text-align: center;\">+39 0773 840450<br \/>\n+39 342 3224652<br \/>\n<a href=\"mailto:alessia@jardiservice.it\">alessia@jardiservice.it<\/a><\/p>\n<p>[\/vc_column_text][vc_empty_space height=&#8220;35&#8243;][\/vc_column_inner][vc_column_inner width=&#8220;1\/4&#8243;][vc_single_image image=&#8220;7852&#8243; img_size=&#8220;230&#215;219&#8243; alignment=&#8220;center&#8220; el_class=&#8220;&#8220; css=&#8220;.vc_custom_1769423007159{margin-bottom: 1px !important;padding-bottom: 1px !important;}&#8220;][vc_column_text css=&#8220;.vc_custom_1546860630494{margin-top: 1px !important;margin-bottom: 1px !important;}&#8220;]<\/p>\n<h6 style=\"text-align: center;\">Denis Nadal<\/h6>\n<p>[\/vc_column_text][vc_column_text css=&#8220;.vc_custom_1546874364862{margin-top: 7px !important;margin-bottom: 1px !important;}&#8220;]<\/p>\n<p style=\"text-align: center;\"><strong>Verkaufs- und Einkaufsmanagement<\/strong><\/p>\n<p>[\/vc_column_text][vc_column_text css=&#8220;.vc_custom_1546860694439{margin-top: 1px !important;margin-bottom: 1px !important;}&#8220;]<\/p>\n<p style=\"text-align: center;\">+39 0773 840450<br \/>\n+39 340 6552676<br \/>\n<a href=\"mailto:denis@jardiservice.it\">denis@jardiservice.it<\/a><\/p>\n<p>[\/vc_column_text][vc_empty_space height=&#8220;35&#8243;][\/vc_column_inner][vc_column_inner width=&#8220;1\/4&#8243;][vc_single_image image=&#8220;7856&#8243; img_size=&#8220;230&#215;219&#8243; alignment=&#8220;center&#8220; el_class=&#8220;&#8220; css=&#8220;.vc_custom_1769423026858{margin-bottom: 1px !important;padding-bottom: 1px !important;}&#8220;][vc_column_text css=&#8220;.vc_custom_1546860876188{margin-top: 1px !important;margin-bottom: 1px !important;}&#8220;]<\/p>\n<h6 style=\"text-align: center;\">Daniela Sodini<\/h6>\n<p>[\/vc_column_text][vc_column_text css=&#8220;.vc_custom_1546874389693{margin-top: 7px !important;margin-bottom: 1px !important;}&#8220;]<\/p>\n<p style=\"text-align: center;\"><strong>Buchhaltung und Finanz<\/strong><\/p>\n<p>[\/vc_column_text][vc_column_text css=&#8220;.vc_custom_1669826352654{margin-top: 1px !important;margin-bottom: 1px !important;}&#8220;]<\/p>\n<p style=\"text-align: center;\">+39 0773 840450<br \/>\n<a href=\"mailto:daniela@jardiservice.it\">daniela@jardiservice.it<\/a><\/p>\n<p>[\/vc_column_text][vc_empty_space height=&#8220;35&#8243;][\/vc_column_inner][\/vc_row_inner][vc_row_inner][vc_column_inner width=&#8220;1\/4&#8243;][vc_single_image image=&#8220;7861&#8243; img_size=&#8220;230&#215;219&#8243; alignment=&#8220;center&#8220; el_class=&#8220;&#8220; css=&#8220;.vc_custom_1769422916740{margin-bottom: 1px !important;padding-bottom: 1px !important;}&#8220;][vc_column_text el_class=&#8220;&#8220; css=&#8220;.vc_custom_1769422904971{margin-top: 1px !important;margin-bottom: 1px !important;}&#8220;]<\/p>\n<h6 style=\"text-align: center;\">Tiziana Marcoccio<\/h6>\n<p>[\/vc_column_text][vc_column_text el_class=&#8220;&#8220; css=&#8220;.vc_custom_1769422856546{margin-top: 7px !important;margin-bottom: 1px !important;}&#8220;]<\/p>\n<p style=\"text-align: center;\"><strong>Verkauf<\/strong><br \/>\n(deutsch)<\/p>\n<p>[\/vc_column_text][vc_column_text el_class=&#8220;&#8220; css=&#8220;.vc_custom_1769422881630{margin-top: 1px !important;margin-bottom: 1px !important;}&#8220;]<\/p>\n<p style=\"text-align: center;\">+39 0773 840450<br \/>\n+39 370 3039172<br \/>\n<a href=\"mailto:jardiservice@jardiservice.it\">jardiservice@jardiservice.it<\/a><\/p>\n<p>[\/vc_column_text][vc_empty_space height=&#8220;35&#8243;][\/vc_column_inner][vc_column_inner width=&#8220;1\/4&#8243;][vc_single_image image=&#8220;7865&#8243; img_size=&#8220;230&#215;219&#8243; alignment=&#8220;center&#8220; el_class=&#8220;&#8220; css=&#8220;.vc_custom_1769422994651{margin-bottom: 1px !important;padding-bottom: 1px !important;}&#8220;][vc_column_text css=&#8220;.vc_custom_1546860904819{margin-top: 1px !important;margin-bottom: 1px !important;}&#8220;]<\/p>\n<h6 style=\"text-align: center;\">Alessandra Lauretti<\/h6>\n<p>[\/vc_column_text][vc_column_text css=&#8220;.vc_custom_1546874421036{margin-top: 7px !important;margin-bottom: 1px !important;}&#8220;]<\/p>\n<p style=\"text-align: center;\"><strong>Auftragsbearbeitung und Rechnungswesen<\/strong><\/p>\n<p>[\/vc_column_text][vc_column_text css=&#8220;.vc_custom_1546861051236{margin-top: 1px !important;margin-bottom: 1px !important;}&#8220;]<\/p>\n<p style=\"text-align: center;\">+39 0773 840450<br \/>\n+39 340 6552688<br \/>\n<a href=\"mailto:alessandra@jardiservice.it\">alessandra@jardiservice.it<\/a><\/p>\n<p>[\/vc_column_text][vc_empty_space height=&#8220;35&#8243;][\/vc_column_inner][vc_column_inner width=&#8220;1\/4&#8243;][vc_single_image image=&#8220;7869&#8243; img_size=&#8220;230&#215;219&#8243; alignment=&#8220;center&#8220; el_class=&#8220;&#8220; css=&#8220;.vc_custom_1769423016228{margin-bottom: 1px !important;padding-bottom: 1px !important;}&#8220;][vc_column_text css=&#8220;.vc_custom_1669822779569{margin-top: 1px !important;margin-bottom: 1px !important;}&#8220;]<\/p>\n<h6 style=\"text-align: center;\">Aurora Stinchetti<\/h6>\n<p>[\/vc_column_text][vc_column_text css=&#8220;.vc_custom_1669822831677{margin-top: 7px !important;margin-bottom: 1px !important;}&#8220;]<\/p>\n<p style=\"text-align: center;\"><strong>Buchhaltung<\/strong><\/p>\n<p>[\/vc_column_text][vc_column_text css=&#8220;.vc_custom_1669826361993{margin-top: 1px !important;margin-bottom: 1px !important;}&#8220;]<\/p>\n<p style=\"text-align: center;\">+39 0773 840450<br \/>\n<a href=\"mailto:aurora@jardiservice.it\">aurora@jardiservice.it<\/a><\/p>\n<p>[\/vc_column_text][vc_empty_space height=&#8220;35&#8243;][\/vc_column_inner][vc_column_inner width=&#8220;1\/4&#8243;][vc_single_image image=&#8220;7873&#8243; img_size=&#8220;230&#215;219&#8243; alignment=&#8220;center&#8220; el_class=&#8220;&#8220; css=&#8220;.vc_custom_1769423036217{margin-bottom: 1px !important;padding-bottom: 1px !important;}&#8220;][vc_column_text css=&#8220;.vc_custom_1676971866042{margin-top: 1px !important;margin-bottom: 1px !important;}&#8220;]<\/p>\n<h6 style=\"text-align: center;\">Flaminia Baruchello<\/h6>\n<p>[\/vc_column_text][vc_column_text css=&#8220;.vc_custom_1740126010096{margin-top: 7px !important;margin-bottom: 1px !important;}&#8220;]<\/p>\n<p style=\"text-align: center;\"><strong>Auftragsbearbeitung und Rechnungswesen<\/strong><\/p>\n<p>[\/vc_column_text][vc_column_text css=&#8220;.vc_custom_1676971851879{margin-top: 1px !important;margin-bottom: 1px !important;}&#8220;]<\/p>\n<p style=\"text-align: center;\">+39 0773 840450<br \/>\n+39 388 7515549<br \/>\n<a href=\"mailto:jardiservice@jardiservice.it\">jardiservice@jardiservice.it<\/a><\/p>\n<p>[\/vc_column_text][vc_empty_space height=&#8220;35&#8243;][\/vc_column_inner][\/vc_row_inner][gsf_space desktop=&#8220;102&#8243; tablet=&#8220;80&#8243; tablet_portrait=&#8220;70&#8243; mobile_landscape=&#8220;60&#8243; mobile=&#8220;50&#8243;][\/vc_column][\/vc_row][vc_row content_width=&#8220;full&#8220; content_placement=&#8220;bottom&#8220; css=&#8220;.vc_custom_1544617948869{margin-bottom: 0px !important;}&#8220; responsive=&#8220;vc_hidden-md vc_hidden-sm vc_hidden-xs&#8220;][vc_column][vc_single_image image=&#8220;5040&#8243; img_size=&#8220;full&#8220; css=&#8220;.vc_custom_1544617935541{margin-bottom: 0px !important;}&#8220;][\/vc_column][\/vc_row][vc_row css=&#8220;.vc_custom_1540292152866{margin-bottom: 0px !important;padding-top: 20px !important;padding-bottom: 30px !important;background-color: #2c7e46 !important;}&#8220;][vc_column el_class=&#8220;gsf-contact-form&#8220; width=&#8220;1\/6&#8243;][vc_empty_space height=&#8220;1&#8243;][\/vc_column][vc_column width=&#8220;2\/3&#8243;]<div role=\"form\" class=\"wpcf7\" id=\"wpcf7-f5447-o1\" lang=\"en-US\" dir=\"ltr\">\n<div class=\"screen-reader-response\"><p role=\"status\" aria-live=\"polite\" aria-atomic=\"true\"><\/p> <ul><\/ul><\/div>\n<form action=\"\/de\/wp-json\/wp\/v2\/pages\/5498#wpcf7-f5447-o1\" method=\"post\" class=\"wpcf7-form init\" novalidate=\"novalidate\" data-status=\"init\">\n<div style=\"display: none;\">\n<input type=\"hidden\" name=\"_wpcf7\" value=\"5447\" \/>\n<input type=\"hidden\" name=\"_wpcf7_version\" value=\"5.6.4\" \/>\n<input type=\"hidden\" name=\"_wpcf7_locale\" value=\"en_US\" \/>\n<input type=\"hidden\" name=\"_wpcf7_unit_tag\" value=\"wpcf7-f5447-o1\" \/>\n<input type=\"hidden\" name=\"_wpcf7_container_post\" value=\"0\" \/>\n<input type=\"hidden\" name=\"_wpcf7_posted_data_hash\" value=\"\" \/>\n<input type=\"hidden\" name=\"_wpcf7_recaptcha_response\" value=\"\" \/>\n<\/div>\n<h6 style=\"text-align: center; color: white;\">F\u00fcllen Sie das Formular aus<br><a href=\"tel:+390773840450\">+39 0773 840450<\/a><\/h6>\n<div align=\"center\">\n<div class=\"col-md-12 mg-bottom-10\"><span class=\"wpcf7-form-control-wrap\" data-name=\"text-11\"><input type=\"text\" name=\"text-11\" value=\"\" size=\"40\" class=\"wpcf7-form-control wpcf7-text wpcf7-validates-as-required\" aria-required=\"true\" aria-invalid=\"false\" placeholder=\"Firma, Vor- und Nachname*\" \/><\/span><\/div>\n<div class=\"col-md-12 mg-bottom-10\"><span class=\"wpcf7-form-control-wrap\" data-name=\"tel-23\"><input type=\"tel\" name=\"tel-23\" value=\"\" size=\"40\" class=\"wpcf7-form-control wpcf7-text wpcf7-tel wpcf7-validates-as-required wpcf7-validates-as-tel\" aria-required=\"true\" aria-invalid=\"false\" placeholder=\"Telefon*\" \/><\/span><\/div>\n<div class=\"col-md-12 mg-bottom-10\"><span class=\"wpcf7-form-control-wrap\" data-name=\"email-427\"><input type=\"email\" name=\"email-427\" value=\"\" size=\"40\" class=\"wpcf7-form-control wpcf7-text wpcf7-email wpcf7-validates-as-required wpcf7-validates-as-email\" aria-required=\"true\" aria-invalid=\"false\" placeholder=\"E-mail*\" \/><\/span><\/div>\n<div class=\"col-md-12 mg-bottom-10\"><span class=\"wpcf7-form-control-wrap\" data-name=\"textarea-607\"><textarea name=\"textarea-607\" cols=\"40\" rows=\"10\" class=\"wpcf7-form-control wpcf7-textarea wpcf7-validates-as-required\" aria-required=\"true\" aria-invalid=\"false\" placeholder=\"Nachricht*\"><\/textarea><\/span><\/div>\n<div class=\"col-md-12 mg-bottom-10\">\n\n<\/div>\n<div class=\"col-md-12 mg-bottom-10\"><span class=\"wpcf7-form-control-wrap\" data-name=\"acceptance-901\"><span class=\"wpcf7-form-control wpcf7-acceptance\"><span class=\"wpcf7-list-item\"><label><input type=\"checkbox\" name=\"acceptance-901\" value=\"1\" aria-invalid=\"false\" \/><span class=\"wpcf7-list-item-label\"><span style=\"color:#ffffff;\">Ich erkl\u00e4re, dass ich die <a style=\"color:#b8b8b8;\" href=\"https:\/\/www.jardiservice.it\/de\/privacy\/\">Datenschutzinformationen<\/a> gem\u00e4\u00df Art. 3 gelesen habe. 13 Europ\u00e4ische Verordnung 679\/2016 und Einwilligung in die Verarbeitung personenbezogener Daten zu den darin angegebenen Zwecken, die auf die ordnungsgem\u00e4\u00dfe Erf\u00fcllung vertraglicher Verpflichtungen abzielen.<\/span><\/span><\/label><\/span><\/span><\/span><\/div>\n<div class=\"col-md-12 mg-bottom-10\"><input type=\"submit\" value=\"ABSENDEN\" class=\"wpcf7-form-control has-spinner wpcf7-submit\" \/>\n<\/div>\n<\/div>\n<div class=\"wpcf7-response-output\" aria-hidden=\"true\"><\/div><\/form><\/div>[\/vc_column][vc_column width=&#8220;1\/6&#8243;][vc_empty_space height=&#8220;1&#8243;][\/vc_column][\/vc_row]<\/p>\n","protected":false},"excerpt":{"rendered":"<p>[vc_row container_width=&#8220;limit&#8220; css=&#8220;.vc_custom_1545217400891{margin-top: 20px !important;margin-bottom: 0px !important;padding-top: 20px !important;padding-bottom: 0px !important;}&#8220;][vc_column][gsf_space desktop=&#8220;170&#8243; tablet=&#8220;50&#8243; tablet_portrait=&#8220;50&#8243; mobile_landscape=&#8220;50&#8243; mobile=&#8220;50&#8243;][vc_column_text] [\/vc_column_text][\/vc_column][\/vc_row][vc_row css=&#8220;.vc_custom_1545217420410{border-bottom-width: 1px !important;padding-top: 60px !important;padding-bottom: 60px !important;border-bottom-color: #eaeaea !important;border-bottom-style: solid !important;}&#8220;][vc_column][vc_row_inner][vc_column_inner width=&#8220;1\/3&#8243;][gsf_info_box layout_style=&#8220;style-03&#8243; title=&#8220;Telefon&#8220; title_font_size=&#8220;20&#8243; icon_font=&#8220;flaticon-telephone-handle-silhouette&#8220; icon_hover_color=&#8220;#6ea820&#8243; ib_bg_color=&#8220;#ffffff&#8220; icon_size=&#8220;ib-medium&#8220; hover_bg_color=&#8220;#ffffff&#8220; hover_text_color=&#8220;#333333&#8243;]Telefon: +39 0773 84 04 50 Fax: +39 0773 86 94 78[\/gsf_info_box][\/vc_column_inner][vc_column_inner width=&#8220;1\/3&#8243;][gsf_info_box layout_style=&#8220;style-03&#8243; title=&#8220;Adresse&#8220; title_font_size=&#8220;20&#8243; icon_font=&#8220;flaticon-placeholder&#8220; icon_hover_color=&#8220;#6ea820&#8243; [&hellip;]<\/p>\n","protected":false},"author":2,"featured_media":0,"parent":0,"menu_order":0,"comment_status":"closed","ping_status":"closed","template":"","meta":{"_seopress_robots_primary_cat":"","_seopress_titles_title":"","_seopress_titles_desc":"","_seopress_robots_index":""},"_links":{"self":[{"href":"https:\/\/www.jardiservice.it\/de\/wp-json\/wp\/v2\/pages\/5498"}],"collection":[{"href":"https:\/\/www.jardiservice.it\/de\/wp-json\/wp\/v2\/pages"}],"about":[{"href":"https:\/\/www.jardiservice.it\/de\/wp-json\/wp\/v2\/types\/page"}],"author":[{"embeddable":true,"href":"https:\/\/www.jardiservice.it\/de\/wp-json\/wp\/v2\/users\/2"}],"replies":[{"embeddable":true,"href":"https:\/\/www.jardiservice.it\/de\/wp-json\/wp\/v2\/comments?post=5498"}],"version-history":[{"count":12,"href":"https:\/\/www.jardiservice.it\/de\/wp-json\/wp\/v2\/pages\/5498\/revisions"}],"predecessor-version":[{"id":7876,"href":"https:\/\/www.jardiservice.it\/de\/wp-json\/wp\/v2\/pages\/5498\/revisions\/7876"}],"wp:attachment":[{"href":"https:\/\/www.jardiservice.it\/de\/wp-json\/wp\/v2\/media?parent=5498"}],"curies":[{"name":"wp","href":"https:\/\/api.w.org\/{rel}","templated":true}]}}