{"id":5523,"date":"2018-11-15T17:09:41","date_gmt":"2018-11-15T16:09:41","guid":{"rendered":"https:\/\/www.jardiservice.it\/home\/"},"modified":"2019-10-21T16:27:19","modified_gmt":"2019-10-21T14:27:19","slug":"home","status":"publish","type":"page","link":"https:\/\/www.jardiservice.it\/de\/","title":{"rendered":"Home"},"content":{"rendered":"<p>[vc_row][vc_column]\n\t\t\t<!-- START Home Jardiservice REVOLUTION SLIDER 6.6.13 --><p class=\"rs-p-wp-fix\"><\/p>\n\t\t\t<rs-module-wrap id=\"rev_slider_15_1_wrapper\" data-source=\"gallery\" style=\"visibility:hidden;background:transparent;padding:0;margin:0px auto;margin-top:0;margin-bottom:0;\">\n\t\t\t\t<rs-module id=\"rev_slider_15_1\" style=\"\" data-version=\"6.6.13\">\n\t\t\t\t\t<rs-slides style=\"overflow: hidden; position: absolute;\">\n\t\t\t\t\t\t<rs-slide style=\"position: absolute;\" data-key=\"rs-29\" data-title=\"Slide\" data-anim=\"adpr:false;\">\n\t\t\t\t\t\t\t<img src=\"\/\/www.jardiservice.it\/wp-content\/plugins\/revslider\/public\/assets\/assets\/dummy.png\" alt=\"\" title=\"Home\" class=\"rev-slidebg tp-rs-img rs-lazyload\" data-lazyload=\"\/\/www.jardiservice.it\/wp-content\/uploads\/2018\/10\/jardiservice-slider-01-1.jpg\" data-parallax=\"4\" data-panzoom=\"d:10000;ss:100;se:110;\" data-no-retina>\n<!---->\t\t\t\t\t\t<\/rs-slide>\n\t\t\t\t\t\t<rs-slide style=\"position: absolute;\" data-key=\"rs-30\" data-title=\"Slide\" data-anim=\"adpr:false;\">\n\t\t\t\t\t\t\t<img src=\"\/\/www.jardiservice.it\/wp-content\/plugins\/revslider\/public\/assets\/assets\/dummy.png\" alt=\"\" title=\"Home\" class=\"rev-slidebg tp-rs-img rs-lazyload\" data-lazyload=\"\/\/www.jardiservice.it\/wp-content\/uploads\/2018\/10\/jardiservice-slider-02-2.jpg\" data-parallax=\"4\" data-panzoom=\"d:10000;ss:100;se:110;\" data-no-retina>\n<!---->\t\t\t\t\t\t<\/rs-slide>\n\t\t\t\t\t\t<rs-slide style=\"position: absolute;\" data-key=\"rs-31\" data-title=\"Slide\" data-anim=\"adpr:false;\">\n\t\t\t\t\t\t\t<img src=\"\/\/www.jardiservice.it\/wp-content\/plugins\/revslider\/public\/assets\/assets\/dummy.png\" alt=\"\" title=\"Home\" class=\"rev-slidebg tp-rs-img rs-lazyload\" data-lazyload=\"\/\/www.jardiservice.it\/wp-content\/uploads\/2018\/10\/jardiservice-slider-03-1.jpg\" data-parallax=\"4\" data-panzoom=\"d:10000;ss:100;se:110;\" data-no-retina>\n<!---->\t\t\t\t\t\t<\/rs-slide>\n\t\t\t\t\t\t<rs-slide style=\"position: absolute;\" data-key=\"rs-32\" data-title=\"Slide\" data-anim=\"adpr:false;\">\n\t\t\t\t\t\t\t<img src=\"\/\/www.jardiservice.it\/wp-content\/plugins\/revslider\/public\/assets\/assets\/dummy.png\" alt=\"\" title=\"Home\" class=\"rev-slidebg tp-rs-img rs-lazyload\" data-lazyload=\"\/\/www.jardiservice.it\/wp-content\/uploads\/2018\/10\/jardiservice-slider-04.jpg\" data-parallax=\"4\" data-panzoom=\"d:10000;ss:100;se:110;\" data-no-retina>\n<!---->\t\t\t\t\t\t<\/rs-slide>\n\t\t\t\t\t\t<rs-slide style=\"position: absolute;\" data-key=\"rs-33\" data-title=\"Slide\" data-anim=\"adpr:false;\">\n\t\t\t\t\t\t\t<img src=\"\/\/www.jardiservice.it\/wp-content\/plugins\/revslider\/public\/assets\/assets\/dummy.png\" alt=\"\" title=\"Home\" class=\"rev-slidebg tp-rs-img rs-lazyload\" data-lazyload=\"\/\/www.jardiservice.it\/wp-content\/uploads\/2018\/10\/jardiservice-slider-05.jpg\" data-parallax=\"4\" data-panzoom=\"d:10000;ss:100;se:110;\" data-no-retina>\n<!---->\t\t\t\t\t\t<\/rs-slide>\n\t\t\t\t\t\t<rs-slide style=\"position: absolute;\" data-key=\"rs-34\" data-title=\"Slide\" data-anim=\"adpr:false;\">\n\t\t\t\t\t\t\t<img src=\"\/\/www.jardiservice.it\/wp-content\/plugins\/revslider\/public\/assets\/assets\/dummy.png\" alt=\"\" title=\"Home\" class=\"rev-slidebg tp-rs-img rs-lazyload\" data-lazyload=\"\/\/www.jardiservice.it\/wp-content\/uploads\/2018\/10\/jardiservice-slider-06.jpg\" data-parallax=\"4\" data-panzoom=\"d:10000;ss:100;se:110;\" data-no-retina>\n<!---->\t\t\t\t\t\t<\/rs-slide>\n\t\t\t\t\t\t<rs-slide style=\"position: absolute;\" data-key=\"rs-35\" data-title=\"Slide\" data-anim=\"adpr:false;\">\n\t\t\t\t\t\t\t<img src=\"\/\/www.jardiservice.it\/wp-content\/plugins\/revslider\/public\/assets\/assets\/dummy.png\" alt=\"\" title=\"Home\" class=\"rev-slidebg tp-rs-img rs-lazyload\" data-lazyload=\"\/\/www.jardiservice.it\/wp-content\/uploads\/2018\/10\/jardiservice-slider-07.jpg\" data-parallax=\"4\" data-panzoom=\"d:10000;ss:100;se:110;\" data-no-retina>\n<!---->\t\t\t\t\t\t<\/rs-slide>\n\t\t\t\t\t\t<rs-slide style=\"position: absolute;\" data-key=\"rs-36\" data-title=\"Slide\" data-anim=\"adpr:false;\">\n\t\t\t\t\t\t\t<img src=\"\/\/www.jardiservice.it\/wp-content\/plugins\/revslider\/public\/assets\/assets\/dummy.png\" alt=\"\" title=\"Home\" class=\"rev-slidebg tp-rs-img rs-lazyload\" data-lazyload=\"\/\/www.jardiservice.it\/wp-content\/uploads\/2018\/10\/jardiservice-slider-08.jpg\" data-parallax=\"4\" data-panzoom=\"d:10000;ss:100;se:110;\" data-no-retina>\n<!---->\t\t\t\t\t\t<\/rs-slide>\n\t\t\t\t\t\t<rs-slide style=\"position: absolute;\" data-key=\"rs-37\" data-title=\"Slide\" data-anim=\"adpr:false;\">\n\t\t\t\t\t\t\t<img src=\"\/\/www.jardiservice.it\/wp-content\/plugins\/revslider\/public\/assets\/assets\/dummy.png\" alt=\"\" title=\"Home\" class=\"rev-slidebg tp-rs-img rs-lazyload\" data-lazyload=\"\/\/www.jardiservice.it\/wp-content\/uploads\/2018\/10\/jardiservice-slider-09.jpg\" data-parallax=\"4\" data-panzoom=\"d:10000;ss:100;se:110;\" data-no-retina>\n<!---->\t\t\t\t\t\t<\/rs-slide>\n\t\t\t\t\t\t<rs-slide style=\"position: absolute;\" data-key=\"rs-38\" data-title=\"Slide\" data-anim=\"adpr:false;\">\n\t\t\t\t\t\t\t<img src=\"\/\/www.jardiservice.it\/wp-content\/plugins\/revslider\/public\/assets\/assets\/dummy.png\" alt=\"\" title=\"Home\" class=\"rev-slidebg tp-rs-img rs-lazyload\" data-lazyload=\"\/\/www.jardiservice.it\/wp-content\/uploads\/2018\/10\/jardiservice-slider-010.jpg\" data-parallax=\"4\" data-panzoom=\"d:10000;ss:100;se:110;\" data-no-retina>\n<!---->\t\t\t\t\t\t<\/rs-slide>\n\t\t\t\t\t<\/rs-slides>\n\t\t\t\t\t<rs-static-layers class=\"rs-stl-visible\"><!--\n\n\t\t\t\t\t\t\t--><rs-layer\n\t\t\t\t\t\t\t\tid=\"slider-15-slide-1-layer-3\" \n\t\t\t\t\t\t\t\tclass=\"rs-layer-static\"\n\t\t\t\t\t\t\t\tdata-type=\"image\"\n\t\t\t\t\t\t\t\tdata-rsp_ch=\"on\"\n\t\t\t\t\t\t\t\tdata-xy=\"x:-124px;y:642px;\"\n\t\t\t\t\t\t\t\tdata-text=\"l:22;a:inherit;\"\n\t\t\t\t\t\t\t\tdata-dim=\"w:2092px;h:63px;\"\n\t\t\t\t\t\t\t\tdata-onslides=\"s:1;\"\n\t\t\t\t\t\t\t\tdata-frame_0=\"tp:600;\"\n\t\t\t\t\t\t\t\tdata-frame_1=\"tp:600;st:0;\"\n\t\t\t\t\t\t\t\tdata-frame_999=\"o:0;tp:600;st:w;sR:8700;\"\n\t\t\t\t\t\t\t\tstyle=\"z-index:6;\"\n\t\t\t\t\t\t\t><img src=\"\/\/www.jardiservice.it\/wp-content\/plugins\/revslider\/public\/assets\/assets\/dummy.png\" alt=\"jardiservice-erba-bianca\" class=\"tp-rs-img rs-lazyload\" width=\"2092\" height=\"63\" data-lazyload=\"\/\/www.jardiservice.it\/wp-content\/uploads\/2018\/10\/jardiservice-erba-bianca.png\" data-no-retina> \n\t\t\t\t\t\t\t<\/rs-layer><!--\n\t\t\t\t\t--><\/rs-static-layers>\n\t\t\t\t<\/rs-module>\n\t\t\t\t<script>\n\t\t\t\t\tsetREVStartSize({c: 'rev_slider_15_1',rl:[1240,1024,778,480],el:[],gw:[1920],gh:[700],type:'standard',justify:'',layout:'fullwidth',mh:\"0\"});if (window.RS_MODULES!==undefined && window.RS_MODULES.modules!==undefined && window.RS_MODULES.modules[\"revslider151\"]!==undefined) {window.RS_MODULES.modules[\"revslider151\"].once = false;window.revapi15 = undefined;if (window.RS_MODULES.checkMinimal!==undefined) window.RS_MODULES.checkMinimal()}\n\t\t\t\t<\/script>\n\t\t\t<\/rs-module-wrap>\n\t\t\t<!-- END REVOLUTION SLIDER -->\n[\/vc_column][\/vc_row][vc_row content_placement=&#8220;middle&#8220;][vc_column offset=&#8220;vc_col-lg-offset-2 vc_col-lg-8 vc_col-md-offset-1 vc_col-md-10&#8243;][gsf_space desktop=&#8220;40&#8243; tablet=&#8220;40&#8243; tablet_portrait=&#8220;30&#8243; mobile_landscape=&#8220;30&#8243; mobile=&#8220;30&#8243;][vc_column_text]<\/p>\n<h5 style=\"text-align: center;\">Das bl\u00fchende Herz Italiens!<\/h5>\n<p>[\/vc_column_text][gsf_space desktop=&#8220;25&#8243; tablet=&#8220;25&#8243; tablet_portrait=&#8220;25&#8243; mobile_landscape=&#8220;25&#8243; mobile=&#8220;25&#8243;][vc_column_text el_class=&#8220;mg-bottom-0&#8243;]<\/p>\n<p style=\"text-align: center;\">Der perfekte &#8222;Mix&#8220; zwischen der <strong>Exzellenz italienischer Pflanzenproduktionen <\/strong>und den zahlreichen Dienstleistungen rund um den <strong>Direktvertrieb<\/strong>. Dieser erlaubt uns, unsere t\u00e4gliche Wette auf der Suche nach dem perfekten Ergebnis f\u00fcr ein &#8222;verkaufsbereites&#8220; Produkt st\u00e4ndig zu erneuern.<\/p>\n<p style=\"text-align: center;\">Unser Einsatz besteht darin, die Verbindung zwischen der Produktionswelt und dem Endkunden weiter zu entwickeln, Zeiten zu optimieren und ohne die Qualit\u00e4t, die uns die Natur schenken kann, zu beeinflussen.<\/p>\n<p>[\/vc_column_text][gsf_space desktop=&#8220;55&#8243; tablet=&#8220;45&#8243; tablet_portrait=&#8220;40&#8243; mobile_landscape=&#8220;40&#8243; mobile=&#8220;40&#8243;][\/vc_column][vc_column width=&#8220;1\/2&#8243; offset=&#8220;vc_col-lg-offset-3 vc_col-lg-3 vc_col-md-offset-1 vc_col-md-5 vc_col-xs-6&#8243;][vc_single_image image=&#8220;5348&#8243; img_size=&#8220;full&#8220; alignment=&#8220;right&#8220;][\/vc_column][vc_column width=&#8220;1\/2&#8243; offset=&#8220;vc_col-lg-3 vc_col-md-5 vc_col-xs-6&#8243;][vc_column_text]<\/p>\n<p class=\"fs-14 fw-bold heading-color mg-bottom-0\">Wally Cavezzan<\/p>\n<p class=\"text-italic fs-15 accent-color\">CEO Jardiservice<\/p>\n<p>[\/vc_column_text][\/vc_column][\/vc_row][vc_row content_placement=&#8220;middle&#8220;][vc_column offset=&#8220;vc_col-lg-offset-2 vc_col-lg-8 vc_col-md-offset-1 vc_col-md-10&#8243;][gsf_button title=&#8220;Mehr Info&#8220; align=&#8220;center&#8220; link=&#8220;url:http%3A%2F%2Fwww.jardiservice.it%2Fwer-wir-sind%2F%3Flang%3Dde|||&#8220;][gsf_space desktop=&#8220;55&#8243; tablet=&#8220;45&#8243; tablet_portrait=&#8220;40&#8243; mobile_landscape=&#8220;40&#8243; mobile=&#8220;40&#8243;][\/vc_column][\/vc_row][vc_row css=&#8220;.vc_custom_1540287027041{padding-top: 20px !important;background: #ede9e3 url(https:\/\/www.jardiservice.it\/wp-content\/uploads\/2018\/10\/jardiservice-img-home-camioncino-2.jpg?id=5350) !important;background-position: center !important;background-repeat: no-repeat !important;background-size: cover !important;}&#8220;][vc_column][gsf_space desktop=&#8220;126&#8243; tablet=&#8220;70&#8243; tablet_portrait=&#8220;60&#8243; mobile_landscape=&#8220;50&#8243; mobile=&#8220;40&#8243;][vc_column_text]<\/p>\n<h5>Jardiservice: einziger<br \/>\nAnsprechpartner f\u00fcr die<br \/>\nitalienische Pflanzenproduktion<\/h5>\n<p>[\/vc_column_text][vc_column_text el_class=&#8220;mg-bottom-0&#8243;]Wir garantieren ein <strong>qualitativ hochwertiges<\/strong>, vollst\u00e4ndig <strong>personalisierbares <\/strong>Produkt, mit<br \/>\n<strong>Mindesbestellmengen<\/strong> und einer p\u00fcnktlichen und fl\u00e4chendeckenden Lieferung in ganz Europa.[\/vc_column_text][gsf_space desktop=&#8220;50&#8243; tablet=&#8220;50&#8243; tablet_portrait=&#8220;50&#8243; mobile_landscape=&#8220;50&#8243; mobile=&#8220;50&#8243;][\/vc_column][vc_column width=&#8220;1\/3&#8243;][gsf_counter subtitle=&#8220;Kunden&#8220; end=&#8220;2400&#8243; icon_color=&#8220;#333333&#8243; el_class=&#8220;sm-mg-bottom-30&#8243; title=&#8220;Zufriedene&#8220; css=&#8220;.vc_custom_1547215324958{padding-bottom: 15px !important;}&#8220;][gsf_space desktop=&#8220;20&#8243; tablet=&#8220;20&#8243; tablet_portrait=&#8220;20&#8243; mobile_landscape=&#8220;20&#8243; mobile=&#8220;20&#8243;][gsf_counter subtitle=&#8220;Bewertung unserer Kunden&#8220; end=&#8220;9&#8243; suffix=&#8220;.6\/10&#8243; icon_color=&#8220;#333333&#8243; el_class=&#8220;sm-mg-bottom-30&#8243; title=&#8220;Durchschnittliche&#8220;][\/vc_column][vc_column width=&#8220;1\/3&#8243;][gsf_counter subtitle=&#8220;Produkte&#8220; end=&#8220;1700&#8243; icon_color=&#8220;#333333&#8243; el_class=&#8220;sm-mg-bottom-30&#8243; title=&#8220;Italienische &#8220; css=&#8220;.vc_custom_1547215487129{padding-bottom: 15px !important;}&#8220;][gsf_space desktop=&#8220;20&#8243; tablet=&#8220;20&#8243; tablet_portrait=&#8220;20&#8243; mobile_landscape=&#8220;20&#8243; mobile=&#8220;20&#8243;][gsf_counter subtitle=&#8220;Lieferung&#8220; end=&#8220;72&#8243; prefix=&#8220;48\/&#8220; icon_color=&#8220;#333333&#8243; title=&#8220;Schnelle&#8220;][\/vc_column][vc_column][gsf_space desktop=&#8220;160&#8243; tablet=&#8220;120&#8243; tablet_portrait=&#8220;80&#8243; mobile_landscape=&#8220;70&#8243; mobile=&#8220;60&#8243;][\/vc_column][\/vc_row][vc_row css=&#8220;.vc_custom_1539615759641{margin-top: 60px !important;}&#8220;][vc_column offset=&#8220;vc_col-lg-offset-2 vc_col-lg-8 vc_col-md-offset-1 vc_col-md-10&#8243;][vc_column_text]<\/p>\n<h5 style=\"text-align: center;\">Service<\/h5>\n<p>[\/vc_column_text][gsf_space desktop=&#8220;40&#8243; tablet=&#8220;30&#8243; tablet_portrait=&#8220;20&#8243; mobile_landscape=&#8220;10&#8243; mobile=&#8220;10&#8243;][\/vc_column][\/vc_row][vc_row][vc_column width=&#8220;1\/5&#8243;][gsf_info_box layout_style=&#8220;style-02&#8243; title=&#8220;Komplettes sortiment&#8220; use_theme_fonts=&#8220;&#8220; title_font_size=&#8220;20&#8243; icon_type=&#8220;image&#8220; image=&#8220;4932&#8243; ib_bg_color=&#8220;#ffffff&#8220; hover_bg_color=&#8220;#ffffff&#8220; ib_box_shadow=&#8220;on&#8220; hover_text_color=&#8220;#333333&#8243; link=&#8220;url:http%3A%2F%2Fwww.jardiservice.it%2Fservice%2F%3Flang%3Dde|||&#8220; typography=&#8220;Playfair Display|400|400|normal&#8220;][\/gsf_info_box][\/vc_column][vc_column width=&#8220;1\/5&#8243;][gsf_info_box layout_style=&#8220;style-02&#8243; title=&#8220;Reduzierte mindest- bestellmenge&#8220; use_theme_fonts=&#8220;&#8220; title_font_size=&#8220;20&#8243; icon_type=&#8220;image&#8220; image=&#8220;4928&#8243; ib_bg_color=&#8220;#ffffff&#8220; hover_bg_color=&#8220;#ffffff&#8220; ib_box_shadow=&#8220;on&#8220; hover_text_color=&#8220;#333333&#8243; link=&#8220;url:http%3A%2F%2Fwww.jardiservice.it%2Fservice%2F%3Flang%3Dde|||&#8220; typography=&#8220;Playfair Display|400|400|normal&#8220;][\/gsf_info_box][\/vc_column][vc_column width=&#8220;1\/5&#8243;][gsf_info_box layout_style=&#8220;style-02&#8243; title=&#8220;Gemischte lagen und karren&#8220; use_theme_fonts=&#8220;&#8220; title_font_size=&#8220;20&#8243; icon_type=&#8220;image&#8220; image=&#8220;4924&#8243; ib_bg_color=&#8220;#ffffff&#8220; hover_bg_color=&#8220;#ffffff&#8220; ib_box_shadow=&#8220;on&#8220; hover_text_color=&#8220;#333333&#8243; link=&#8220;url:http%3A%2F%2Fwww.jardiservice.it%2Fservice%2F%3Flang%3Dde|||&#8220; typography=&#8220;Playfair Display|400|400|normal&#8220;][\/gsf_info_box][\/vc_column][vc_column width=&#8220;1\/5&#8243;][gsf_info_box layout_style=&#8220;style-02&#8243; title=&#8220;Etikettierung&#8220; use_theme_fonts=&#8220;&#8220; title_font_size=&#8220;20&#8243; icon_type=&#8220;image&#8220; image=&#8220;4920&#8243; ib_bg_color=&#8220;#ffffff&#8220; hover_bg_color=&#8220;#ffffff&#8220; ib_box_shadow=&#8220;on&#8220; hover_text_color=&#8220;#333333&#8243; link=&#8220;url:http%3A%2F%2Fwww.jardiservice.it%2Fservice%2F%3Flang%3Dde|||&#8220; typography=&#8220;Playfair Display|400|400|normal&#8220;][\/gsf_info_box][\/vc_column][vc_column width=&#8220;1\/5&#8243;][gsf_info_box layout_style=&#8220;style-02&#8243; title=&#8220;Lieferungen innerhalb 48\/72 stunden&#8220; use_theme_fonts=&#8220;&#8220; title_font_size=&#8220;20&#8243; icon_type=&#8220;image&#8220; image=&#8220;4916&#8243; ib_bg_color=&#8220;#ffffff&#8220; hover_bg_color=&#8220;#ffffff&#8220; ib_box_shadow=&#8220;on&#8220; hover_text_color=&#8220;#333333&#8243; link=&#8220;url:http%3A%2F%2Fwww.jardiservice.it%2Fservice%2F%3Flang%3Dde|||&#8220; typography=&#8220;Playfair Display|400|400|normal&#8220;][\/gsf_info_box][\/vc_column][\/vc_row][vc_row][vc_column][vc_empty_space height=&#8220;85&#8243;][\/vc_column][\/vc_row][vc_row content_width=&#8220;full&#8220; css=&#8220;.vc_custom_1539264578695{margin-bottom: 0px !important;}&#8220;][vc_column css=&#8220;.vc_custom_1539264587713{margin-bottom: 0px !important;}&#8220;][vc_single_image image=&#8220;5040&#8243; img_size=&#8220;full&#8220; alignment=&#8220;center&#8220; css=&#8220;.vc_custom_1539264595779{margin-bottom: 0px !important;}&#8220;][\/vc_column][\/vc_row][vc_row bg_overlay_mode=&#8220;color&#8220; css=&#8220;.vc_custom_1540287374471{padding-top: 30px !important;padding-bottom: 30px !important;background-color: #2c7e46 !important;}&#8220;][vc_column width=&#8220;1\/6&#8243;][vc_empty_space height=&#8220;1&#8243;][\/vc_column][vc_column width=&#8220;2\/3&#8243;]<div role=\"form\" class=\"wpcf7\" id=\"wpcf7-f5447-o1\" lang=\"en-US\" dir=\"ltr\">\n<div class=\"screen-reader-response\"><p role=\"status\" aria-live=\"polite\" aria-atomic=\"true\"><\/p> <ul><\/ul><\/div>\n<form action=\"\/de\/wp-json\/wp\/v2\/pages\/5523#wpcf7-f5447-o1\" method=\"post\" class=\"wpcf7-form init\" novalidate=\"novalidate\" data-status=\"init\">\n<div style=\"display: none;\">\n<input type=\"hidden\" name=\"_wpcf7\" value=\"5447\" \/>\n<input type=\"hidden\" name=\"_wpcf7_version\" value=\"5.6.4\" \/>\n<input type=\"hidden\" name=\"_wpcf7_locale\" value=\"en_US\" \/>\n<input type=\"hidden\" name=\"_wpcf7_unit_tag\" value=\"wpcf7-f5447-o1\" \/>\n<input type=\"hidden\" name=\"_wpcf7_container_post\" value=\"0\" \/>\n<input type=\"hidden\" name=\"_wpcf7_posted_data_hash\" value=\"\" \/>\n<input type=\"hidden\" name=\"_wpcf7_recaptcha_response\" value=\"\" \/>\n<\/div>\n<h6 style=\"text-align: center; color: white;\">F\u00fcllen Sie das Formular aus<br><a href=\"tel:+390773840450\">+39 0773 840450<\/a><\/h6>\n<div align=\"center\">\n<div class=\"col-md-12 mg-bottom-10\"><span class=\"wpcf7-form-control-wrap\" data-name=\"text-11\"><input type=\"text\" name=\"text-11\" value=\"\" size=\"40\" class=\"wpcf7-form-control wpcf7-text wpcf7-validates-as-required\" aria-required=\"true\" aria-invalid=\"false\" placeholder=\"Firma, Vor- und Nachname*\" \/><\/span><\/div>\n<div class=\"col-md-12 mg-bottom-10\"><span class=\"wpcf7-form-control-wrap\" data-name=\"tel-23\"><input type=\"tel\" name=\"tel-23\" value=\"\" size=\"40\" class=\"wpcf7-form-control wpcf7-text wpcf7-tel wpcf7-validates-as-required wpcf7-validates-as-tel\" aria-required=\"true\" aria-invalid=\"false\" placeholder=\"Telefon*\" \/><\/span><\/div>\n<div class=\"col-md-12 mg-bottom-10\"><span class=\"wpcf7-form-control-wrap\" data-name=\"email-427\"><input type=\"email\" name=\"email-427\" value=\"\" size=\"40\" class=\"wpcf7-form-control wpcf7-text wpcf7-email wpcf7-validates-as-required wpcf7-validates-as-email\" aria-required=\"true\" aria-invalid=\"false\" placeholder=\"E-mail*\" \/><\/span><\/div>\n<div class=\"col-md-12 mg-bottom-10\"><span class=\"wpcf7-form-control-wrap\" data-name=\"textarea-607\"><textarea name=\"textarea-607\" cols=\"40\" rows=\"10\" class=\"wpcf7-form-control wpcf7-textarea wpcf7-validates-as-required\" aria-required=\"true\" aria-invalid=\"false\" placeholder=\"Nachricht*\"><\/textarea><\/span><\/div>\n<div class=\"col-md-12 mg-bottom-10\">\n\n<\/div>\n<div class=\"col-md-12 mg-bottom-10\"><span class=\"wpcf7-form-control-wrap\" data-name=\"acceptance-901\"><span class=\"wpcf7-form-control wpcf7-acceptance\"><span class=\"wpcf7-list-item\"><label><input type=\"checkbox\" name=\"acceptance-901\" value=\"1\" aria-invalid=\"false\" \/><span class=\"wpcf7-list-item-label\"><span style=\"color:#ffffff;\">Ich erkl\u00e4re, dass ich die <a style=\"color:#b8b8b8;\" href=\"https:\/\/www.jardiservice.it\/de\/privacy\/\">Datenschutzinformationen<\/a> gem\u00e4\u00df Art. 3 gelesen habe. 13 Europ\u00e4ische Verordnung 679\/2016 und Einwilligung in die Verarbeitung personenbezogener Daten zu den darin angegebenen Zwecken, die auf die ordnungsgem\u00e4\u00dfe Erf\u00fcllung vertraglicher Verpflichtungen abzielen.<\/span><\/span><\/label><\/span><\/span><\/span><\/div>\n<div class=\"col-md-12 mg-bottom-10\"><input type=\"submit\" value=\"ABSENDEN\" class=\"wpcf7-form-control has-spinner wpcf7-submit\" \/>\n<\/div>\n<\/div>\n<div class=\"wpcf7-response-output\" aria-hidden=\"true\"><\/div><\/form><\/div>[\/vc_column][vc_column width=&#8220;1\/6&#8243;][vc_empty_space height=&#8220;1&#8243;][\/vc_column][\/vc_row]<\/p>\n","protected":false},"excerpt":{"rendered":"<p>[vc_row][vc_column][\/vc_column][\/vc_row][vc_row content_placement=&#8220;middle&#8220;][vc_column offset=&#8220;vc_col-lg-offset-2 vc_col-lg-8 vc_col-md-offset-1 vc_col-md-10&#8243;][gsf_space desktop=&#8220;40&#8243; tablet=&#8220;40&#8243; tablet_portrait=&#8220;30&#8243; mobile_landscape=&#8220;30&#8243; mobile=&#8220;30&#8243;][vc_column_text] Das bl\u00fchende Herz Italiens! [\/vc_column_text][gsf_space desktop=&#8220;25&#8243; tablet=&#8220;25&#8243; tablet_portrait=&#8220;25&#8243; mobile_landscape=&#8220;25&#8243; mobile=&#8220;25&#8243;][vc_column_text el_class=&#8220;mg-bottom-0&#8243;] Der perfekte &#8222;Mix&#8220; zwischen der Exzellenz italienischer Pflanzenproduktionen und den zahlreichen Dienstleistungen rund um den Direktvertrieb. Dieser erlaubt uns, unsere t\u00e4gliche Wette auf der Suche nach dem perfekten Ergebnis f\u00fcr ein &#8222;verkaufsbereites&#8220; Produkt [&hellip;]<\/p>\n","protected":false},"author":2,"featured_media":0,"parent":0,"menu_order":0,"comment_status":"closed","ping_status":"closed","template":"","meta":{"_seopress_robots_primary_cat":"","_seopress_titles_title":"","_seopress_titles_desc":"","_seopress_robots_index":""},"_links":{"self":[{"href":"https:\/\/www.jardiservice.it\/de\/wp-json\/wp\/v2\/pages\/5523"}],"collection":[{"href":"https:\/\/www.jardiservice.it\/de\/wp-json\/wp\/v2\/pages"}],"about":[{"href":"https:\/\/www.jardiservice.it\/de\/wp-json\/wp\/v2\/types\/page"}],"author":[{"embeddable":true,"href":"https:\/\/www.jardiservice.it\/de\/wp-json\/wp\/v2\/users\/2"}],"replies":[{"embeddable":true,"href":"https:\/\/www.jardiservice.it\/de\/wp-json\/wp\/v2\/comments?post=5523"}],"version-history":[{"count":1,"href":"https:\/\/www.jardiservice.it\/de\/wp-json\/wp\/v2\/pages\/5523\/revisions"}],"predecessor-version":[{"id":7429,"href":"https:\/\/www.jardiservice.it\/de\/wp-json\/wp\/v2\/pages\/5523\/revisions\/7429"}],"wp:attachment":[{"href":"https:\/\/www.jardiservice.it\/de\/wp-json\/wp\/v2\/media?parent=5523"}],"curies":[{"name":"wp","href":"https:\/\/api.w.org\/{rel}","templated":true}]}}