{"id":7477,"date":"2019-10-21T17:00:50","date_gmt":"2019-10-21T15:00:50","guid":{"rendered":"https:\/\/www.jardiservice.it\/informativa-alla-clientela\/"},"modified":"2020-07-06T12:01:29","modified_gmt":"2020-07-06T10:01:29","slug":"informationen-an-kunden","status":"publish","type":"page","link":"https:\/\/www.jardiservice.it\/de\/informationen-an-kunden\/","title":{"rendered":"Informationen an Kunden"},"content":{"rendered":"<p>[vc_row][vc_column][gsf_space desktop=&#8220;210&#8243; tablet=&#8220;10&#8243; tablet_portrait=&#8220;10&#8243; mobile_landscape=&#8220;10&#8243; mobile=&#8220;10&#8243;][vc_column_text]<strong>Informationen an Kunden gem\u00e4\u00df Art. 13 der EU-Verordnung 2016\/679<\/strong>[\/vc_column_text][gsf_space desktop=&#8220;15&#8243; tablet=&#8220;10&#8243; tablet_portrait=&#8220;10&#8243; mobile_landscape=&#8220;10&#8243; mobile=&#8220;10&#8243;][vc_column_text]<strong>Referenzstandard:<\/strong><\/p>\n<p>EU-Verordnung Nr. 679 vom 27. April 2016 zum Schutz nat\u00fcrlicher Personen bei der Verarbeitung personenbezogener Daten und zum freien Datenverkehr (im Folgenden &#8222;EU-Verordnung&#8220;).<\/p>\n<p>-Gesetzeserlass Nr. 196 vom 30. Juni 2003 (im Folgenden &#8222;Datenschutzkodex&#8220;), ge\u00e4ndert durch den Gesetzeserlass Nr. 101 vom 10. August 2018.[\/vc_column_text][gsf_space desktop=&#8220;15&#8243; tablet=&#8220;10&#8243; tablet_portrait=&#8220;10&#8243; mobile_landscape=&#8220;10&#8243; mobile=&#8220;10&#8243;][vc_column_text]JARDISERVICE SRL (im Folgenden auch &#8222;die Gesellschaft&#8220;), Gesellschaft mit beschr\u00e4nkter Haftung mit Sitz in Via Migliara 45 \u00bd dx, 1250-1274, 04014 Pontinia (LT), P. IVA n. 02039990037 bildet, dass personenbezogene Daten in \u00dcbereinstimmung mit den durch die EU-Verordnung vorgeschriebenen Regeln verarbeitet werden.<\/p>\n<p>Die Verarbeitung personenbezogener Daten juristischer Personen f\u00e4llt nicht in den Anwendungsbereich der Vorschriften zum Schutz personenbezogener Daten, die durch die EU-Verordnung 2016\/679 erstellt wurden. Aus Gr\u00fcnden der Klarheit und Transparenz gegen\u00fcber ihren Kunden stellt die Gesellschaft diese Informationen auch juristischen Personen zur Verf\u00fcgung und beschreibt die Methoden und Zwecke aller Verarbeitungen, die sie mit den personenbezogenen Daten der betroffenen Parteien im nachstehenden Sinne durchf\u00fchrt oder durchf\u00fchren darf.<\/p>\n<p>Das Unternehmen fungiert als &#8222;Datenverantwortlicher&#8220;; der Datenverantwortliche ist die Person, die die personenbezogenen Daten verarbeitet und die Zwecke und Methoden der Verarbeitung der personenbezogenen Daten festlegt.<\/p>\n<p>Insbesondere kann die Verarbeitung personenbezogener Daten von &#8222;Interessenten&#8220; durch Personen erfolgen, die von der Gesellschaft ausdr\u00fccklich zur Durchf\u00fchrung von Verarbeitungen erm\u00e4chtigt wurden.<\/p>\n<p>Diese Informationen betreffen &#8222;Interessenten&#8220;, d.h. die nat\u00fcrlichen Personen, auf die sich die personenbezogenen Daten beziehen, d.h. alle Personen, die im Namen und im Auftrag der juristischen Person Kunde der Gesellschaft t\u00e4tig sind und deren personenbezogenen Daten von diesen verarbeitet werden.<\/p>\n<p><strong>1) Zweck und Rechtsgrundlage der Verarbeitung personenbezogener Daten<\/strong><\/p>\n<p>Die Erhebung und Verarbeitung personenbezogener Daten durch das Unternehmen erfolgt f\u00fcr die unten angegebenen Zwecke:<\/p>\n<p>a) die Durchf\u00fchrung von vorvertraglichen T\u00e4tigkeiten und die Beschaffung von Vorabinformationen f\u00fcr den Vertragsabschluss;<\/p>\n<p>b) die Erf\u00fcllung vertraglicher Verpflichtungen (z.B.: Verwaltung, Buchhaltung, Vertragsmanagement, Rechnungsstellung \/ Zahlungsdienste);<\/p>\n<p>c) die Verwaltung der Beziehungen zwischen dem Kunden und der Gesellschaft (z.B. die Verwaltung von Rechtsstreitigkeiten oder von Krediten, die sich aus einem Vertrag und\/oder Nebenhandlungen ergeben, Factoring).<\/p>\n<p>In Bezug auf die oben genannten Zwecke wird die Verarbeitung zur Erf\u00fcllung der vertraglichen\/vorvertraglichen Verpflichtungen und der rechtlichen Verpflichtungen im Zusammenhang mit dem mit der Gesellschaft begr\u00fcndeten Verh\u00e4ltnis durchgef\u00fchrt; eine Zustimmung zur Verarbeitung ist daher nicht erforderlich.<\/p>\n<p>Es sei auch darauf hingewiesen, dass die gesammelten personenbezogenen Daten f\u00fcr Marketing- und Werbezwecke im Rahmen und in den Grenzen des durch Art. 130 Abs. 4 des Datenschutzgesetzes in der durch die Gesetzesverordnung 101\/2018 ge\u00e4nderten Fassung in Bezug auf den so genannten &#8222;weichen Spam&#8220; verwendet werden k\u00f6nnen; daher kann die Gesellschaft ohne die vorherige Zustimmung der Betroffenen die im Rahmen eines fr\u00fcheren Verkaufs angegebene E-Mail-Adresse f\u00fcr den Direktverkauf zus\u00e4tzlicher Produkte oder Dienstleistungen verwenden, sofern es sich um Produkte und Dienstleistungen handelt, die denen des vorherigen Verkaufs \u00e4hnlich sind. Es sei darauf hingewiesen, dass interessierte Parteien dieser Verarbeitung jederzeit widersprechen k\u00f6nnen, indem sie an die E-Mail-Adresse der Gesellschaft schreiben, wie in Punkt 5 dieser Erkl\u00e4rung angegeben.<\/p>\n<p><strong>2) Art der Bereitstellung personenbezogener Daten<\/strong><\/p>\n<p>Die Bereitstellung personenbezogener Daten ist f\u00fcr diejenigen personenbezogenen Daten obligatorisch, f\u00fcr die eine gesetzliche oder vertragliche Verpflichtung zu deren Bereitstellung besteht, sowie f\u00fcr die Bereitstellung der f\u00fcr die vorvertragliche Erf\u00fcllung erforderlichen personenbezogenen Daten. Jede Weigerung, solche &#8222;obligatorischen&#8220; personenbezogenen Daten anzugeben, kann zur Nichterf\u00fcllung des Vertrages f\u00fchren. Jede Weigerung, personenbezogene Daten zur Verf\u00fcgung zu stellen, die ausschlie\u00dflich zur Erf\u00fcllung von Vertragsbeziehungen dienen, f\u00fcr die es aber keine Verpflichtung zur Weitergabe gibt, f\u00fchrt grunds\u00e4tzlich nicht zu Konsequenzen, es sei denn, es ist m\u00f6glich, dass die Vorg\u00e4nge im Zusammenhang mit diesen personenbezogenen Daten nicht verfolgt werden k\u00f6nnen oder dass es unm\u00f6glich ist, neue Beziehungen aufzubauen.<\/p>\n<p><strong>3) Verfahren zur Verarbeitung und Aufbewahrung personenbezogener Daten<\/strong><\/p>\n<p>Die Verarbeitung personenbezogener Daten erfolgt auf rechtm\u00e4\u00dfige und korrekte Weise und auf jeden Fall in \u00dcbereinstimmung mit den geltenden Rechtsvorschriften unter Verwendung geeigneter Instrumente zur Gew\u00e4hrleistung der Sicherheit und Vertraulichkeit personenbezogener Daten; die Verarbeitung personenbezogener Daten erfolgt haupts\u00e4chlich \u00fcber EDV-Tools, um dieselben Daten zu speichern, zu verwalten und zu \u00fcbermitteln.<\/p>\n<p>Die Verarbeitung personenbezogener Daten wird in erster Linie von Mitarbeitern des Unternehmens durchgef\u00fchrt, die von dem Unternehmen speziell f\u00fcr die Durchf\u00fchrung der Verarbeitungen autorisiert und angewiesen wurden.<\/p>\n<p>In Bezug auf andere Personen, die die personenbezogenen Daten der betroffenen Personen verarbeiten k\u00f6nnen, verweisen wir auf Punkt 4 dieser Informationsschrift.<\/p>\n<p>Personenbezogene Daten werden in einer Form gespeichert, die es erm\u00f6glicht, die betroffenen Parteien f\u00fcr einen Zeitraum zu identifizieren, der nicht \u00fcber den Zeitraum hinausgeht, der zur Erreichung der Zwecke, f\u00fcr die die Daten erhoben und verarbeitet werden, erforderlich ist.<\/p>\n<p>Insbesondere im Zusammenhang mit der Verwaltung des Vertragsverh\u00e4ltnisses werden personenbezogene Daten f\u00fcr die im Referenzrecht festgelegte Zeit und bei Beendigung des Vertragsverh\u00e4ltnisses f\u00fcr die Dauer von zehn Jahren nur f\u00fcr die Speicherung ziviler Daten gespeichert.<\/p>\n<p>Im Zusammenhang mit der Durchf\u00fchrung von Verarbeitungen im Zusammenhang mit dem so genannten &#8222;Soft-Spam&#8220; werden die gesammelten personenbezogenen Daten f\u00fcr den Zeitraum aufbewahrt, der f\u00fcr die Verwaltung der oben genannten Zwecke unbedingt erforderlich ist, und zwar nach Kriterien, die auf der Einhaltung der geltenden Vorschriften und der Richtigkeit sowie dem Gleichgewicht zwischen dem berechtigten Interesse des Unternehmens und den Rechten und Freiheiten der betroffenen Parteien beruhen. In Ermangelung spezifischer Vorschriften, die unterschiedliche Aufbewahrungsfristen vorsehen, wird das Unternehmen daher darauf achten, personenbezogene Daten f\u00fcr die oben genannten Zwecke des Marketings und der kommerziellen Werbung f\u00fcr einen Zeitraum zu verwenden, der dem Interesse der betroffenen Parteien an den Produkten und Dienstleistungen des Unternehmens selbst entspricht.<\/p>\n<p>In jedem Fall wird das Unternehmen alles daran setzen, die Verwendung personenbezogener Daten auf unbestimmte Zeit zu vermeiden, indem es regelm\u00e4\u00dfig in geeigneter Weise \u00fcberpr\u00fcft, ob das tats\u00e4chliche Anhalten des Interesses an der Verarbeitung zu Marketing- und Werbezwecken besteht.<\/p>\n<p><strong>4) Empf\u00e4nger von personenbezogenen Daten<\/strong><\/p>\n<p>In Bezug auf die personenbezogenen Daten der betroffenen Personen kann das Unternehmen Mitteilungen vornehmen, die sich aus einer Verpflichtung nach Gesetz, Verordnung oder Gemeinschaftsrecht ergeben. F\u00fcr die in Punkt 1 Buchstabe a), b), c) dieser Erkl\u00e4rung genannten Zwecke (d.h. f\u00fcr Zwecke im Zusammenhang mit der Durchf\u00fchrung des Vertrages, vorvertraglichen Ma\u00dfnahmen und der Verwaltung der Beziehungen zwischen dem Kunden und der Gesellschaft).<\/p>\n<p>Die Mitteilung, auch wenn sie lediglich die personenbezogenen Daten der betroffenen Personen einholt oder zur Verf\u00fcgung stellt, kann auch gegen\u00fcber den folgenden Personen erfolgen:<\/p>\n<p>a) Organe, Aufsichtsorgane, Beh\u00f6rden oder \u00f6ffentliche Einrichtungen;<\/p>\n<p>b) nat\u00fcrliche oder juristische Personen, die spezifische Dienstleistungen erbringen, wie z.B. Datenverarbeitung, Umfragen zur Kundenzufriedenheit, Verwaltungs-, Steuer- und\/oder Wirtschaftsberater, Organisation von Messen und Kommunikationsveranstaltungen;<\/p>\n<p>c) Handelsvermittler, Banken und Kreditinstitute, Rechtsberatungsgesellschaften, Finanzintermediationsfirmen, nat\u00fcrliche oder juristische Personen, die f\u00fcr die Eintreibung, Pr\u00fcfung und\/oder Zertifizierung von Abschl\u00fcssen und Qualit\u00e4tssystemen verantwortlich sind, unabh\u00e4ngige Mitarbeiter der Gesellschaft, Vertreter und Reporter, Versicherer und Makler;<\/p>\n<p>d) nat\u00fcrliche und\/oder juristische Personen, die Referenzen\/Daten f\u00fcr die Teilnahme an \u00f6ffentlichen Ausschreibungen oder im Rahmen der Ausf\u00fchrung von Liefervertr\u00e4gen mit Kunden durch die Gesellschaft anfordern.<\/p>\n<p>Die in den Buchstaben a), c) und d) genannten Personen fungieren als unabh\u00e4ngige Datenverantwortliche.<\/p>\n<p>Die in Buchstabe b) genannten Personen fungieren als Datenverarbeiter, die speziell ernannt werden.<\/p>\n<p>In jedem Fall werden nur die f\u00fcr die in dieser Informationsschrift genannten Zwecke erforderlichen und relevanten personenbezogenen Daten an die genannten Personen weitergegeben.<\/p>\n<p>Die Liste dieser Dritten wird auf Anfrage an die Gesellschaft st\u00e4ndig aktualisiert und den Interessenten zug\u00e4nglich gemacht.<\/p>\n<p>Soweit es f\u00fcr die Durchf\u00fchrung der vertraglichen Beziehungen erforderlich ist, k\u00f6nnen personenbezogene Daten an Drittl\u00e4nder \u00fcbermittelt werden, die nicht der Europ\u00e4ischen Union (EU) oder dem Europ\u00e4ischen Wirtschaftsraum (EWR) angeh\u00f6ren, und zwar auf der Grundlage von Angemessenheitsentscheidungen der Europ\u00e4ischen Kommission oder auf der Grundlage der Annahme von Mustervertragsklauseln, ordnungsgem\u00e4\u00df angenommenen oder verbindlichen, ausdr\u00fccklich genehmigten Gesch\u00e4ftsregeln.<\/p>\n<p>Personenbezogene Daten werden nicht weitergegeben und daher auch nicht an die \u00d6ffentlichkeit oder an eine unbestimmte Anzahl von Personen weitergegeben.<\/p>\n<p><strong>5) Rechte des Betroffenen gem\u00e4\u00df den Artikeln 15, 16, 17, 18, 20 und 21 der EU-Verordnung<\/strong><\/p>\n<p>Jede betroffene Person kann das in Artikel 15 der EU-Verordnung vorgesehene Recht auf Zugang zu personenbezogenen Daten und die in den Artikeln 16, 17, 18, 20 und 21 der gleichen Verordnung vorgesehenen Rechte in Bezug auf Berichtigung, L\u00f6schung, Einschr\u00e4nkung der Verarbeitung, gegebenenfalls Portabilit\u00e4t personenbezogener Daten und Widerspruch gegen die Verarbeitung personenbezogener Daten aus\u00fcben.<\/p>\n<p>Die Rechte k\u00f6nnen durch Schreiben an die folgende Adresse ausge\u00fcbt werden:<\/p>\n<p>JARDISERVICE SRL<br \/>\nVia Migliara 45 \u00bd dx, 1250-1274<br \/>\n04014 PONTINIA (LT) &#8211; ITALIEN<\/p>\n<p>Beantwortet die Gesellschaft die Aufforderung jeder interessierten Partei nicht innerhalb der gesetzlich vorgesehenen Fristen oder ist die Antwort auf die Aus\u00fcbung von Rechten nicht angemessen, kann die interessierte Partei eine Beschwerde bei der Gew\u00e4hrtr\u00e4gerstelle f\u00fcr den Schutz personenbezogener Daten einreichen.<\/p>\n<p>Die Kontaktdaten lauten wie folgt:<\/p>\n<p>Garant f\u00fcr den Schutz personenbezogener Daten<br \/>\nPiazza Venezia n. 11 &#8211; 00187 Rom<br \/>\nFax: (+39) 06.69677.3785<br \/>\nTelefonzentrale: (+39) 06.69677.1<br \/>\nE-Mail: garante@gpdp.it[\/vc_column_text][\/vc_column][\/vc_row][vc_row][vc_column][\/vc_column][\/vc_row]<\/p>\n","protected":false},"excerpt":{"rendered":"<p>[vc_row][vc_column][gsf_space desktop=&#8220;210&#8243; tablet=&#8220;10&#8243; tablet_portrait=&#8220;10&#8243; mobile_landscape=&#8220;10&#8243; mobile=&#8220;10&#8243;][vc_column_text]Informationen an Kunden gem\u00e4\u00df Art. 13 der EU-Verordnung 2016\/679[\/vc_column_text][gsf_space desktop=&#8220;15&#8243; tablet=&#8220;10&#8243; tablet_portrait=&#8220;10&#8243; mobile_landscape=&#8220;10&#8243; mobile=&#8220;10&#8243;][vc_column_text]Referenzstandard: EU-Verordnung Nr. 679 vom 27. April 2016 zum Schutz nat\u00fcrlicher Personen bei der Verarbeitung personenbezogener Daten und zum freien Datenverkehr (im Folgenden &#8222;EU-Verordnung&#8220;). -Gesetzeserlass Nr. 196 vom 30. Juni 2003 (im Folgenden &#8222;Datenschutzkodex&#8220;), ge\u00e4ndert durch den [&hellip;]<\/p>\n","protected":false},"author":2,"featured_media":0,"parent":0,"menu_order":0,"comment_status":"closed","ping_status":"closed","template":"","meta":{"_seopress_robots_primary_cat":"","_seopress_titles_title":"","_seopress_titles_desc":"","_seopress_robots_index":""},"_links":{"self":[{"href":"https:\/\/www.jardiservice.it\/de\/wp-json\/wp\/v2\/pages\/7477"}],"collection":[{"href":"https:\/\/www.jardiservice.it\/de\/wp-json\/wp\/v2\/pages"}],"about":[{"href":"https:\/\/www.jardiservice.it\/de\/wp-json\/wp\/v2\/types\/page"}],"author":[{"embeddable":true,"href":"https:\/\/www.jardiservice.it\/de\/wp-json\/wp\/v2\/users\/2"}],"replies":[{"embeddable":true,"href":"https:\/\/www.jardiservice.it\/de\/wp-json\/wp\/v2\/comments?post=7477"}],"version-history":[{"count":5,"href":"https:\/\/www.jardiservice.it\/de\/wp-json\/wp\/v2\/pages\/7477\/revisions"}],"predecessor-version":[{"id":7569,"href":"https:\/\/www.jardiservice.it\/de\/wp-json\/wp\/v2\/pages\/7477\/revisions\/7569"}],"wp:attachment":[{"href":"https:\/\/www.jardiservice.it\/de\/wp-json\/wp\/v2\/media?parent=7477"}],"curies":[{"name":"wp","href":"https:\/\/api.w.org\/{rel}","templated":true}]}}