{"id":7482,"date":"2019-10-21T17:11:27","date_gmt":"2019-10-21T15:11:27","guid":{"rendered":"https:\/\/www.jardiservice.it\/informativa-ai-fornitori\/"},"modified":"2020-07-06T12:06:01","modified_gmt":"2020-07-06T10:06:01","slug":"offenlegung-gegenueber-lieferanten","status":"publish","type":"page","link":"https:\/\/www.jardiservice.it\/de\/offenlegung-gegenueber-lieferanten\/","title":{"rendered":"Offenlegung gegen\u00fcber Lieferanten"},"content":{"rendered":"<p>[vc_row][vc_column][gsf_space desktop=&#8220;210&#8243; tablet=&#8220;10&#8243; tablet_portrait=&#8220;10&#8243; mobile_landscape=&#8220;10&#8243; mobile=&#8220;10&#8243;][vc_column_text]<strong>Offenlegung gegen\u00fcber Lieferanten gem\u00e4\u00df Artikel 13 der EU-Verordnung 2016\/679<\/strong>[\/vc_column_text][gsf_space desktop=&#8220;15&#8243; tablet=&#8220;10&#8243; tablet_portrait=&#8220;10&#8243; mobile_landscape=&#8220;10&#8243; mobile=&#8220;10&#8243;][vc_column_text]<strong>Referenzstandard:<\/strong><\/p>\n<p>EU-Verordnung Nr. 679 vom 27. April 2016 zum Schutz nat\u00fcrlicher Personen bei der Verarbeitung personenbezogener Daten und zum freien Datenverkehr (im Folgenden &#8222;EU-Verordnung&#8220;).<\/p>\n<p>-Gesetzeserlass Nr. 196 vom 30. Juni 2003 (im Folgenden &#8222;Datenschutzkodex&#8220;), ge\u00e4ndert durch den Gesetzeserlass Nr. 101 vom 10. August 2018.[\/vc_column_text][gsf_space desktop=&#8220;15&#8243; tablet=&#8220;10&#8243; tablet_portrait=&#8220;10&#8243; mobile_landscape=&#8220;10&#8243; mobile=&#8220;10&#8243;][vc_column_text]JARDISERVICE SRL (im Folgenden auch &#8222;die Gesellschaft&#8220;), Gesellschaft mit beschr\u00e4nkter Haftung mit Sitz in Via Migliara 45 \u00bd dx, 1250-1274 &#8211; 04014 PONTINIA (LT) VAT No. 02039990037, informiert, dass personenbezogene Daten gem\u00e4\u00df den Vorschriften der EU-Verordnung verarbeitet werden.<\/p>\n<p>Die Verarbeitung personenbezogener Daten juristischer Personen f\u00e4llt nicht in den Anwendungsbereich der Vorschriften zum Schutz personenbezogener Daten, die durch die EU-Verordnung 2016\/679 erstellt wurden. Aus Gr\u00fcnden der Klarheit und Transparenz gegen\u00fcber ihren Lieferanten stellt die Gesellschaft diese Informationen auch juristischen Personen zur Verf\u00fcgung und beschreibt die Methoden und Zwecke aller Verarbeitungen, die sie durchf\u00fchrt oder die sie berechtigt ist, die personenbezogenen Daten der betroffenen Parteien wie unten beschrieben zu verarbeiten.<\/p>\n<p>Das Unternehmen fungiert als &#8222;Datenverantwortlicher&#8220;; der Datenverantwortliche ist die Person, die die personenbezogenen Daten verarbeitet und die Zwecke und Methoden der Verarbeitung der personenbezogenen Daten festlegt.<\/p>\n<p>Insbesondere kann die Verarbeitung personenbezogener Daten von &#8222;Interessenten&#8220; durch Personen erfolgen, die von der Gesellschaft ausdr\u00fccklich zur Durchf\u00fchrung von Verarbeitungen erm\u00e4chtigt wurden.<\/p>\n<p>Diese Informationsschrift betrifft &#8222;Interessenten&#8220;, d.h. die nat\u00fcrlichen Personen, auf die sich die personenbezogenen Daten beziehen, d.h. alle Personen, die im Namen und im Auftrag der juristischen Person, die der Lieferant der Gesellschaft ist, t\u00e4tig sind und deren personenbezogenen Daten von diesen verarbeitet werden.<\/p>\n<p><strong>1) Zweck und Rechtsgrundlage der Verarbeitung personenbezogener Daten<\/strong><\/p>\n<p>Die Erhebung und Verarbeitung personenbezogener Daten durch die Gesellschaft erfolgt ausschlie\u00dflich zu dem Zweck, die Erf\u00fcllung der mit der Aus\u00fcbung der wirtschaftlichen T\u00e4tigkeit verbundenen Aufgaben in geeigneter Weise zu gew\u00e4hrleisten, insbesondere f\u00fcr:<\/p>\n<p>a) die Durchf\u00fchrung von vorvertraglichen T\u00e4tigkeiten und die Beschaffung von Vorabinformationen f\u00fcr den Vertragsabschluss;<\/p>\n<p>b) die Verwaltung des Vertragsverh\u00e4ltnisses und alle T\u00e4tigkeiten administrativer, betrieblicher, verwaltungstechnischer und buchhalterischer Art im Zusammenhang mit dem Vertrag (Auftragsverwaltung, Rechnungsstellung, \u00dcberpr\u00fcfung der Zuverl\u00e4ssigkeit der Lieferanten);<\/p>\n<p>c) die F\u00fchrung von Rechtsstreitigkeiten, Vertragsverletzungen, Abmahnungen, Transaktionen, Schiedsgerichtsverfahren, Rechtsstreitigkeiten;<\/p>\n<p>d) die Erf\u00fcllung der Verpflichtungen, die in Gesetzen, Verordnungen, Gemeinschaftsverordnungen und Vorschriften der Beh\u00f6rden vorgesehen sind.<\/p>\n<p>Die Verarbeitung erfolgt aufgrund der Erf\u00fcllung der vertraglichen\/vorvertraglichen und rechtlichen Verpflichtungen im Zusammenhang mit dem mit der Gesellschaft begr\u00fcndeten Verh\u00e4ltnis; eine ausdr\u00fcckliche Zustimmung der betroffenen Parteien ist daher nicht erforderlich.<\/p>\n<p><strong>2) Art der Bereitstellung personenbezogener Daten<\/strong><\/p>\n<p>Die Bereitstellung personenbezogener Daten ist f\u00fcr diejenigen personenbezogenen Daten obligatorisch, f\u00fcr die eine gesetzliche oder vertragliche Verpflichtung zu deren Bereitstellung besteht, sowie f\u00fcr die Bereitstellung der f\u00fcr die vorvertragliche Erf\u00fcllung erforderlichen personenbezogenen Daten. Jede Weigerung, solche &#8222;obligatorischen&#8220; personenbezogenen Daten anzugeben, kann zur Nichterf\u00fcllung des Vertrages f\u00fchren. Jede Weigerung, personenbezogene Daten zur Verf\u00fcgung zu stellen, die ausschlie\u00dflich zur Erf\u00fcllung von Vertragsbeziehungen dienen, f\u00fcr die es aber keine Verpflichtung zur Weitergabe gibt, f\u00fchrt grunds\u00e4tzlich nicht zu Konsequenzen, es sei denn, es ist m\u00f6glich, dass die Vorg\u00e4nge im Zusammenhang mit diesen personenbezogenen Daten nicht verfolgt werden k\u00f6nnen oder dass es unm\u00f6glich ist, neue Beziehungen aufzubauen.<\/p>\n<p><strong>3) Verfahren zur Verarbeitung und Aufbewahrung personenbezogener Daten<\/strong><\/p>\n<p>Die Verarbeitung personenbezogener Daten erfolgt auf rechtm\u00e4\u00dfige und korrekte Weise und auf jeden Fall in \u00dcbereinstimmung mit den oben genannten Rechtsvorschriften mit geeigneten Instrumenten zur Gew\u00e4hrleistung der Sicherheit und Vertraulichkeit personenbezogener Daten; die Verarbeitung personenbezogener Daten erfolgt haupts\u00e4chlich mittels IT-Tools zur Speicherung, Verwaltung und \u00dcbermittlung derselben Daten.<\/p>\n<p>Die Verarbeitung personenbezogener Daten wird in erster Linie von Mitarbeitern des Unternehmens durchgef\u00fchrt, die von dem Unternehmen speziell f\u00fcr die Durchf\u00fchrung der Verarbeitungen autorisiert und angewiesen wurden.<\/p>\n<p>In Bezug auf andere Personen, die die personenbezogenen Daten der betroffenen Personen verarbeiten k\u00f6nnen, verweisen wir auf Punkt 4 dieser Informationsschrift.<\/p>\n<p>Personenbezogene Daten werden in einer Form gespeichert, die es erm\u00f6glicht, die betroffenen Parteien f\u00fcr einen Zeitraum zu identifizieren, der nicht \u00fcber den Zeitraum hinausgeht, der zur Erreichung der Zwecke, f\u00fcr die die Daten erhoben und verarbeitet werden, erforderlich ist.<\/p>\n<p>Insbesondere im Zusammenhang mit der Verwaltung des Vertragsverh\u00e4ltnisses werden personenbezogene Daten f\u00fcr die im Referenzrecht festgelegten Zeiten und bei Beendigung des Vertragsverh\u00e4ltnisses f\u00fcr die Dauer von zehn Jahren nur f\u00fcr die Speicherung von Daten ziviler Natur gespeichert.<\/p>\n<p><strong>4) Empf\u00e4nger von personenbezogenen Daten<\/strong><\/p>\n<p>In Bezug auf die personenbezogenen Daten der betroffenen Personen kann das Unternehmen Mitteilungen vornehmen, die sich aus einer Verpflichtung nach Gesetz, Verordnung oder Gemeinschaftsrecht ergeben.<\/p>\n<p>Die Mitteilung, auch wenn sie lediglich die personenbezogenen Daten der betroffenen Personen einholt oder zur Verf\u00fcgung stellt, kann auch in Bezug auf die folgenden Personen eingreifen:<\/p>\n<p>a) Organe, Aufsichtsorgane, Beh\u00f6rden oder \u00f6ffentliche Einrichtungen;<\/p>\n<p>b) nat\u00fcrliche oder juristische Personen, die spezifische Dienstleistungen erbringen, wie z.B. Datenverarbeitung, Verwaltungs-, Steuer- und\/oder Wirtschaftsberatung, Organisation von Messen und Kommunikationsveranstaltungen;<\/p>\n<p>c) Handelsvermittler, Banken und Kreditinstitute, Rechtsberatungsgesellschaften, Finanzintermediationsfirmen, nat\u00fcrliche oder juristische Personen, die f\u00fcr die Eintreibung, Pr\u00fcfung und\/oder Zertifizierung von Abschl\u00fcssen und Qualit\u00e4tssystemen verantwortlich sind, unabh\u00e4ngige Mitarbeiter der Gesellschaft, Vertreter und Reporter, Versicherer und Makler.<\/p>\n<p>Die in den Punkten a) und c) genannten Personen sind als unabh\u00e4ngige Datenverantwortliche t\u00e4tig.<\/p>\n<p>Die unter b) genannten Personen handeln als eigens benannte Datenverarbeiter.<\/p>\n<p>In jedem Fall werden nur die f\u00fcr die in dieser Informationsschrift genannten Zwecke erforderlichen und relevanten personenbezogenen Daten an die genannten Personen weitergegeben.<\/p>\n<p>Die Liste dieser Dritten wird auf Anfrage an die Gesellschaft st\u00e4ndig aktualisiert und ist f\u00fcr Interessierte zug\u00e4nglich, indem sie eine E-Mail an folgende Adresse sendet: info@jardiservice.it<\/p>\n<p>Soweit es f\u00fcr die Durchf\u00fchrung der vertraglichen Beziehungen erforderlich ist, k\u00f6nnen personenbezogene Daten an Drittl\u00e4nder \u00fcbermittelt werden, die nicht der Europ\u00e4ischen Union (EU) oder dem Europ\u00e4ischen Wirtschaftsraum (EWR) angeh\u00f6ren, und zwar auf der Grundlage von Angemessenheitsentscheidungen der Europ\u00e4ischen Kommission oder auf der Grundlage der Annahme von Mustervertragsklauseln, ordnungsgem\u00e4\u00df angenommenen oder verbindlichen, ausdr\u00fccklich genehmigten Gesch\u00e4ftsregeln.<\/p>\n<p>Personenbezogene Daten werden nicht weitergegeben und daher auch nicht an die \u00d6ffentlichkeit oder an eine unbestimmte Anzahl von Personen weitergegeben.<\/p>\n<p><strong>5) Rechte des Betroffenen gem\u00e4\u00df den Artikeln 15, 16, 17, 18, 20 und 21 der EU-Verordnung<\/strong><\/p>\n<p>Jede betroffene Person kann das in Artikel 15 der EU-Verordnung vorgesehene Recht auf Zugang zu personenbezogenen Daten und die in den Artikeln 16, 17, 18, 20 und 21 der gleichen Verordnung vorgesehenen Rechte in Bezug auf Berichtigung, L\u00f6schung, Einschr\u00e4nkung der Verarbeitung, gegebenenfalls Portabilit\u00e4t personenbezogener Daten und Widerspruch gegen die Verarbeitung personenbezogener Daten aus\u00fcben.<\/p>\n<p>Die Rechte k\u00f6nnen durch Schreiben an die folgende Adresse ausge\u00fcbt werden:<\/p>\n<p>JARDISERVICE SRL<br \/>\nVia Migliara 45 \u00bd dx, 1250-1274<br \/>\n04014 &#8211; Pontinien (LT) &#8211; Italien<\/p>\n<p>Beantwortet die Gesellschaft die Aufforderung jeder interessierten Partei nicht innerhalb der gesetzlich vorgesehenen Fristen oder ist die Antwort auf die Aus\u00fcbung von Rechten nicht angemessen, kann die interessierte Partei eine Beschwerde bei der Gew\u00e4hrtr\u00e4gerstelle f\u00fcr den Schutz personenbezogener Daten einreichen.<\/p>\n<p>Die Kontaktdaten lauten wie folgt:<\/p>\n<p>Garant f\u00fcr den Schutz personenbezogener Daten<br \/>\nPiazza Venezia n. 11 &#8211; 00187 Rom<br \/>\nFax: (+39) 06.69677.3785<br \/>\nTelefonzentrale: (+39) 06.69677.1[\/vc_column_text][\/vc_column][\/vc_row]<\/p>\n","protected":false},"excerpt":{"rendered":"<p>[vc_row][vc_column][gsf_space desktop=&#8220;210&#8243; tablet=&#8220;10&#8243; tablet_portrait=&#8220;10&#8243; mobile_landscape=&#8220;10&#8243; mobile=&#8220;10&#8243;][vc_column_text]Offenlegung gegen\u00fcber Lieferanten gem\u00e4\u00df Artikel 13 der EU-Verordnung 2016\/679[\/vc_column_text][gsf_space desktop=&#8220;15&#8243; tablet=&#8220;10&#8243; tablet_portrait=&#8220;10&#8243; mobile_landscape=&#8220;10&#8243; mobile=&#8220;10&#8243;][vc_column_text]Referenzstandard: EU-Verordnung Nr. 679 vom 27. April 2016 zum Schutz nat\u00fcrlicher Personen bei der Verarbeitung personenbezogener Daten und zum freien Datenverkehr (im Folgenden &#8222;EU-Verordnung&#8220;). -Gesetzeserlass Nr. 196 vom 30. Juni 2003 (im Folgenden &#8222;Datenschutzkodex&#8220;), ge\u00e4ndert durch den [&hellip;]<\/p>\n","protected":false},"author":2,"featured_media":0,"parent":0,"menu_order":0,"comment_status":"closed","ping_status":"closed","template":"","meta":{"_seopress_robots_primary_cat":"","_seopress_titles_title":"","_seopress_titles_desc":"","_seopress_robots_index":""},"_links":{"self":[{"href":"https:\/\/www.jardiservice.it\/de\/wp-json\/wp\/v2\/pages\/7482"}],"collection":[{"href":"https:\/\/www.jardiservice.it\/de\/wp-json\/wp\/v2\/pages"}],"about":[{"href":"https:\/\/www.jardiservice.it\/de\/wp-json\/wp\/v2\/types\/page"}],"author":[{"embeddable":true,"href":"https:\/\/www.jardiservice.it\/de\/wp-json\/wp\/v2\/users\/2"}],"replies":[{"embeddable":true,"href":"https:\/\/www.jardiservice.it\/de\/wp-json\/wp\/v2\/comments?post=7482"}],"version-history":[{"count":5,"href":"https:\/\/www.jardiservice.it\/de\/wp-json\/wp\/v2\/pages\/7482\/revisions"}],"predecessor-version":[{"id":7570,"href":"https:\/\/www.jardiservice.it\/de\/wp-json\/wp\/v2\/pages\/7482\/revisions\/7570"}],"wp:attachment":[{"href":"https:\/\/www.jardiservice.it\/de\/wp-json\/wp\/v2\/media?parent=7482"}],"curies":[{"name":"wp","href":"https:\/\/api.w.org\/{rel}","templated":true}]}}