{"id":7597,"date":"2020-10-08T14:49:05","date_gmt":"2020-10-08T12:49:05","guid":{"rendered":"https:\/\/www.jardiservice.it\/condizioni-generali-di-vendita\/"},"modified":"2023-02-09T16:37:54","modified_gmt":"2023-02-09T15:37:54","slug":"c-g-v","status":"publish","type":"page","link":"https:\/\/www.jardiservice.it\/de\/c-g-v\/","title":{"rendered":"Verkaufsbedingungen"},"content":{"rendered":"<p>[vc_row][vc_column][gsf_space desktop=&#8220;210&#8243; tablet=&#8220;10&#8243; tablet_portrait=&#8220;10&#8243; mobile_landscape=&#8220;10&#8243; mobile=&#8220;10&#8243;][vc_column_text]<\/p>\n<h5>Verkaufsbedingungen<\/h5>\n<p>[\/vc_column_text][gsf_space desktop=&#8220;15&#8243; tablet=&#8220;10&#8243; tablet_portrait=&#8220;10&#8243; mobile_landscape=&#8220;10&#8243; mobile=&#8220;10&#8243;][vc_column_text el_class=&#8220;&#8220;]Diese allgemeinen Verkaufsbedingungen gelten in vollem Umfang f\u00fcr jede Bestellung und f\u00fcr alle unsere Verk\u00e4ufe, es sei denn, Jardiservice srl hat schriftlich etwas anderes vereinbart. Der Versand oder die Lieferung einer beliebigen Bestellung des Kunden an Jardiservice srl setzt die vollst\u00e4ndige und vorbehaltlose Annahme der allgemeinen Verkaufsbedingungen von Jardiservice srl durch den Kunden voraus, auch wenn diese nicht von diesem unterzeichnet wurden. Diese allgemeinen Bedingungen sind auf unserer Website (www.jardiservice.it) ver\u00f6ffentlicht und in jedem Auftragsbest\u00e4tigungsformular ist angegeben, wie sie heruntergeladen werden k\u00f6nnen. Sie gelten daher als allen Kunden bekannt und werden akzeptiert, wenn die Bestellung an Jardiservice srl gesendet wird.<\/p>\n<p><strong>BESTELLUNGEN<\/strong><\/p>\n<p>Jede vom Kunden aufgegebene Bestellung unterliegt der schriftlichen Annahme von Jardiservice srl durch die Auftragsbest\u00e4tigung und setzt die Annahme der Allgemeinen Verkaufsbedingungen voraus. Die \u00dcbermittlung der Bestellung verpflichtet den Kunden, sofern nicht schriftlich anders angegeben, zu den Preisen, Preisbedingungen und allgemeinen Verkaufsbedingungen von Jardiservice srl, die zum Zeitpunkt der Auftragsbest\u00e4tigung in Kraft sind.<\/p>\n<p><strong>RESERVATIONEN<\/strong><\/p>\n<p>Reservierungen des Kunden von Produkten, die mit Werbeaktionen verbunden sind, sind als f\u00f6rmliche Verpflichtung zur Wahrnehmung dieser Aktionen zu betrachten.<br \/>\nStornierungen mit einer Vorlaufzeit von weniger als 15 Tagen vor dem geplanten Lieferdatum werden mit 50% der reservierten Produkte berechnet.<\/p>\n<p><strong>AUFTRAGSBEST\u00c4TIGUNGEN<\/strong><\/p>\n<p>Der Verkaufsvertrag gilt als abgeschlossen und wird f\u00fcr die Parteien verbindlich, wenn die Auftragsbest\u00e4tigung von Jardiservice srl beim Kunden eintrifft (per E-Mail oder Fax). Die von Jardiservice srl verschickte Auftragsbest\u00e4tigung definiert und meldet alle endg\u00fcltigen und verbindlichen Bedingungen und Inhalte des Vertrags und ersetzt vollst\u00e4ndig die vom Kunden verschickte Bestellung. Enth\u00e4lt die Auftragsbest\u00e4tigung Erg\u00e4nzungen, Einschr\u00e4nkungen oder andere Abweichungen gegen\u00fcber dem urspr\u00fcnglichen Auftrag, gilt die Zustimmung des Kunden zu diesen Abweichungen als stillschweigend erteilt, sofern nicht innerhalb von 24 (vierundzwanzig) Arbeitsstunden nach Erhalt der Auftragsbest\u00e4tigung eine schriftliche Mitteilung an unser Unternehmen eingeht. Die Auftragsbest\u00e4tigung und diese allgemeinen Vertragsbedingungen haben in jedem Fall Vorrang vor den allgemeinen oder besonderen Einkaufsbedingungen, die vom Kunden erstellt wurden. Alle schriftlichen oder m\u00fcndlichen Bedingungen, die von unseren Mitarbeitern, Angestellten unserer Firma oder Handelsvertretern \u00fcbersandt werden, sind ung\u00fcltig, wenn sie nicht im Text unserer Auftragsbest\u00e4tigung wiedergegeben oder von unserer Firma nicht schriftlich best\u00e4tigt werden.<\/p>\n<p>Jeglicher Antrag des Kunden auf Modifizierung oder \u00c4nderung der Bestellung bedarf der Zustimmung von Jardiservice srl und muss umgehend eingehen, damit Jardiservice srl die entsprechenden \u00c4nderungen durchf\u00fchren kann. In diesem Fall beh\u00e4lt sich Jardiservice srl das Recht vor, die Lieferzeit und eventuelle Preis\u00e4nderungen zu verz\u00f6gern.<\/p>\n<p><strong>GEGENSTAND DES VERTRAGES<\/strong><\/p>\n<p>Der Vertrag bezieht sich auf die Lieferung von lebenden Pflanzen und Dienstleistungen oder Waren, die mit deren Lieferung zusammenh\u00e4ngen, f\u00fcr die Mengen, die in unserer Auftragsbest\u00e4tigung oder in jeder nachtr\u00e4glichen \u00c4nderung angegeben sind, die per Fax oder E-Mail von Jardiservice srl versandt wird. Der Gegenstand dieses Vertrages mit unserem Unternehmen umfasst keine Proben des zu pr\u00fcfenden oder zu kontrollierenden Materials, keine Informationen, die in irgendeiner Form oder an irgendeinem Ort f\u00fcr die Verarbeitung unserer Produkte zur Verf\u00fcgung gestellt werden, wie z.B.: Projektvorschl\u00e4ge, Produktionsinformationen, Labortests, industrielle Tests und jegliche Produktionstests; daher \u00fcbernehmen wir keine Verantwortung f\u00fcr die Verarbeitungsschritte nach der Lieferung unserer Produkte. In jedem Fall sind die Angaben in Katalogen, Anzeigen, Illustrationen, Preislisten, auf unserer Website oder anderen illustrativen Dokumenten von Jardiservice srl sowie die Eigenschaften der von Jardiservice srl an den Kunden gesendeten Muster indikativ und daher nicht verbindlich und enthalten keinerlei Qualit\u00e4tsversprechen in Bezug auf die Produkte. Diese Punkte haben keinen verbindlichen Wert, wenn sie nicht ausdr\u00fccklich in der Auftragsbest\u00e4tigung erw\u00e4hnt werden. Jardiservice srl beh\u00e4lt sich das Recht vor, jederzeit nicht wesentliche technische \u00c4nderungen an seinen Produkten vorzunehmen, die von den Produktionsanforderungen diktiert werden, die es f\u00fcr angemessen h\u00e4lt, ohne jegliche Verpflichtung zur Kommunikation.<\/p>\n<p><strong>PREIS<\/strong><\/p>\n<p>Es gelten die Preise, die im letzten von Jardiservice srl an den Kunden gesendeten Angebot (w\u00f6chentlich verf\u00fcgbar) angegeben sind, das zum Zeitpunkt der Lieferung unserer Produkte g\u00fcltig ist, sofern nicht schriftlich in unserer Auftragsbest\u00e4tigung oder in einem anderen Dokument von Jardiservice srl etwas anderes angegeben ist. Jardiservice srl kann seine Preislisten jederzeit aktualisieren und auch \u00c4nderungen an den Preisen vornehmen, die sich in Angeboten befinden, die mit einer Werbeaktion verbunden sind, die von den Parteien im Voraus vereinbart und unterzeichnet wurden.<\/p>\n<p><strong>ZAHLUNGSBEDINGUNGEN UND KONDITIONEN<\/strong><\/p>\n<p>Die Zahlung erfolgt bei Lieferung, es sei denn, es wurden vorherige Vereinbarungen best\u00e4tigt und unterzeichnet :<\/p>\n<ul>\n<li>Bank\u00fcberweisung an die von Jardiservice srl angegebene Bank<\/li>\n<li>Scheck zahlbar an Jardiservice srl<\/li>\n<li>CSF ohne Akzeptanz<\/li>\n<\/ul>\n<p>Jegliche Zahlungen oder Anspr\u00fcche, die an Agenten, Vertreter, Angestellte oder Mitarbeiter von Jardiservice srl oder an von uns beauftragte Kuriere gew\u00e4hrt werden, werden erst dann als g\u00fcltig betrachtet, wenn die entsprechenden Betr\u00e4ge bei Jardiservice srl eingegangen sind.<br \/>\nEs wird kein Skonto f\u00fcr vorzeitige Zahlung gew\u00e4hrt.<\/p>\n<p><strong>SP\u00c4TE ZAHLUNGEN<\/strong><\/p>\n<p>Bei Verzug, Nichterf\u00fcllung oder teilweiser Zahlung seitens des Kunden beh\u00e4lt sich Jardiservice srl das Recht vor, die Lieferung sofort auszusetzen oder alle bestehenden Vertr\u00e4ge mit dem Kunden zu k\u00fcndigen, auch wenn sie nicht mit der betreffenden Zahlung in Zusammenhang stehen, unbeschadet des Rechts auf Schadenersatz. Bei versp\u00e4teter, unterlassener oder teilweiser Zahlung fallen Verzugszinsen auf alle f\u00e4lligen Betr\u00e4ge an, die in \u00dcbereinstimmung mit der Gesetzesverordnung Nr. 231\/2001 berechnet werden, ohne dass eine f\u00f6rmliche Mahnung erforderlich ist, und alle Forderungen werden mit Ablauf der Frist sofort f\u00e4llig und zahlbar. Wenn der Preis nicht vollst\u00e4ndig bezahlt wurde, kann der Kunde weder ausnahmslos einen Rechtsstreit wegen Nichterf\u00fcllung anstrengen, noch kann er rechtliche Schritte irgendwelcher Art einleiten oder aus\u00fcben. Eine Verrechnung zwischen dem Jardiservice srl geschuldeten Preis und den eventuellen Forderungen des Kunden ist nicht zul\u00e4ssig. Der Kunde ist verpflichtet, den Preis in voller H\u00f6he zu zahlen, auch im Streitfall, durch die &#8222;resolve and repeat&#8220;-Klausel. Die Fakturierung der oben genannten Zinsen f\u00fchrt nicht zu einer Erh\u00f6hung des Umsatzes f\u00fcr die Zwecke der Berechnung der w\u00e4hrend der Vertragsverhandlungen gew\u00e4hrten Jahresend-Rabattprozents\u00e4tze.<\/p>\n<p><strong>VERWALTUNGSGEB\u00dcHREN<\/strong><\/p>\n<p>Jardiservice srl wird auf jeder Rechnung einen Betrag von 2,00 (zwei\/00) Euro als Beitrag zu den Verwaltungskosten ausweisen.<\/p>\n<p><strong>LIEFERUNGEN<\/strong><\/p>\n<p>Die Lieferung der Ware gilt als frei Haus (Ex-Works &#8211; INCOTERMS g\u00fcltig). Jardiservice srl ist berechtigt, Teil- oder Teillieferungen der Waren durchzuf\u00fchren. Die in der Auftragsbest\u00e4tigung angegebenen Lieferzeiten sind keine wesentlichen Bedingungen, es sei denn, es wurde ausdr\u00fccklich und schriftlich etwas anderes vereinbart. H\u00f6here Gewalt (Arbeitskonflikte und alle anderen Umst\u00e4nde, die sich der Kontrolle des Verk\u00e4ufers entziehen, wie Feuer, Krieg, \u00dcberschwemmungen, D\u00fcrren, gesundheitliche Notf\u00e4lle, Streiks, Pannen und Arbeitsniederlegungen in Produktionsbetrieben, massive milit\u00e4rische Mobilisierungen, Revolutionen, Beschlagnahmungen, Embargos, Stra\u00dfenblockaden, Lieferverz\u00f6gerungen oder M\u00e4ngel bei der Lieferung durch Unterlieferanten, die auf irgendeinen sich auf die vorliegende Klausel beziehenden Umstand zur\u00fcckzuf\u00fchren sind) oder auf andere au\u00dfergew\u00f6hnliche oder unvorhersehbare Umst\u00e4nde, die in Bezug auf Jardiservice srl oder unsere Lieferanten auftreten k\u00f6nnen (wie z.B. Produktionsverz\u00f6gerungen, Nicht\u00fcbereinstimmung des Produkts mit dem technischen Datenblatt, die nach spezifischen Analysen in akkreditierten Labors festgestellt wurden, usw.) oder auf andere au\u00dfergew\u00f6hnliche oder unvorhersehbare Umst\u00e4nde, die in Bezug auf Jardiservice srl oder unsere Lieferanten auftreten k\u00f6nnen (wie z.B. Produktionsverz\u00f6gerungen, Nicht\u00fcbereinstimmung des Produkts mit dem technischen Datenblatt, die nach spezifischen Analysen in akkreditierten Labors festgestellt wurden, usw.). ) die Lieferbedingungen aussetzen, ohne jegliche Verantwortung f\u00fcr Jardiservice srl. Jardiservice srl haftet nicht f\u00fcr Versp\u00e4tungen\/Lieferverz\u00f6gerungen aufgrund h\u00f6herer Gewalt oder anderer au\u00dfergew\u00f6hnlicher oder unvorhersehbarer Umst\u00e4nde, die in Bezug auf Jardiservice srl oder unsere Lieferanten auftreten k\u00f6nnen und die w\u00e4hrend des Produktions-\/Verarbeitungsprozesses oder w\u00e4hrend der Verladung oder des Transports auftreten k\u00f6nnen. Wenn die Versp\u00e4tung bei der Lieferung der Waren 7 (sieben) Tage \u00fcberschreitet, die nicht von h\u00f6herer Gewalt oder anderen unvorhersehbaren Ereignissen abh\u00e4ngen, ist der Kunde verpflichtet, diese Versp\u00e4tung schriftlich bei Jardiservice srl anzufechten, die dann weitere 7 (sieben) Tage Zeit hat, um die Lieferung vorzunehmen. Der Kunde hat keinen Anspruch auf Entsch\u00e4digung f\u00fcr die erlittenen Sch\u00e4den. Im Falle von gemeinsamen Lieferungen gelten die oben genannten Bestimmungen. Jardiservice srl ist nicht verantwortlich f\u00fcr Sch\u00e4den durch vorzeitige oder versp\u00e4tete, vollst\u00e4ndige oder teilweise Lieferung.<\/p>\n<p><strong>RISIKO DES WARENVERLUSTS<\/strong><\/p>\n<p>Das Risiko des Verlusts oder der Besch\u00e4digung der Produkte geht mit der Lieferung an denselben K\u00e4ufer, der die gelieferten Waren abholt, auf den Kunden \u00fcber. Nach dem Gefahren\u00fcbergang ist Jardiservice srl nicht f\u00fcr den Verlust oder die Besch\u00e4digung der Ware verantwortlich. Der Auftraggeber ist verpflichtet, bei Besch\u00e4digung oder Verlust der Ware nach Gefahr\u00fcbergang den vollen Preis zu zahlen.<\/p>\n<p><strong>F\u00dcR DEN TRANSPORT VERWENDETE MATERIALIEN<\/strong><\/p>\n<p>Der Kunde ist verpflichtet, bei der Lieferung der Ware die R\u00fcckgabe der Ware vorzusehen und durchzuf\u00fchren, wie die von Jardiservice srl f\u00fcr die Ausf\u00fchrung der Bestellung verwendeten Materialien (CC TAG5, CC DC, Fu\u00dfb\u00f6den, Eisenverl\u00e4ngerungen). Bei vollst\u00e4ndiger oder teilweiser Nichtr\u00fcckgabe stellt Jardiservice srl sofort den gleichen Betrag zum Preis von :<\/p>\n<ul>\n<li>CC TAG 5 135,00 (einhundertf\u00fcnfunddrei\u00dfig\/00) Euro<\/li>\n<li>DC DC 95,00 (f\u00fcnfundneunzig\/00) Euro<\/li>\n<li>Lagen 20,00 (zwanzig \/00) Euro<\/li>\n<li>Extensions 2,00 (zwei\/00) Euro<\/li>\n<\/ul>\n<p><strong>STREITIGKEITEN<\/strong><\/p>\n<p>Der Kunde ist verpflichtet, die Konformit\u00e4t der Waren innerhalb von 48 (achtundvierzig) Stunden nach Erhalt und auf jeden Fall vor der Weiterverarbeitung oder dem Verkauf der Waren zu \u00fcberpr\u00fcfen.<\/p>\n<p>Jede Streitigkeit wird nur dann als g\u00fcltig betrachtet, wenn :<\/p>\n<ul>\n<li>korrekt geschrieben, detailliert und deutlich lesbar auf den Lieferdokumenten (CMR\/Lieferschein\/Rechnung)<\/li>\n<li>schriftlich per E-Mail oder Fax an info@jardiservice.it oder an jede andere Jardiservice srl bekannte E-Mail-Adresse, in jedem Fall innerhalb von 48 (achtundvierzig) Stunden nach Erhalt der Ware<\/li>\n<li>zusammen mit einer digitalen Fotodokumentation per E-Mail an info@jardiservice.it oder an jede andere dem Jardiservice srl bekannte E-Mail-Adresse<\/li>\n<li>bei Transportsch\u00e4den werden nur Waren erstattet, die von durch Jardiservice srl bezeichneten Transportunternehmen bef\u00f6rdert wurden, und nur dann, wenn der Schaden ordnungsgem\u00e4\u00df auf den Transport-\/CMR-Dokumenten angegeben ist<\/li>\n<\/ul>\n<p>R\u00fccksendungen k\u00f6nnen ohne vorherige Zustimmung von Jardiservice srl nicht angenommen werden. Jardiservice srl ist nicht verantwortlich f\u00fcr Sch\u00e4den an den Waren, die beim Entladen ohne Verwendung der hydraulischen Heckklappen der Lieferwagen entstehen.<\/p>\n<p><strong>GARANTIEN UND MINDESTBESTELLMENGE<\/strong><\/p>\n<p>Jardiservice srl garantiert die Konformit\u00e4t der Produkte: Konformit\u00e4t der Produkte bedeutet, dass sie in Bezug auf Qualit\u00e4t, Typ, Gr\u00f6\u00dfe und Vegetationsstadium dem in der letzten g\u00fcltigen Preisliste vorgesehenen entsprechen und dass sie frei von M\u00e4ngeln sind, die sie f\u00fcr die vorgesehene Verwendung ungeeignet machen k\u00f6nnten. Es wird keine Garantie f\u00fcr die vegetative Wiederaufnahme der Waren gegeben. Muster, Angaben in Brosch\u00fcren, Wochenangeboten oder Informationen aus anderen Werbetr\u00e4gern sind unverbindlich und enthalten kein Qualit\u00e4tsversprechen in Bezug auf die Produkte. Jardiservice srl \u00fcbernimmt keine Verantwortung f\u00fcr die Konformit\u00e4t des Produkts mit den Vorschriften der ausl\u00e4ndischen L\u00e4nder, in denen das Produkt verwendet wird oder f\u00fcr bestimmte Verwendungen vorgesehen ist, mit den in den Ziell\u00e4ndern \u00fcblicherweise vorgesehenen Verwendungen.<\/p>\n<p>Bez\u00fcglich der Mengen erkennt der Kunde an, dass Jardiservice srl Liefermengen f\u00fcr jedes Produkt akzeptiert, die sich nach den Mindestmengen richten, die gem\u00e4\u00df der letzten g\u00fcltigen Preisliste geliefert werden k\u00f6nnen. Diese Einheiten werden auf herk\u00f6mmliche Weise entsprechend den Mengen bestimmt, die auf den f\u00fcr jede Lieferung verwendeten Materialien gelagert werden k\u00f6nnen:<\/p>\n<ul>\n<li>halbe Lage<\/li>\n<li>volle Lage<\/li>\n<li>komplett CC<\/li>\n<\/ul>\n<p>Mit Ausnahme von Vereinbarungen, die zuvor von den Parteien unterzeichnet wurden, betr\u00e4gt die Mindestbestellmenge, die von Jardiservice srl ber\u00fccksichtigt wird, 2 (zwei) vollst\u00e4ndige CC-Rollen.<\/p>\n<p><strong>FORM, EXKLUSIVIT\u00c4T UND NICHTIGKEIT<\/strong><\/p>\n<p>Jede \u00c4nderung der vorliegenden allgemeinen Verkaufsbedingungen ist nur g\u00fcltig, wenn sie schriftlich erfolgt und von Jardiservice srl genehmigt wurde. Die eventuelle Nichtigkeit einer der in diesem Vertrag vorgesehenen Klauseln hat nicht die Nichtigkeit des gesamten Vertrages zur Folge, der in seiner Gesamtheit integriert und ausgelegt wird.<\/p>\n<p><strong>ENTSCHLIESSUNG<\/strong><\/p>\n<p>Jardiservice srl kann den Kaufvertrag fristlos k\u00fcndigen, indem sie ihre K\u00fcndigungsbereitschaft schriftlich durch PEC oder per E-Mail oder Fax gegen\u00fcber dem K\u00e4uferunternehmen erkl\u00e4rt, wenn eines der folgenden Ereignisse eintritt, die ausdr\u00fcckliche K\u00fcndigungsklauseln gem\u00e4\u00df Artikel 1456 des italienischen Zivilgesetzbuches darstellen<\/p>\n<ul>\n<li>die teilweise oder vollst\u00e4ndige Nichtzahlung des vom Kunden gem\u00e4\u00df den im Kaufvertrag vorgesehenen Modalit\u00e4ten geschuldeten Betrags, es sei denn, Jardiservice srl macht von dem Recht Gebrauch, die Ausf\u00fchrung des Vertrags selbst zu verlangen, in jedem Fall mit der Zahlung des im Kaufvertrag festgelegten Betrags und nach Neufestlegung der Modalit\u00e4ten f\u00fcr die Aufteilung der Lieferungen, zus\u00e4tzlich zum Schadenersatz<\/li>\n<li>wenn das kaufende Unternehmen f\u00fcr zahlungsunf\u00e4hig erkl\u00e4rt wird oder Gegenstand eines Konkursverfahrens ist<\/li>\n<li>im Falle des Konkurses unserer Lieferanten der Waren, die Gegenstand der Auftragsbest\u00e4tigung durch den Kunden sind<\/li>\n<\/ul>\n<p><strong>EIGENTUMSRECHT<\/strong><\/p>\n<p>F\u00fcr alles, was nicht ausdr\u00fccklich in diesen allgemeinen Bedingungen, im italienischen Gesetz und in den Artikeln 1470 ff. vorgesehen ist. Italienisches Zivilgesetzbuch.<\/p>\n<p><strong>JURISDIKTION<\/strong><\/p>\n<p>F\u00fcr alle Streitigkeiten, die im Zusammenhang mit dem Bestehen, der G\u00fcltigkeit, der Auslegung, der Ausf\u00fchrung und der Beendigung dieses Vertrags entstehen k\u00f6nnen, ist ausschlie\u00dflich das Gericht von Latina zust\u00e4ndig.<\/p>\n<p><strong>KOMMUNIKATIONEN<\/strong><\/p>\n<p>Alle diesen Vertrag betreffenden Mitteilungen m\u00fcssen schriftlich erfolgen und werden als g\u00fcltig betrachtet, wenn sie per PEC, E-Mail oder Fax an folgende Adresse geschickt werden: Jardiservice s.r.l. &#8211; Via Migliara 45 \u00bd dx, 1250-1274, 04014 &#8211; Pontinia (LT); info@jardiservice.it; jardiservice@pec.it; Fax + 39.0773.869478<\/p>\n<p><strong>DATENSCHUTZ<\/strong><\/p>\n<p>In \u00dcbereinstimmung mit dem Gesetzesdekret Nr. 196 vom 30.06.2003 und nachfolgenden \u00c4nderungen erkl\u00e4ren beide Unternehmen, dass sie Informationen erhalten haben und nun alle f\u00fcr den Abschluss des Liefervertrags erforderlichen Datenverarbeitungs-, Kommunikations- und Verbreitungsma\u00dfnahmen, einschlie\u00dflich sensibler Daten, genehmigen. Beide Parteien verpflichten sich ferner, auf eigene Kosten f\u00fcr die Ausf\u00fchrung des oben erw\u00e4hnten Gesetzesdekrets f\u00fcr Dritte aus eigener Kompetenz zu sorgen, die sich im Laufe des betreffenden Vertragsverh\u00e4ltnisses als notwendig f\u00fcr die Erf\u00fcllung des erhaltenen Auftrags erweisen w\u00fcrden.<\/p>\n<p>Die vorliegenden allgemeinen Gesch\u00e4ftsbedingungen f\u00fcr Kaufvertr\u00e4ge betreffen nur die Verkaufsbeziehungen von Jardiservice srl und k\u00f6nnen auch f\u00fcr internationale Verk\u00e4ufe oder Vertr\u00e4ge \u00fcber den Verkauf von Waren durch Jardiservice srl an K\u00e4ufer verwendet werden, die ihre st\u00e4ndige Niederlassung in einem anderen Vertragsstaat haben oder das Wiener \u00dcbereinkommen \u00fcber internationale Verk\u00e4ufe vom 112.04.1980 ratifiziert haben.<\/p>\n<p>Die vorliegenden Allgemeinen Verkaufsbedingungen sind nicht auf Vertr\u00e4ge anwendbar, bei denen Jardiservice srl nicht Verk\u00e4ufer, sondern blo\u00dfer K\u00e4ufer von Waren ist, d.h. sowohl auf Vertr\u00e4ge \u00fcber die Lieferung von Waren, die von italienischen Verk\u00e4ufern erhalten wurden, als auch auf Vertr\u00e4ge von Verk\u00e4ufern\/Lieferanten von Jardiservice srl, die ihre st\u00e4ndige Niederlassung in einem anderen Vertragsstaat haben oder das Wiener \u00dcbereinkommen \u00fcber internationale Verk\u00e4ufe vom 112.04.1980 ratifiziert haben.[\/vc_column_text][\/vc_column][\/vc_row][vc_row][vc_column][\/vc_column][\/vc_row]<\/p>\n","protected":false},"excerpt":{"rendered":"<p>[vc_row][vc_column][gsf_space desktop=&#8220;210&#8243; tablet=&#8220;10&#8243; tablet_portrait=&#8220;10&#8243; mobile_landscape=&#8220;10&#8243; mobile=&#8220;10&#8243;][vc_column_text] Verkaufsbedingungen [\/vc_column_text][gsf_space desktop=&#8220;15&#8243; tablet=&#8220;10&#8243; tablet_portrait=&#8220;10&#8243; mobile_landscape=&#8220;10&#8243; mobile=&#8220;10&#8243;][vc_column_text el_class=&#8220;&#8220;]Diese allgemeinen Verkaufsbedingungen gelten in vollem Umfang f\u00fcr jede Bestellung und f\u00fcr alle unsere Verk\u00e4ufe, es sei denn, Jardiservice srl hat schriftlich etwas anderes vereinbart. Der Versand oder die Lieferung einer beliebigen Bestellung des Kunden an Jardiservice srl setzt die vollst\u00e4ndige und [&hellip;]<\/p>\n","protected":false},"author":2,"featured_media":0,"parent":0,"menu_order":0,"comment_status":"closed","ping_status":"closed","template":"","meta":{"_seopress_robots_primary_cat":"","_seopress_titles_title":"","_seopress_titles_desc":"","_seopress_robots_index":""},"_links":{"self":[{"href":"https:\/\/www.jardiservice.it\/de\/wp-json\/wp\/v2\/pages\/7597"}],"collection":[{"href":"https:\/\/www.jardiservice.it\/de\/wp-json\/wp\/v2\/pages"}],"about":[{"href":"https:\/\/www.jardiservice.it\/de\/wp-json\/wp\/v2\/types\/page"}],"author":[{"embeddable":true,"href":"https:\/\/www.jardiservice.it\/de\/wp-json\/wp\/v2\/users\/2"}],"replies":[{"embeddable":true,"href":"https:\/\/www.jardiservice.it\/de\/wp-json\/wp\/v2\/comments?post=7597"}],"version-history":[{"count":5,"href":"https:\/\/www.jardiservice.it\/de\/wp-json\/wp\/v2\/pages\/7597\/revisions"}],"predecessor-version":[{"id":7752,"href":"https:\/\/www.jardiservice.it\/de\/wp-json\/wp\/v2\/pages\/7597\/revisions\/7752"}],"wp:attachment":[{"href":"https:\/\/www.jardiservice.it\/de\/wp-json\/wp\/v2\/media?parent=7597"}],"curies":[{"name":"wp","href":"https:\/\/api.w.org\/{rel}","templated":true}]}}