{"id":5430,"date":"2018-11-12T17:30:44","date_gmt":"2018-11-12T16:30:44","guid":{"rendered":"https:\/\/www.jardiservice.it\/qui-sommes-nous\/"},"modified":"2019-01-30T15:57:39","modified_gmt":"2019-01-30T14:57:39","slug":"qui-sommes-nous","status":"publish","type":"page","link":"https:\/\/www.jardiservice.it\/fr\/qui-sommes-nous\/","title":{"rendered":"Qui sommes nous"},"content":{"rendered":"<p>[vc_row][vc_column][gsf_space desktop=\u00a0\u00bb210&Prime; tablet=\u00a0\u00bb10&Prime; tablet_portrait=\u00a0\u00bb10&Prime; mobile_landscape=\u00a0\u00bb10&Prime; mobile=\u00a0\u00bb10&Prime;][\/vc_column][\/vc_row][vc_row][vc_column][vc_single_image image=\u00a0\u00bb5435&Prime; img_size=\u00a0\u00bbfull\u00a0\u00bb][\/vc_column][\/vc_row][vc_row][vc_column][vc_empty_space height=\u00a0\u00bb40&Prime;][\/vc_column][\/vc_row][vc_row css=\u00a0\u00bb.vc_custom_1542028921693{padding-top: 20px !important;padding-bottom: 20px !important;background-color: #ede9e3 !important;}\u00a0\u00bb][vc_column width=\u00a0\u00bb1\/2&Prime;][vc_column_text]<\/p>\n<h5>Jardiservice na\u00eet et vit en Italie, parle et pense \u00e0 l\u2019Europe!<\/h5>\n<p>[\/vc_column_text][vc_column_text]Nous sommes strat\u00e9giquement situ\u00e9s au <strong>centre de l\u2019Italie<\/strong>, o\u00f9 les conditions microclimatiques favorisent une <strong>large production<\/strong> de plantes fleuries et m\u00e9diterran\u00e9ennes de haute qualit\u00e9.<\/p>\n<p>Il y a plus de dix ans cela semblait un pari, mais gr\u00e2ce au travail r\u00e9gulier et soutenu effectu\u00e9 pour adapter la production aux demandes du march\u00e9 europ\u00e9en et \u00e0 la construction d\u2019un <strong>r\u00e9seau logistique performant<\/strong>, nous r\u00e9alisons aujourd\u2019hui d\u2019avoir effectu\u00e9 le bon choix !<\/p>\n<p>Notre \u00e9quipe parle 8 langues \u00e9trang\u00e8res\u00a0: nous saurons toujours vous r\u00e9pondre![\/vc_column_text][vc_row_inner content_placement=\u00a0\u00bbmiddle\u00a0\u00bb][vc_column_inner width=\u00a0\u00bb1\/3&Prime; offset=\u00a0\u00bbvc_col-xs-4&Prime;][vc_single_image image=\u00a0\u00bb5422&Prime; img_size=\u00a0\u00bbfull\u00a0\u00bb][\/vc_column_inner][vc_column_inner width=\u00a0\u00bb2\/3&Prime; offset=\u00a0\u00bbvc_col-xs-8&Prime;][vc_column_text]<strong class=\"heading-color\">Wally Cavezzan<\/strong><br \/>\n<em class=\"fs-15 accent-color\">CEO Jardiservice<\/em>[\/vc_column_text][\/vc_column_inner][\/vc_row_inner][\/vc_column][vc_column width=\u00a0\u00bb1\/2&Prime;][vc_column_text]<\/p>\n<h5>Nos comp\u00e9tences<\/h5>\n<p>[\/vc_column_text][vc_column_text]Notre but est de <strong>trouver des r\u00e9ponses<\/strong> <strong>exactes<\/strong> <strong>aux questions qu\u2019on nous pose<\/strong>. La route qu\u2019on a choisie pour l\u2019atteindre est d\u2019inclure, dans tous les aspects, toute notre exp\u00e9rience.[\/vc_column_text][gsf_space desktop=\u00a0\u00bb55&Prime; tablet=\u00a0\u00bb55&Prime; tablet_portrait=\u00a0\u00bb55&Prime; mobile_landscape=\u00a0\u00bb55&Prime; mobile=\u00a0\u00bb45&Prime;][vc_progress_bar values=\u00a0\u00bb%5B%7B%22label%22%3A%22S%C3%A9lection%20des%20fournisseurs%20partenaires%22%2C%22value%22%3A%22100%22%7D%2C%7B%22label%22%3A%22Rapidit%C3%A9%20de%20r%C3%A9action%22%2C%22value%22%3A%2295%22%7D%2C%7B%22label%22%3A%22Support%20commercial%22%2C%22value%22%3A%2290%22%7D%2C%7B%22label%22%3A%22Id%C3%A9e%20en%20mouvement%22%2C%22value%22%3A%2285%22%7D%2C%7B%22label%22%3A%22Attention%20%C3%A0%20l%E2%80%99environnement%20%22%2C%22value%22%3A%22100%22%7D%5D\u00a0\u00bb bgcolor=\u00a0\u00bbcustom\u00a0\u00bb units=\u00a0\u00bb%\u00a0\u00bb custombgcolor=\u00a0\u00bb#2c7e46&Prime;][\/vc_column][\/vc_row][vc_row][vc_column][vc_empty_space height=\u00a0\u00bb20&Prime;][\/vc_column][\/vc_row][vc_row css=\u00a0\u00bb.vc_custom_1539617430035{padding-top: 60px !important;padding-bottom: 20px !important;}\u00a0\u00bb][vc_column width=\u00a0\u00bb1\/2&Prime;][vc_single_image image=\u00a0\u00bb5408&Prime; img_size=\u00a0\u00bbfull\u00a0\u00bb alignment=\u00a0\u00bbcenter\u00a0\u00bb][\/vc_column][vc_column width=\u00a0\u00bb1\/2&Prime;][vc_column_text]<\/p>\n<h5>Le produit appropri\u00e9<\/h5>\n<p>[\/vc_column_text][vc_column_text]Notre engagement est de traduire et d\u00e9velopper \u00a0<strong>un produit adapt\u00e9 au besoins sp\u00e9cifiques du \u00a0client <\/strong>et du march\u00e9 de r\u00e9f\u00e9rence et de construire une relation \u00e9troite d\u2019\u00e9coute et de partage avec chaque client tout en suivant les tendances et les anticipations du march\u00e9.<\/p>\n<p>Les relations de <strong>collaboration<\/strong> avec nos <strong>partenaires <\/strong>nous permettent de leur donner des indications pr\u00e9cises et de garder la production sous contr\u00f4le en planifiant strat\u00e9giquement les campagnes de vente.[\/vc_column_text][\/vc_column][\/vc_row][vc_row css=\u00a0\u00bb.vc_custom_1539617603429{padding-top: 55px !important;padding-bottom: 0px !important;background-color: #ede9e3 !important;}\u00a0\u00bb][vc_column width=\u00a0\u00bb1\/2&Prime;][vc_column_text]<\/p>\n<h5>Un seul interlocuteur<\/h5>\n<p>[\/vc_column_text][vc_column_text]Nous pouvons \u00a0r\u00e9pondre comme <strong>seul<\/strong> <strong>\u00a0interlocuteur pour la <\/strong>production italienne, aux besoin des acheteurs de la Grande Distribution Organis\u00e9e, des Distributeurs Franchis\u00e9, des jardineries ind\u00e9pendants, en assurant un produit de <strong>haute qualit\u00e9<\/strong>, compl\u00e8tement <strong>personnalisable<\/strong>, avec des <strong>minimum de commande <\/strong>\u00a0appropri\u00e9 et <strong>livraison<\/strong> <strong>rapide et ponctuelle<\/strong> dans toute l\u2019Europe.[\/vc_column_text][\/vc_column][vc_column width=\u00a0\u00bb1\/2&Prime;][vc_single_image image=\u00a0\u00bb5184&Prime; img_size=\u00a0\u00bbfull\u00a0\u00bb css=\u00a0\u00bb.vc_custom_1539618100385{margin-bottom: 0px !important;padding-bottom: 0px !important;}\u00a0\u00bb][\/vc_column][\/vc_row][vc_row css=\u00a0\u00bb.vc_custom_1539617286302{margin-top: 20px !important;margin-bottom: 60px !important;padding-top: 40px !important;padding-bottom: 40px !important;}\u00a0\u00bb][vc_column offset=\u00a0\u00bbvc_col-lg-offset-2 vc_col-lg-8 vc_col-md-offset-1 vc_col-md-10&Prime;][vc_column_text]<\/p>\n<h5 style=\"text-align: center;\">Le service<\/h5>\n<p>[\/vc_column_text][\/vc_column][vc_column][vc_row_inner][vc_column_inner width=\u00a0\u00bb1\/5&Prime;][gsf_info_box layout_style=\u00a0\u00bbstyle-02&Prime; title=\u00a0\u00bbGamme compl\u00e8te\u00a0\u00bb use_theme_fonts=\u00a0\u00bb\u00a0\u00bb title_font_size=\u00a0\u00bb20&Prime; icon_type=\u00a0\u00bbimage\u00a0\u00bb image=\u00a0\u00bb4932&Prime; ib_bg_color=\u00a0\u00bb#ffffff\u00a0\u00bb hover_bg_color=\u00a0\u00bb#ffffff\u00a0\u00bb ib_box_shadow=\u00a0\u00bbon\u00a0\u00bb hover_text_color=\u00a0\u00bb#333333&Prime; link=\u00a0\u00bburl:http%3A%2F%2Fwww.jardiservice.it%2Fservizio%2F|||\u00a0\u00bb typography=\u00a0\u00bbPlayfair Display|400|400|normal\u00a0\u00bb][\/gsf_info_box][\/vc_column_inner][vc_column_inner width=\u00a0\u00bb1\/5&Prime;][gsf_info_box layout_style=\u00a0\u00bbstyle-02&Prime; title=\u00a0\u00bbCommandes \u00e0 volume r\u00e9duit\u00a0\u00bb use_theme_fonts=\u00a0\u00bb\u00a0\u00bb title_font_size=\u00a0\u00bb20&Prime; icon_type=\u00a0\u00bbimage\u00a0\u00bb image=\u00a0\u00bb4928&Prime; ib_bg_color=\u00a0\u00bb#ffffff\u00a0\u00bb hover_bg_color=\u00a0\u00bb#ffffff\u00a0\u00bb ib_box_shadow=\u00a0\u00bbon\u00a0\u00bb hover_text_color=\u00a0\u00bb#333333&Prime; link=\u00a0\u00bburl:http%3A%2F%2Fwww.jardiservice.it%2Fservizio%2F|||\u00a0\u00bb typography=\u00a0\u00bbPlayfair Display|400|400|normal\u00a0\u00bb][\/gsf_info_box][\/vc_column_inner][vc_column_inner width=\u00a0\u00bb1\/5&Prime;][gsf_info_box layout_style=\u00a0\u00bbstyle-02&Prime; title=\u00a0\u00bbRolls et etages mixtes\u00a0\u00bb use_theme_fonts=\u00a0\u00bb\u00a0\u00bb title_font_size=\u00a0\u00bb20&Prime; icon_type=\u00a0\u00bbimage\u00a0\u00bb image=\u00a0\u00bb4924&Prime; ib_bg_color=\u00a0\u00bb#ffffff\u00a0\u00bb hover_bg_color=\u00a0\u00bb#ffffff\u00a0\u00bb ib_box_shadow=\u00a0\u00bbon\u00a0\u00bb hover_text_color=\u00a0\u00bb#333333&Prime; link=\u00a0\u00bburl:http%3A%2F%2Fwww.jardiservice.it%2Fservizio%2F|||\u00a0\u00bb typography=\u00a0\u00bbPlayfair Display|400|400|normal\u00a0\u00bb][\/gsf_info_box][\/vc_column_inner][vc_column_inner width=\u00a0\u00bb1\/5&Prime;][gsf_info_box layout_style=\u00a0\u00bbstyle-02&Prime; title=\u00a0\u00bb\u00c9tiquetage\u00a0\u00bb use_theme_fonts=\u00a0\u00bb\u00a0\u00bb title_font_size=\u00a0\u00bb20&Prime; icon_type=\u00a0\u00bbimage\u00a0\u00bb image=\u00a0\u00bb4920&Prime; ib_bg_color=\u00a0\u00bb#ffffff\u00a0\u00bb hover_bg_color=\u00a0\u00bb#ffffff\u00a0\u00bb ib_box_shadow=\u00a0\u00bbon\u00a0\u00bb hover_text_color=\u00a0\u00bb#333333&Prime; link=\u00a0\u00bburl:http%3A%2F%2Fwww.jardiservice.it%2Fservizio%2F|||\u00a0\u00bb typography=\u00a0\u00bbPlayfair Display|400|400|normal\u00a0\u00bb][\/gsf_info_box][\/vc_column_inner][vc_column_inner width=\u00a0\u00bb1\/5&Prime;][gsf_info_box layout_style=\u00a0\u00bbstyle-02&Prime; title=\u00a0\u00bbLivraison dans 48\/72 heures\u00a0\u00bb use_theme_fonts=\u00a0\u00bb\u00a0\u00bb title_font_size=\u00a0\u00bb20&Prime; icon_type=\u00a0\u00bbimage\u00a0\u00bb image=\u00a0\u00bb4916&Prime; ib_bg_color=\u00a0\u00bb#ffffff\u00a0\u00bb hover_bg_color=\u00a0\u00bb#ffffff\u00a0\u00bb ib_box_shadow=\u00a0\u00bbon\u00a0\u00bb hover_text_color=\u00a0\u00bb#333333&Prime; link=\u00a0\u00bburl:http%3A%2F%2Fwww.jardiservice.it%2Fservizio%2F|||\u00a0\u00bb typography=\u00a0\u00bbPlayfair Display|400|400|normal\u00a0\u00bb][\/gsf_info_box][\/vc_column_inner][\/vc_row_inner][\/vc_column][\/vc_row][vc_row content_width=\u00a0\u00bbfull\u00a0\u00bb css=\u00a0\u00bb.vc_custom_1539264578695{margin-bottom: 0px !important;}\u00a0\u00bb][vc_column css=\u00a0\u00bb.vc_custom_1539264587713{margin-bottom: 0px !important;}\u00a0\u00bb][vc_single_image image=\u00a0\u00bb5039&Prime; img_size=\u00a0\u00bbfull\u00a0\u00bb alignment=\u00a0\u00bbcenter\u00a0\u00bb css=\u00a0\u00bb.vc_custom_1539264595779{margin-bottom: 0px !important;}\u00a0\u00bb][\/vc_column][\/vc_row][vc_row bg_overlay_mode=\u00a0\u00bbcolor\u00a0\u00bb css=\u00a0\u00bb.vc_custom_1540291513542{padding-top: 30px !important;padding-bottom: 30px !important;background-color: #2c7e46 !important;}\u00a0\u00bb][vc_column width=\u00a0\u00bb1\/6&Prime;][vc_empty_space height=\u00a0\u00bb1&Prime;][\/vc_column][vc_column width=\u00a0\u00bb2\/3&Prime;]<div role=\"form\" class=\"wpcf7\" id=\"wpcf7-f5440-o1\" lang=\"en-US\" dir=\"ltr\">\n<div class=\"screen-reader-response\"><p role=\"status\" aria-live=\"polite\" aria-atomic=\"true\"><\/p> <ul><\/ul><\/div>\n<form action=\"\/fr\/wp-json\/wp\/v2\/pages\/5430#wpcf7-f5440-o1\" method=\"post\" class=\"wpcf7-form init\" novalidate=\"novalidate\" data-status=\"init\">\n<div style=\"display: none;\">\n<input type=\"hidden\" name=\"_wpcf7\" value=\"5440\" \/>\n<input type=\"hidden\" name=\"_wpcf7_version\" value=\"5.6.4\" \/>\n<input type=\"hidden\" name=\"_wpcf7_locale\" value=\"en_US\" \/>\n<input type=\"hidden\" name=\"_wpcf7_unit_tag\" value=\"wpcf7-f5440-o1\" \/>\n<input type=\"hidden\" name=\"_wpcf7_container_post\" value=\"0\" \/>\n<input type=\"hidden\" name=\"_wpcf7_posted_data_hash\" value=\"\" \/>\n<input type=\"hidden\" name=\"_wpcf7_recaptcha_response\" value=\"\" \/>\n<\/div>\n<h6 style=\"text-align: center; color: white;\">Remplissez le formulaire<br>ou contactez-nous<br><a href=\"tel:+390773840450\">+39 0773 840450<\/a><\/h6>\n<div align=\"center\">\n<div class=\"col-md-12 mg-bottom-10\"><span class=\"wpcf7-form-control-wrap\" data-name=\"text-11\"><input type=\"text\" name=\"text-11\" value=\"\" size=\"40\" class=\"wpcf7-form-control wpcf7-text wpcf7-validates-as-required\" aria-required=\"true\" aria-invalid=\"false\" placeholder=\"Nom et pr\u00e9nom*\" \/><\/span><\/div>\n<div class=\"col-md-12 mg-bottom-10\"><span class=\"wpcf7-form-control-wrap\" data-name=\"tel-23\"><input type=\"tel\" name=\"tel-23\" value=\"\" size=\"40\" class=\"wpcf7-form-control wpcf7-text wpcf7-tel wpcf7-validates-as-required wpcf7-validates-as-tel\" aria-required=\"true\" aria-invalid=\"false\" placeholder=\"T\u00e9l\u00e9phone*\" \/><\/span><\/div>\n<div class=\"col-md-12 mg-bottom-10\"><span class=\"wpcf7-form-control-wrap\" data-name=\"email-427\"><input type=\"email\" name=\"email-427\" value=\"\" size=\"40\" class=\"wpcf7-form-control wpcf7-text wpcf7-email wpcf7-validates-as-required wpcf7-validates-as-email\" aria-required=\"true\" aria-invalid=\"false\" placeholder=\"E-mail*\" \/><\/span><\/div>\n<div class=\"col-md-12 mg-bottom-10\"><span class=\"wpcf7-form-control-wrap\" data-name=\"textarea-607\"><textarea name=\"textarea-607\" cols=\"40\" rows=\"10\" class=\"wpcf7-form-control wpcf7-textarea wpcf7-validates-as-required\" aria-required=\"true\" aria-invalid=\"false\" placeholder=\"Message*\"><\/textarea><\/span><\/div>\n<div class=\"col-md-12 mg-bottom-10\">\n\n<\/div>\n<div class=\"col-md-12 mg-bottom-10\"><span class=\"wpcf7-form-control-wrap\" data-name=\"acceptance-665\"><span class=\"wpcf7-form-control wpcf7-acceptance\"><span class=\"wpcf7-list-item\"><label><input type=\"checkbox\" name=\"acceptance-665\" value=\"1\" aria-invalid=\"false\" \/><span class=\"wpcf7-list-item-label\"><span style=\"color:#ffffff;\">Je d\u00e9clare avoir lu les <a style=\"color:#b8b8b8;\" href=\"https:\/\/www.jardiservice.it\/fr\/privacy\/\">informations de confidentialit\u00e9<\/a> fournies conform\u00e9ment \u00e0 l'art. 13 R\u00e8glement europ\u00e9en 679\/2016 et donner son consentement au traitement de donn\u00e9es \u00e0 caract\u00e8re personnel, aux fins qui y sont indiqu\u00e9es, visant \u00e0 la bonne ex\u00e9cution des obligations contractuelles.<\/span><\/span><\/label><\/span><\/span><\/span><\/div>\n<div class=\"col-md-12 mg-bottom-10\"><input type=\"submit\" value=\"ENVOYER\" class=\"wpcf7-form-control has-spinner wpcf7-submit\" \/>\n<\/div>\n<\/div>\n<div class=\"wpcf7-response-output\" aria-hidden=\"true\"><\/div><\/form><\/div>[\/vc_column][vc_column width=\u00a0\u00bb1\/6&Prime;][vc_empty_space height=\u00a0\u00bb1&Prime;][\/vc_column][\/vc_row]<\/p>\n","protected":false},"excerpt":{"rendered":"<p>[vc_row][vc_column][gsf_space desktop=\u00a0\u00bb210&Prime; tablet=\u00a0\u00bb10&Prime; tablet_portrait=\u00a0\u00bb10&Prime; mobile_landscape=\u00a0\u00bb10&Prime; mobile=\u00a0\u00bb10&Prime;][\/vc_column][\/vc_row][vc_row][vc_column][vc_single_image image=\u00a0\u00bb5435&Prime; img_size=\u00a0\u00bbfull\u00a0\u00bb][\/vc_column][\/vc_row][vc_row][vc_column][vc_empty_space height=\u00a0\u00bb40&Prime;][\/vc_column][\/vc_row][vc_row css=\u00a0\u00bb.vc_custom_1542028921693{padding-top: 20px !important;padding-bottom: 20px !important;background-color: #ede9e3 !important;}\u00a0\u00bb][vc_column width=\u00a0\u00bb1\/2&Prime;][vc_column_text] Jardiservice na\u00eet et vit en Italie, parle et pense \u00e0 l\u2019Europe! [\/vc_column_text][vc_column_text]Nous sommes strat\u00e9giquement situ\u00e9s au centre de l\u2019Italie, o\u00f9 les conditions microclimatiques favorisent une large production de plantes fleuries et m\u00e9diterran\u00e9ennes de haute qualit\u00e9. Il y a [&hellip;]<\/p>\n","protected":false},"author":2,"featured_media":0,"parent":0,"menu_order":0,"comment_status":"closed","ping_status":"closed","template":"","meta":{"_seopress_robots_primary_cat":"","_seopress_titles_title":"","_seopress_titles_desc":"","_seopress_robots_index":""},"_links":{"self":[{"href":"https:\/\/www.jardiservice.it\/fr\/wp-json\/wp\/v2\/pages\/5430"}],"collection":[{"href":"https:\/\/www.jardiservice.it\/fr\/wp-json\/wp\/v2\/pages"}],"about":[{"href":"https:\/\/www.jardiservice.it\/fr\/wp-json\/wp\/v2\/types\/page"}],"author":[{"embeddable":true,"href":"https:\/\/www.jardiservice.it\/fr\/wp-json\/wp\/v2\/users\/2"}],"replies":[{"embeddable":true,"href":"https:\/\/www.jardiservice.it\/fr\/wp-json\/wp\/v2\/comments?post=5430"}],"version-history":[{"count":0,"href":"https:\/\/www.jardiservice.it\/fr\/wp-json\/wp\/v2\/pages\/5430\/revisions"}],"wp:attachment":[{"href":"https:\/\/www.jardiservice.it\/fr\/wp-json\/wp\/v2\/media?parent=5430"}],"curies":[{"name":"wp","href":"https:\/\/api.w.org\/{rel}","templated":true}]}}