{"id":5485,"date":"2018-11-15T15:03:52","date_gmt":"2018-11-15T14:03:52","guid":{"rendered":"https:\/\/www.jardiservice.it\/service\/"},"modified":"2019-01-30T16:07:38","modified_gmt":"2019-01-30T15:07:38","slug":"service","status":"publish","type":"page","link":"https:\/\/www.jardiservice.it\/fr\/service\/","title":{"rendered":"Service"},"content":{"rendered":"<p>[vc_row][vc_column][gsf_space desktop=\u00a0\u00bb180&Prime; tablet=\u00a0\u00bb10&Prime; tablet_portrait=\u00a0\u00bb10&Prime; mobile_landscape=\u00a0\u00bb10&Prime; mobile=\u00a0\u00bb10&Prime;][\/vc_column][\/vc_row][vc_row css=\u00a0\u00bb.vc_custom_1539336396691{padding-top: 60px !important;padding-right: 20px !important;padding-bottom: 60px !important;padding-left: 20px !important;}\u00a0\u00bb][vc_column width=\u00a0\u00bb1\/3&Prime;][vc_single_image image=\u00a0\u00bb5076&Prime; img_size=\u00a0\u00bbfull\u00a0\u00bb alignment=\u00a0\u00bbcenter\u00a0\u00bb css_animation=\u00a0\u00bbappear\u00a0\u00bb][\/vc_column][vc_column width=\u00a0\u00bb2\/3&Prime;][gsf_counter subtitle=\u00a0\u00bb\u00a0\u00bb end=\u00a0\u00bb1&Prime; duration=\u00a0\u00bb2,0&Prime; prefix=\u00a0\u00bb0&Prime; icon_color=\u00a0\u00bb#333333&Prime; title=\u00a0\u00bbPremiere qualit\u00e9\u00a0\u00bb][vc_empty_space height=\u00a0\u00bb20&Prime;][vc_column_text]La s\u00e9lection et le suivi des productions, le contr\u00f4le qualit\u00e9 minutieux \u00e0 partir de la mise en culture \u00e0 la livraison, la collaboration \u00e9troite avec des partenaires de confiance, l&rsquo;attention sur les besoins et les tendances du march\u00e9 et un \u0153il sur la recherche et le d\u00e9veloppement de nouveaux produits, nous permettent d&rsquo;offrir des produits de haute qualit\u00e9 et un assortiment en constante \u00e9volution.[\/vc_column_text][\/vc_column][\/vc_row][vc_row css=\u00a0\u00bb.vc_custom_1539334785015{padding-top: 60px !important;padding-right: 20px !important;padding-bottom: 60px !important;padding-left: 20px !important;background-color: #ede9e3 !important;}\u00a0\u00bb][vc_column width=\u00a0\u00bb1\/3&Prime;][vc_single_image image=\u00a0\u00bb5127&Prime; img_size=\u00a0\u00bbfull\u00a0\u00bb alignment=\u00a0\u00bbcenter\u00a0\u00bb css_animation=\u00a0\u00bbappear\u00a0\u00bb][\/vc_column][vc_column width=\u00a0\u00bb2\/3&Prime;][gsf_counter subtitle=\u00a0\u00bb\u00a0\u00bb end=\u00a0\u00bb2&Prime; duration=\u00a0\u00bb2,0&Prime; prefix=\u00a0\u00bb0&Prime; icon_color=\u00a0\u00bb#333333&Prime; title=\u00a0\u00bbDisponibilit\u00e9 de la semaine\u00a0\u00bb][vc_empty_space height=\u00a0\u00bb20&Prime;][vc_column_text]Plus de 1000 produits italiens class\u00e9s par famille et par type. Un format unique avec l&rsquo;assortiment de toutes les plantes disponibles, envoy\u00e9 chaque semaine et mis \u00e0 jour avec des photos et sp\u00e9cifications individuelles sur chaque article.[\/vc_column_text][\/vc_column][\/vc_row][vc_row css=\u00a0\u00bb.vc_custom_1539336396691{padding-top: 60px !important;padding-right: 20px !important;padding-bottom: 60px !important;padding-left: 20px !important;}\u00a0\u00bb][vc_column width=\u00a0\u00bb1\/3&Prime;][vc_single_image image=\u00a0\u00bb5107&Prime; img_size=\u00a0\u00bbfull\u00a0\u00bb alignment=\u00a0\u00bbcenter\u00a0\u00bb css_animation=\u00a0\u00bbappear\u00a0\u00bb][\/vc_column][vc_column width=\u00a0\u00bb2\/3&Prime;][gsf_counter subtitle=\u00a0\u00bb\u00a0\u00bb end=\u00a0\u00bb3&Prime; duration=\u00a0\u00bb2,0&Prime; prefix=\u00a0\u00bb0&Prime; icon_color=\u00a0\u00bb#333333&Prime; title=\u00a0\u00bbProduit personnalis\u00e9\u00a0\u00bb][vc_empty_space height=\u00a0\u00bb20&Prime;][vc_column_text]Le but est le produit \u00ab\u00a0sur mesure\u00a0\u00bb pour le client, soi dit \u00ab\u00a0pr\u00eat \u00e0 poser\u00a0\u00bb. A partir de l&rsquo;identification des vari\u00e9t\u00e9s et en \u00ab\u00a0jouant\u00a0\u00bb avec les couleurs, les formes et les tailles des plantes et des pots, rajoutant enfin une \u00e9tiquette photographique \u00ab\u00a0ad hoc\u00a0\u00bb, nous veillons et donnons ainsi \u00e0 chaque plante une identit\u00e9 tout \u00e0 fait unique.[\/vc_column_text][\/vc_column][\/vc_row][vc_row css=\u00a0\u00bb.vc_custom_1539334785015{padding-top: 60px !important;padding-right: 20px !important;padding-bottom: 60px !important;padding-left: 20px !important;background-color: #ede9e3 !important;}\u00a0\u00bb][vc_column width=\u00a0\u00bb1\/3&Prime;][vc_single_image image=\u00a0\u00bb5118&Prime; img_size=\u00a0\u00bbfull\u00a0\u00bb alignment=\u00a0\u00bbcenter\u00a0\u00bb css_animation=\u00a0\u00bbappear\u00a0\u00bb][\/vc_column][vc_column width=\u00a0\u00bb2\/3&Prime;][gsf_counter subtitle=\u00a0\u00bb\u00a0\u00bb end=\u00a0\u00bb4&Prime; duration=\u00a0\u00bb2,0&Prime; prefix=\u00a0\u00bb0&Prime; icon_color=\u00a0\u00bb#333333&Prime; title=\u00a0\u00bbRolls &amp; etages mix\u00a0\u00bb][vc_empty_space height=\u00a0\u00bb20&Prime;][vc_column_text]Avec la possibilit\u00e9 de m\u00e9langer diff\u00e9rents types de plantes soit sur \u00e9tage, soit sur roll, notre client peut cr\u00e9er sa propre s\u00e9lection de plantes d\u2019Italie avec un minimum de commande de seulement 2 rolls.[\/vc_column_text][\/vc_column][\/vc_row][vc_row css=\u00a0\u00bb.vc_custom_1539336396691{padding-top: 60px !important;padding-right: 20px !important;padding-bottom: 60px !important;padding-left: 20px !important;}\u00a0\u00bb][vc_column width=\u00a0\u00bb1\/3&Prime;][vc_single_image image=\u00a0\u00bb5414&Prime; img_size=\u00a0\u00bbfull\u00a0\u00bb alignment=\u00a0\u00bbcenter\u00a0\u00bb css_animation=\u00a0\u00bbappear\u00a0\u00bb][\/vc_column][vc_column width=\u00a0\u00bb2\/3&Prime;][gsf_counter subtitle=\u00a0\u00bb\u00a0\u00bb end=\u00a0\u00bb5&Prime; duration=\u00a0\u00bb2,0&Prime; prefix=\u00a0\u00bb0&Prime; icon_color=\u00a0\u00bb#333333&Prime; title=\u00a0\u00bbLivraisons rapides\u00a0\u00bb][vc_empty_space height=\u00a0\u00bb20&Prime;][vc_column_text]Le service logistique est int\u00e9gr\u00e9e dans l&rsquo;offre et nous permet d&rsquo;assurer une livraison rapide et ponctuelle sur tout le territoire europ\u00e9en, avec un temps de 2\/4 jours \u00e0 compter de la r\u00e9ception de la commande. Les produits voyagent sur camions \u00e0 temp\u00e9rature contr\u00f4l\u00e9e, en respectant les normes de qualit\u00e9 les plus \u00e9lev\u00e9es.[\/vc_column_text][\/vc_column][\/vc_row][vc_row content_width=\u00a0\u00bbfull\u00a0\u00bb css=\u00a0\u00bb.vc_custom_1539264578695{margin-bottom: 0px !important;}\u00a0\u00bb][vc_column css=\u00a0\u00bb.vc_custom_1539264587713{margin-bottom: 0px !important;}\u00a0\u00bb][vc_single_image image=\u00a0\u00bb5039&Prime; img_size=\u00a0\u00bbfull\u00a0\u00bb alignment=\u00a0\u00bbcenter\u00a0\u00bb css=\u00a0\u00bb.vc_custom_1539264595779{margin-bottom: 0px !important;}\u00a0\u00bb][\/vc_column][\/vc_row][vc_row bg_overlay_mode=\u00a0\u00bbcolor\u00a0\u00bb css=\u00a0\u00bb.vc_custom_1540291962291{padding-top: 30px !important;padding-bottom: 30px !important;background-color: #2c7e46 !important;}\u00a0\u00bb][vc_column width=\u00a0\u00bb1\/6&Prime;][vc_empty_space height=\u00a0\u00bb1&Prime;][\/vc_column][vc_column width=\u00a0\u00bb2\/3&Prime;]<div role=\"form\" class=\"wpcf7\" id=\"wpcf7-f5440-o1\" lang=\"en-US\" dir=\"ltr\">\n<div class=\"screen-reader-response\"><p role=\"status\" aria-live=\"polite\" aria-atomic=\"true\"><\/p> <ul><\/ul><\/div>\n<form action=\"\/fr\/wp-json\/wp\/v2\/pages\/5485#wpcf7-f5440-o1\" method=\"post\" class=\"wpcf7-form init\" novalidate=\"novalidate\" data-status=\"init\">\n<div style=\"display: none;\">\n<input type=\"hidden\" name=\"_wpcf7\" value=\"5440\" \/>\n<input type=\"hidden\" name=\"_wpcf7_version\" value=\"5.6.4\" \/>\n<input type=\"hidden\" name=\"_wpcf7_locale\" value=\"en_US\" \/>\n<input type=\"hidden\" name=\"_wpcf7_unit_tag\" value=\"wpcf7-f5440-o1\" \/>\n<input type=\"hidden\" name=\"_wpcf7_container_post\" value=\"0\" \/>\n<input type=\"hidden\" name=\"_wpcf7_posted_data_hash\" value=\"\" \/>\n<input type=\"hidden\" name=\"_wpcf7_recaptcha_response\" value=\"\" \/>\n<\/div>\n<h6 style=\"text-align: center; color: white;\">Remplissez le formulaire<br>ou contactez-nous<br><a href=\"tel:+390773840450\">+39 0773 840450<\/a><\/h6>\n<div align=\"center\">\n<div class=\"col-md-12 mg-bottom-10\"><span class=\"wpcf7-form-control-wrap\" data-name=\"text-11\"><input type=\"text\" name=\"text-11\" value=\"\" size=\"40\" class=\"wpcf7-form-control wpcf7-text wpcf7-validates-as-required\" aria-required=\"true\" aria-invalid=\"false\" placeholder=\"Nom et pr\u00e9nom*\" \/><\/span><\/div>\n<div class=\"col-md-12 mg-bottom-10\"><span class=\"wpcf7-form-control-wrap\" data-name=\"tel-23\"><input type=\"tel\" name=\"tel-23\" value=\"\" size=\"40\" class=\"wpcf7-form-control wpcf7-text wpcf7-tel wpcf7-validates-as-required wpcf7-validates-as-tel\" aria-required=\"true\" aria-invalid=\"false\" placeholder=\"T\u00e9l\u00e9phone*\" \/><\/span><\/div>\n<div class=\"col-md-12 mg-bottom-10\"><span class=\"wpcf7-form-control-wrap\" data-name=\"email-427\"><input type=\"email\" name=\"email-427\" value=\"\" size=\"40\" class=\"wpcf7-form-control wpcf7-text wpcf7-email wpcf7-validates-as-required wpcf7-validates-as-email\" aria-required=\"true\" aria-invalid=\"false\" placeholder=\"E-mail*\" \/><\/span><\/div>\n<div class=\"col-md-12 mg-bottom-10\"><span class=\"wpcf7-form-control-wrap\" data-name=\"textarea-607\"><textarea name=\"textarea-607\" cols=\"40\" rows=\"10\" class=\"wpcf7-form-control wpcf7-textarea wpcf7-validates-as-required\" aria-required=\"true\" aria-invalid=\"false\" placeholder=\"Message*\"><\/textarea><\/span><\/div>\n<div class=\"col-md-12 mg-bottom-10\">\n\n<\/div>\n<div class=\"col-md-12 mg-bottom-10\"><span class=\"wpcf7-form-control-wrap\" data-name=\"acceptance-665\"><span class=\"wpcf7-form-control wpcf7-acceptance\"><span class=\"wpcf7-list-item\"><label><input type=\"checkbox\" name=\"acceptance-665\" value=\"1\" aria-invalid=\"false\" \/><span class=\"wpcf7-list-item-label\"><span style=\"color:#ffffff;\">Je d\u00e9clare avoir lu les <a style=\"color:#b8b8b8;\" href=\"https:\/\/www.jardiservice.it\/fr\/privacy\/\">informations de confidentialit\u00e9<\/a> fournies conform\u00e9ment \u00e0 l'art. 13 R\u00e8glement europ\u00e9en 679\/2016 et donner son consentement au traitement de donn\u00e9es \u00e0 caract\u00e8re personnel, aux fins qui y sont indiqu\u00e9es, visant \u00e0 la bonne ex\u00e9cution des obligations contractuelles.<\/span><\/span><\/label><\/span><\/span><\/span><\/div>\n<div class=\"col-md-12 mg-bottom-10\"><input type=\"submit\" value=\"ENVOYER\" class=\"wpcf7-form-control has-spinner wpcf7-submit\" \/>\n<\/div>\n<\/div>\n<div class=\"wpcf7-response-output\" aria-hidden=\"true\"><\/div><\/form><\/div>[\/vc_column][vc_column width=\u00a0\u00bb1\/6&Prime;][vc_empty_space height=\u00a0\u00bb1&Prime;][\/vc_column][\/vc_row]<\/p>\n","protected":false},"excerpt":{"rendered":"<p>[vc_row][vc_column][gsf_space desktop=\u00a0\u00bb180&Prime; tablet=\u00a0\u00bb10&Prime; tablet_portrait=\u00a0\u00bb10&Prime; mobile_landscape=\u00a0\u00bb10&Prime; mobile=\u00a0\u00bb10&Prime;][\/vc_column][\/vc_row][vc_row css=\u00a0\u00bb.vc_custom_1539336396691{padding-top: 60px !important;padding-right: 20px !important;padding-bottom: 60px !important;padding-left: 20px !important;}\u00a0\u00bb][vc_column width=\u00a0\u00bb1\/3&Prime;][vc_single_image image=\u00a0\u00bb5076&Prime; img_size=\u00a0\u00bbfull\u00a0\u00bb alignment=\u00a0\u00bbcenter\u00a0\u00bb css_animation=\u00a0\u00bbappear\u00a0\u00bb][\/vc_column][vc_column width=\u00a0\u00bb2\/3&Prime;][gsf_counter subtitle=\u00a0\u00bb\u00a0\u00bb end=\u00a0\u00bb1&Prime; duration=\u00a0\u00bb2,0&Prime; prefix=\u00a0\u00bb0&Prime; icon_color=\u00a0\u00bb#333333&Prime; title=\u00a0\u00bbPremiere qualit\u00e9\u00a0\u00bb][vc_empty_space height=\u00a0\u00bb20&Prime;][vc_column_text]La s\u00e9lection et le suivi des productions, le contr\u00f4le qualit\u00e9 minutieux \u00e0 partir de la mise en culture \u00e0 la livraison, la collaboration \u00e9troite avec des partenaires [&hellip;]<\/p>\n","protected":false},"author":2,"featured_media":0,"parent":0,"menu_order":0,"comment_status":"closed","ping_status":"closed","template":"","meta":{"_seopress_robots_primary_cat":"","_seopress_titles_title":"","_seopress_titles_desc":"","_seopress_robots_index":""},"_links":{"self":[{"href":"https:\/\/www.jardiservice.it\/fr\/wp-json\/wp\/v2\/pages\/5485"}],"collection":[{"href":"https:\/\/www.jardiservice.it\/fr\/wp-json\/wp\/v2\/pages"}],"about":[{"href":"https:\/\/www.jardiservice.it\/fr\/wp-json\/wp\/v2\/types\/page"}],"author":[{"embeddable":true,"href":"https:\/\/www.jardiservice.it\/fr\/wp-json\/wp\/v2\/users\/2"}],"replies":[{"embeddable":true,"href":"https:\/\/www.jardiservice.it\/fr\/wp-json\/wp\/v2\/comments?post=5485"}],"version-history":[{"count":0,"href":"https:\/\/www.jardiservice.it\/fr\/wp-json\/wp\/v2\/pages\/5485\/revisions"}],"wp:attachment":[{"href":"https:\/\/www.jardiservice.it\/fr\/wp-json\/wp\/v2\/media?parent=5485"}],"curies":[{"name":"wp","href":"https:\/\/api.w.org\/{rel}","templated":true}]}}