{"id":5494,"date":"2018-11-15T16:04:12","date_gmt":"2018-11-15T15:04:12","guid":{"rendered":"https:\/\/www.jardiservice.it\/contacts\/"},"modified":"2026-01-26T11:27:47","modified_gmt":"2026-01-26T10:27:47","slug":"contacts","status":"publish","type":"page","link":"https:\/\/www.jardiservice.it\/fr\/contacts\/","title":{"rendered":"Contacts"},"content":{"rendered":"<p>[vc_row container_width=\u00a0\u00bblimit\u00a0\u00bb css=\u00a0\u00bb.vc_custom_1545216545089{margin-top: 20px !important;margin-bottom: 0px !important;padding-top: 20px !important;padding-bottom: 0px !important;}\u00a0\u00bb][vc_column][gsf_space desktop=\u00a0\u00bb170&Prime; tablet=\u00a0\u00bb50&Prime; tablet_portrait=\u00a0\u00bb50&Prime; mobile_landscape=\u00a0\u00bb50&Prime; mobile=\u00a0\u00bb50&Prime;][vc_column_text]<\/p>\n<style>.embed-container { position: relative; padding-bottom: 35%; height: 0; overflow: hidden; max-width: 100%; } .embed-container iframe, .embed-container object, .embed-container embed { position: absolute; top: 0; left: 0; width: 100%; height: 100%; }<\/style>\n<div class=\"embed-container\"><iframe loading=\"lazy\" style=\"border: 0;\" src=\"https:\/\/www.google.com\/maps\/embed?pb=!1m18!1m12!1m3!1d993217.3739152352!2d12.590362469333023!3d41.49302987994626!2m3!1f0!2f0!3f0!3m2!1i1024!2i768!4f13.1!3m3!1m2!1s0x1325123c23416fd3%3A0x1912a979c6ef9b4b!2sJardi+Service+SRL!5e0!3m2!1sit!2sit!4v1538399003324\" width=\"600\" height=\"300\" frameborder=\"0\" allowfullscreen=\"allowfullscreen\"><\/iframe><\/div>\n<p>[\/vc_column_text][\/vc_column][\/vc_row][vc_row css=\u00a0\u00bb.vc_custom_1545216871175{border-bottom-width: 1px !important;padding-top: 60px !important;padding-bottom: 60px !important;border-bottom-color: #eaeaea !important;border-bottom-style: solid !important;}\u00a0\u00bb][vc_column][vc_row_inner][vc_column_inner width=\u00a0\u00bb1\/3&Prime;][gsf_info_box layout_style=\u00a0\u00bbstyle-03&Prime; title=\u00a0\u00bbT\u00e9l\u00e9phone\u00a0\u00bb title_font_size=\u00a0\u00bb20&Prime; icon_font=\u00a0\u00bbflaticon-telephone-handle-silhouette\u00a0\u00bb icon_hover_color=\u00a0\u00bb#6ea820&Prime; ib_bg_color=\u00a0\u00bb#ffffff\u00a0\u00bb icon_size=\u00a0\u00bbib-medium\u00a0\u00bb hover_bg_color=\u00a0\u00bb#ffffff\u00a0\u00bb hover_text_color=\u00a0\u00bb#333333&Prime;]<strong class=\"fs-15\">T\u00e9l\u00e9phone:<\/strong><strong><span class=\"fs-15\"> <a href=\"tel:+390773840450\">+39 0773 84 04 50<\/a><\/span><\/strong><br \/>\n<strong class=\"fs-15\">Fax:<\/strong> <strong><span class=\"fs-15\">+39 0773 86 94 78<\/span><\/strong>[\/gsf_info_box][\/vc_column_inner][vc_column_inner width=\u00a0\u00bb1\/3&Prime;][gsf_info_box layout_style=\u00a0\u00bbstyle-03&Prime; title=\u00a0\u00bbAdresse\u00a0\u00bb title_font_size=\u00a0\u00bb20&Prime; icon_font=\u00a0\u00bbflaticon-placeholder\u00a0\u00bb icon_hover_color=\u00a0\u00bb#6ea820&Prime; ib_bg_color=\u00a0\u00bb#ffffff\u00a0\u00bb icon_size=\u00a0\u00bbib-medium\u00a0\u00bb hover_bg_color=\u00a0\u00bb#ffffff\u00a0\u00bb hover_text_color=\u00a0\u00bb#333333&Prime;]<strong class=\"fs-15\">Via Migliara 45 \u00bd dx, 1250-1274<\/strong><br \/>\n<strong class=\"fs-15\">04014 Pontinia (LT) \u2013 Italia<\/strong>[\/gsf_info_box][\/vc_column_inner][vc_column_inner width=\u00a0\u00bb1\/3&Prime;][gsf_info_box layout_style=\u00a0\u00bbstyle-03&Prime; title=\u00a0\u00bbEmail\u00a0\u00bb title_font_size=\u00a0\u00bb20&Prime; icon_font=\u00a0\u00bbflaticon-note\u00a0\u00bb icon_hover_color=\u00a0\u00bb#6ea820&Prime; ib_bg_color=\u00a0\u00bb#ffffff\u00a0\u00bb icon_size=\u00a0\u00bbib-medium\u00a0\u00bb hover_bg_color=\u00a0\u00bb#ffffff\u00a0\u00bb hover_text_color=\u00a0\u00bb#333333&Prime;]<a href=\"mailto:info@jardiservice.it\"><strong class=\"fs-15\"><strong>info@jardiservice.it<\/strong><\/strong><\/a>[\/gsf_info_box][\/vc_column_inner][\/vc_row_inner][\/vc_column][\/vc_row][vc_row][vc_column][gsf_space desktop=\u00a0\u00bb102&Prime; tablet=\u00a0\u00bb80&Prime; tablet_portrait=\u00a0\u00bb70&Prime; mobile_landscape=\u00a0\u00bb60&Prime; mobile=\u00a0\u00bb50&Prime;][vc_row_inner][vc_column_inner width=\u00a0\u00bb1\/4&Prime;][vc_single_image image=\u00a0\u00bb7843&Prime; img_size=\u00a0\u00bb230&#215;219&Prime; alignment=\u00a0\u00bbcenter\u00a0\u00bb el_class=\u00a0\u00bb\u00a0\u00bb css=\u00a0\u00bb.vc_custom_1769423263067{margin-bottom: 1px !important;padding-bottom: 1px !important;}\u00a0\u00bb][vc_column_text css=\u00a0\u00bb.vc_custom_1546860125975{margin-top: 1px !important;margin-bottom: 1px !important;}\u00a0\u00bb]<\/p>\n<h6 style=\"text-align: center;\">Wally Cavezzan<\/h6>\n<p>[\/vc_column_text][vc_column_text css=\u00a0\u00bb.vc_custom_1589182223579{margin-top: 7px !important;margin-bottom: 1px !important;}\u00a0\u00bb]<\/p>\n<p style=\"text-align: center;\"><strong>CEO et Commercial<\/strong><br \/>\n(fran\u00e7ais, allemand)<\/p>\n<p>[\/vc_column_text][vc_column_text css=\u00a0\u00bb.vc_custom_1546860209768{margin-top: 1px !important;margin-bottom: 1px !important;}\u00a0\u00bb]<\/p>\n<p style=\"text-align: center;\">+39 0773 840450<br \/>\n+39 340 6552859<br \/>\n<a href=\"mailto:wally@jardiservice.it\">wally@jardiservice.it<\/a><\/p>\n<p>[\/vc_column_text][vc_empty_space height=\u00a0\u00bb35&Prime;][\/vc_column_inner][vc_column_inner width=\u00a0\u00bb1\/4&Prime;][vc_single_image image=\u00a0\u00bb7847&Prime; img_size=\u00a0\u00bb230&#215;219&Prime; alignment=\u00a0\u00bbcenter\u00a0\u00bb el_class=\u00a0\u00bb\u00a0\u00bb css=\u00a0\u00bb.vc_custom_1769423245327{margin-bottom: 1px !important;padding-bottom: 1px !important;}\u00a0\u00bb][vc_column_text el_class=\u00a0\u00bb\u00a0\u00bb css=\u00a0\u00bb.vc_custom_1769423252501{margin-top: 1px !important;margin-bottom: 1px !important;}\u00a0\u00bb]<\/p>\n<h6 style=\"text-align: center;\">Alessia Tomasello<\/h6>\n<p>[\/vc_column_text][vc_column_text css=\u00a0\u00bb.vc_custom_1583749067119{margin-top: 7px !important;margin-bottom: 1px !important;}\u00a0\u00bb]<\/p>\n<p style=\"text-align: center;\"><strong>Commercial<\/strong><br \/>\n(fran\u00e7ais, allemand, anglais)<\/p>\n<p>[\/vc_column_text][vc_column_text css=\u00a0\u00bb.vc_custom_1769423144639{margin-top: 1px !important;margin-bottom: 1px !important;}\u00a0\u00bb]<\/p>\n<p style=\"text-align: center;\">+39 0773 840450<br \/>\n+39 342 3224652<br \/>\n<a href=\"mailto:alessia@jardiservice.it\">alessia@jardiservice.it<\/a><\/p>\n<p>[\/vc_column_text][vc_empty_space height=\u00a0\u00bb35&Prime;][\/vc_column_inner][vc_column_inner width=\u00a0\u00bb1\/4&Prime;][vc_single_image image=\u00a0\u00bb7851&Prime; img_size=\u00a0\u00bb230&#215;219&Prime; alignment=\u00a0\u00bbcenter\u00a0\u00bb el_class=\u00a0\u00bb\u00a0\u00bb css=\u00a0\u00bb.vc_custom_1769423232079{margin-bottom: 1px !important;padding-bottom: 1px !important;}\u00a0\u00bb][vc_column_text css=\u00a0\u00bb.vc_custom_1546860630494{margin-top: 1px !important;margin-bottom: 1px !important;}\u00a0\u00bb]<\/p>\n<h6 style=\"text-align: center;\">Denis Nadal<\/h6>\n<p>[\/vc_column_text][vc_column_text css=\u00a0\u00bb.vc_custom_1546874846554{margin-top: 7px !important;margin-bottom: 1px !important;}\u00a0\u00bb]<\/p>\n<p style=\"text-align: center;\"><strong>Directeur des Achats et Directeur Commercial<\/strong><\/p>\n<p>[\/vc_column_text][vc_column_text css=\u00a0\u00bb.vc_custom_1546860694439{margin-top: 1px !important;margin-bottom: 1px !important;}\u00a0\u00bb]<\/p>\n<p style=\"text-align: center;\">+39 0773 840450<br \/>\n+39 340 6552676<br \/>\n<a href=\"mailto:denis@jardiservice.it\">denis@jardiservice.it<\/a><\/p>\n<p>[\/vc_column_text][vc_empty_space height=\u00a0\u00bb35&Prime;][\/vc_column_inner][vc_column_inner width=\u00a0\u00bb1\/4&Prime;][vc_single_image image=\u00a0\u00bb7855&Prime; img_size=\u00a0\u00bb230&#215;219&Prime; alignment=\u00a0\u00bbcenter\u00a0\u00bb el_class=\u00a0\u00bb\u00a0\u00bb css=\u00a0\u00bb.vc_custom_1769423222563{margin-bottom: 1px !important;padding-bottom: 1px !important;}\u00a0\u00bb][vc_column_text css=\u00a0\u00bb.vc_custom_1546860876188{margin-top: 1px !important;margin-bottom: 1px !important;}\u00a0\u00bb]<\/p>\n<h6 style=\"text-align: center;\">Daniela Sodini<\/h6>\n<p>[\/vc_column_text][vc_column_text css=\u00a0\u00bb.vc_custom_1669826252226{margin-top: 7px !important;margin-bottom: 1px !important;}\u00a0\u00bb]<\/p>\n<p style=\"text-align: center;\"><strong>Comptabilit\u00e9 et Finance<\/strong><\/p>\n<p>[\/vc_column_text][vc_column_text css=\u00a0\u00bb.vc_custom_1669826277457{margin-top: 1px !important;margin-bottom: 1px !important;}\u00a0\u00bb]<\/p>\n<p style=\"text-align: center;\">+39 0773 840450<br \/>\n<a href=\"mailto:daniela@jardiservice.it\">daniela@jardiservice.it<\/a><\/p>\n<p>[\/vc_column_text][vc_empty_space height=\u00a0\u00bb35&Prime;][\/vc_column_inner][\/vc_row_inner][vc_row_inner][vc_column_inner width=\u00a0\u00bb1\/4&Prime;][vc_single_image image=\u00a0\u00bb7860&Prime; img_size=\u00a0\u00bb230&#215;219&Prime; alignment=\u00a0\u00bbcenter\u00a0\u00bb el_class=\u00a0\u00bb\u00a0\u00bb css=\u00a0\u00bb.vc_custom_1769423182100{margin-bottom: 1px !important;padding-bottom: 1px !important;}\u00a0\u00bb][vc_column_text el_class=\u00a0\u00bb\u00a0\u00bb css=\u00a0\u00bb.vc_custom_1769423170239{margin-top: 1px !important;margin-bottom: 1px !important;}\u00a0\u00bb]<\/p>\n<h6 style=\"text-align: center;\">Tiziana Marcoccio<\/h6>\n<p>[\/vc_column_text][vc_column_text css=\u00a0\u00bb.vc_custom_1769423091936{margin-top: 7px !important;margin-bottom: 1px !important;}\u00a0\u00bb]<\/p>\n<p style=\"text-align: center;\"><strong>Commercial<\/strong><br \/>\n(allemand)<\/p>\n<p>[\/vc_column_text][vc_column_text css=\u00a0\u00bb.vc_custom_1769423107971{margin-top: 1px !important;margin-bottom: 1px !important;}\u00a0\u00bb]<\/p>\n<p style=\"text-align: center;\">+39 0773 840450<br \/>\n+39 370 3039172<br \/>\n<a href=\"mailto:jardiservice@jardiservice.it\">jardiservice@jardiservice.it<\/a><\/p>\n<p>[\/vc_column_text][vc_empty_space height=\u00a0\u00bb35&Prime;][\/vc_column_inner][vc_column_inner width=\u00a0\u00bb1\/4&Prime;][vc_single_image image=\u00a0\u00bb7864&Prime; img_size=\u00a0\u00bb230&#215;219&Prime; alignment=\u00a0\u00bbcenter\u00a0\u00bb el_class=\u00a0\u00bb\u00a0\u00bb css=\u00a0\u00bb.vc_custom_1769423191543{margin-bottom: 1px !important;padding-bottom: 1px !important;}\u00a0\u00bb][vc_column_text css=\u00a0\u00bb.vc_custom_1546860904819{margin-top: 1px !important;margin-bottom: 1px !important;}\u00a0\u00bb]<\/p>\n<h6 style=\"text-align: center;\">Alessandra Lauretti<\/h6>\n<p>[\/vc_column_text][vc_column_text css=\u00a0\u00bb.vc_custom_1676971714197{margin-top: 7px !important;margin-bottom: 1px !important;}\u00a0\u00bb]<\/p>\n<p style=\"text-align: center;\"><strong>Responsable Commandes et Facturation<\/strong><\/p>\n<p>[\/vc_column_text][vc_column_text css=\u00a0\u00bb.vc_custom_1546861051236{margin-top: 1px !important;margin-bottom: 1px !important;}\u00a0\u00bb]<\/p>\n<p style=\"text-align: center;\">+39 0773 840450<br \/>\n+39 340 6552688<br \/>\n<a href=\"mailto:alessandra@jardiservice.it\">alessandra@jardiservice.it<\/a><\/p>\n<p>[\/vc_column_text][vc_empty_space height=\u00a0\u00bb35&Prime;][\/vc_column_inner][vc_column_inner width=\u00a0\u00bb1\/4&Prime;][vc_single_image image=\u00a0\u00bb7868&Prime; img_size=\u00a0\u00bb230&#215;219&Prime; alignment=\u00a0\u00bbcenter\u00a0\u00bb el_class=\u00a0\u00bb\u00a0\u00bb css=\u00a0\u00bb.vc_custom_1769423200694{margin-bottom: 1px !important;padding-bottom: 1px !important;}\u00a0\u00bb][vc_column_text css=\u00a0\u00bb.vc_custom_1669822969712{margin-top: 1px !important;margin-bottom: 1px !important;}\u00a0\u00bb]<\/p>\n<h6 style=\"text-align: center;\">Aurora Stinchetti<\/h6>\n<p>[\/vc_column_text][vc_column_text css=\u00a0\u00bb.vc_custom_1669822952552{margin-top: 7px !important;margin-bottom: 1px !important;}\u00a0\u00bb]<\/p>\n<p style=\"text-align: center;\"><strong>Comptabilit\u00e9<\/strong><\/p>\n<p>[\/vc_column_text][vc_column_text css=\u00a0\u00bb.vc_custom_1669826289792{margin-top: 1px !important;margin-bottom: 1px !important;}\u00a0\u00bb]<\/p>\n<p style=\"text-align: center;\">+39 0773 840450<br \/>\n<a href=\"mailto:aurora@jardiservice.it\">aurora@jardiservice.it<\/a><\/p>\n<p>[\/vc_column_text][vc_empty_space height=\u00a0\u00bb35&Prime;][\/vc_column_inner][vc_column_inner width=\u00a0\u00bb1\/4&Prime;][vc_single_image image=\u00a0\u00bb7872&Prime; img_size=\u00a0\u00bb230&#215;219&Prime; alignment=\u00a0\u00bbcenter\u00a0\u00bb el_class=\u00a0\u00bb\u00a0\u00bb css=\u00a0\u00bb.vc_custom_1769423210502{margin-bottom: 1px !important;padding-bottom: 1px !important;}\u00a0\u00bb][vc_column_text css=\u00a0\u00bb.vc_custom_1676971774983{margin-top: 1px !important;margin-bottom: 1px !important;}\u00a0\u00bb]<\/p>\n<h6 style=\"text-align: center;\">Flaminia Baruchello<\/h6>\n<p>[\/vc_column_text][vc_column_text css=\u00a0\u00bb.vc_custom_1676971758783{margin-top: 7px !important;margin-bottom: 1px !important;}\u00a0\u00bb]<\/p>\n<p style=\"text-align: center;\"><strong>Assistante Commandes et Facturation<\/strong><\/p>\n<p>[\/vc_column_text][vc_column_text css=\u00a0\u00bb.vc_custom_1676971787774{margin-top: 1px !important;margin-bottom: 1px !important;}\u00a0\u00bb]<\/p>\n<p style=\"text-align: center;\">+39 0773 840450<br \/>\n+39 388 7515549<br \/>\n<a href=\"mailto:jardiservice@jardiservice.it\">jardiservice@jardiservice.it<\/a><\/p>\n<p>[\/vc_column_text][vc_empty_space height=\u00a0\u00bb35&Prime;][\/vc_column_inner][\/vc_row_inner][gsf_space desktop=\u00a0\u00bb102&Prime; tablet=\u00a0\u00bb80&Prime; tablet_portrait=\u00a0\u00bb70&Prime; mobile_landscape=\u00a0\u00bb60&Prime; mobile=\u00a0\u00bb50&Prime;][\/vc_column][\/vc_row][vc_row content_width=\u00a0\u00bbfull\u00a0\u00bb content_placement=\u00a0\u00bbbottom\u00a0\u00bb css=\u00a0\u00bb.vc_custom_1544617948869{margin-bottom: 0px !important;}\u00a0\u00bb responsive=\u00a0\u00bbvc_hidden-md vc_hidden-sm vc_hidden-xs\u00a0\u00bb][vc_column][vc_single_image image=\u00a0\u00bb5039&Prime; img_size=\u00a0\u00bbfull\u00a0\u00bb css=\u00a0\u00bb.vc_custom_1544617935541{margin-bottom: 0px !important;}\u00a0\u00bb][\/vc_column][\/vc_row][vc_row css=\u00a0\u00bb.vc_custom_1540292152866{margin-bottom: 0px !important;padding-top: 20px !important;padding-bottom: 30px !important;background-color: #2c7e46 !important;}\u00a0\u00bb][vc_column el_class=\u00a0\u00bbgsf-contact-form\u00a0\u00bb width=\u00a0\u00bb1\/6&Prime;][vc_empty_space height=\u00a0\u00bb1&Prime;][\/vc_column][vc_column width=\u00a0\u00bb2\/3&Prime;]<div role=\"form\" class=\"wpcf7\" id=\"wpcf7-f5440-o1\" lang=\"en-US\" dir=\"ltr\">\n<div class=\"screen-reader-response\"><p role=\"status\" aria-live=\"polite\" aria-atomic=\"true\"><\/p> <ul><\/ul><\/div>\n<form action=\"\/fr\/wp-json\/wp\/v2\/pages\/5494#wpcf7-f5440-o1\" method=\"post\" class=\"wpcf7-form init\" novalidate=\"novalidate\" data-status=\"init\">\n<div style=\"display: none;\">\n<input type=\"hidden\" name=\"_wpcf7\" value=\"5440\" \/>\n<input type=\"hidden\" name=\"_wpcf7_version\" value=\"5.6.4\" \/>\n<input type=\"hidden\" name=\"_wpcf7_locale\" value=\"en_US\" \/>\n<input type=\"hidden\" name=\"_wpcf7_unit_tag\" value=\"wpcf7-f5440-o1\" \/>\n<input type=\"hidden\" name=\"_wpcf7_container_post\" value=\"0\" \/>\n<input type=\"hidden\" name=\"_wpcf7_posted_data_hash\" value=\"\" \/>\n<input type=\"hidden\" name=\"_wpcf7_recaptcha_response\" value=\"\" \/>\n<\/div>\n<h6 style=\"text-align: center; color: white;\">Remplissez le formulaire<br>ou contactez-nous<br><a href=\"tel:+390773840450\">+39 0773 840450<\/a><\/h6>\n<div align=\"center\">\n<div class=\"col-md-12 mg-bottom-10\"><span class=\"wpcf7-form-control-wrap\" data-name=\"text-11\"><input type=\"text\" name=\"text-11\" value=\"\" size=\"40\" class=\"wpcf7-form-control wpcf7-text wpcf7-validates-as-required\" aria-required=\"true\" aria-invalid=\"false\" placeholder=\"Nom et pr\u00e9nom*\" \/><\/span><\/div>\n<div class=\"col-md-12 mg-bottom-10\"><span class=\"wpcf7-form-control-wrap\" data-name=\"tel-23\"><input type=\"tel\" name=\"tel-23\" value=\"\" size=\"40\" class=\"wpcf7-form-control wpcf7-text wpcf7-tel wpcf7-validates-as-required wpcf7-validates-as-tel\" aria-required=\"true\" aria-invalid=\"false\" placeholder=\"T\u00e9l\u00e9phone*\" \/><\/span><\/div>\n<div class=\"col-md-12 mg-bottom-10\"><span class=\"wpcf7-form-control-wrap\" data-name=\"email-427\"><input type=\"email\" name=\"email-427\" value=\"\" size=\"40\" class=\"wpcf7-form-control wpcf7-text wpcf7-email wpcf7-validates-as-required wpcf7-validates-as-email\" aria-required=\"true\" aria-invalid=\"false\" placeholder=\"E-mail*\" \/><\/span><\/div>\n<div class=\"col-md-12 mg-bottom-10\"><span class=\"wpcf7-form-control-wrap\" data-name=\"textarea-607\"><textarea name=\"textarea-607\" cols=\"40\" rows=\"10\" class=\"wpcf7-form-control wpcf7-textarea wpcf7-validates-as-required\" aria-required=\"true\" aria-invalid=\"false\" placeholder=\"Message*\"><\/textarea><\/span><\/div>\n<div class=\"col-md-12 mg-bottom-10\">\n\n<\/div>\n<div class=\"col-md-12 mg-bottom-10\"><span class=\"wpcf7-form-control-wrap\" data-name=\"acceptance-665\"><span class=\"wpcf7-form-control wpcf7-acceptance\"><span class=\"wpcf7-list-item\"><label><input type=\"checkbox\" name=\"acceptance-665\" value=\"1\" aria-invalid=\"false\" \/><span class=\"wpcf7-list-item-label\"><span style=\"color:#ffffff;\">Je d\u00e9clare avoir lu les <a style=\"color:#b8b8b8;\" href=\"https:\/\/www.jardiservice.it\/fr\/privacy\/\">informations de confidentialit\u00e9<\/a> fournies conform\u00e9ment \u00e0 l'art. 13 R\u00e8glement europ\u00e9en 679\/2016 et donner son consentement au traitement de donn\u00e9es \u00e0 caract\u00e8re personnel, aux fins qui y sont indiqu\u00e9es, visant \u00e0 la bonne ex\u00e9cution des obligations contractuelles.<\/span><\/span><\/label><\/span><\/span><\/span><\/div>\n<div class=\"col-md-12 mg-bottom-10\"><input type=\"submit\" value=\"ENVOYER\" class=\"wpcf7-form-control has-spinner wpcf7-submit\" \/>\n<\/div>\n<\/div>\n<div class=\"wpcf7-response-output\" aria-hidden=\"true\"><\/div><\/form><\/div>[\/vc_column][vc_column width=\u00a0\u00bb1\/6&Prime;][vc_empty_space height=\u00a0\u00bb1&Prime;][\/vc_column][\/vc_row]<\/p>\n","protected":false},"excerpt":{"rendered":"<p>[vc_row container_width=\u00a0\u00bblimit\u00a0\u00bb css=\u00a0\u00bb.vc_custom_1545216545089{margin-top: 20px !important;margin-bottom: 0px !important;padding-top: 20px !important;padding-bottom: 0px !important;}\u00a0\u00bb][vc_column][gsf_space desktop=\u00a0\u00bb170&Prime; tablet=\u00a0\u00bb50&Prime; tablet_portrait=\u00a0\u00bb50&Prime; mobile_landscape=\u00a0\u00bb50&Prime; mobile=\u00a0\u00bb50&Prime;][vc_column_text] [\/vc_column_text][\/vc_column][\/vc_row][vc_row css=\u00a0\u00bb.vc_custom_1545216871175{border-bottom-width: 1px !important;padding-top: 60px !important;padding-bottom: 60px !important;border-bottom-color: #eaeaea !important;border-bottom-style: solid !important;}\u00a0\u00bb][vc_column][vc_row_inner][vc_column_inner width=\u00a0\u00bb1\/3&Prime;][gsf_info_box layout_style=\u00a0\u00bbstyle-03&Prime; title=\u00a0\u00bbT\u00e9l\u00e9phone\u00a0\u00bb title_font_size=\u00a0\u00bb20&Prime; icon_font=\u00a0\u00bbflaticon-telephone-handle-silhouette\u00a0\u00bb icon_hover_color=\u00a0\u00bb#6ea820&Prime; ib_bg_color=\u00a0\u00bb#ffffff\u00a0\u00bb icon_size=\u00a0\u00bbib-medium\u00a0\u00bb hover_bg_color=\u00a0\u00bb#ffffff\u00a0\u00bb hover_text_color=\u00a0\u00bb#333333&Prime;]T\u00e9l\u00e9phone: +39 0773 84 04 50 Fax: +39 0773 86 94 78[\/gsf_info_box][\/vc_column_inner][vc_column_inner width=\u00a0\u00bb1\/3&Prime;][gsf_info_box layout_style=\u00a0\u00bbstyle-03&Prime; title=\u00a0\u00bbAdresse\u00a0\u00bb title_font_size=\u00a0\u00bb20&Prime; icon_font=\u00a0\u00bbflaticon-placeholder\u00a0\u00bb icon_hover_color=\u00a0\u00bb#6ea820&Prime; [&hellip;]<\/p>\n","protected":false},"author":2,"featured_media":0,"parent":0,"menu_order":0,"comment_status":"closed","ping_status":"closed","template":"","meta":{"_seopress_robots_primary_cat":"","_seopress_titles_title":"","_seopress_titles_desc":"","_seopress_robots_index":""},"_links":{"self":[{"href":"https:\/\/www.jardiservice.it\/fr\/wp-json\/wp\/v2\/pages\/5494"}],"collection":[{"href":"https:\/\/www.jardiservice.it\/fr\/wp-json\/wp\/v2\/pages"}],"about":[{"href":"https:\/\/www.jardiservice.it\/fr\/wp-json\/wp\/v2\/types\/page"}],"author":[{"embeddable":true,"href":"https:\/\/www.jardiservice.it\/fr\/wp-json\/wp\/v2\/users\/2"}],"replies":[{"embeddable":true,"href":"https:\/\/www.jardiservice.it\/fr\/wp-json\/wp\/v2\/comments?post=5494"}],"version-history":[{"count":13,"href":"https:\/\/www.jardiservice.it\/fr\/wp-json\/wp\/v2\/pages\/5494\/revisions"}],"predecessor-version":[{"id":7878,"href":"https:\/\/www.jardiservice.it\/fr\/wp-json\/wp\/v2\/pages\/5494\/revisions\/7878"}],"wp:attachment":[{"href":"https:\/\/www.jardiservice.it\/fr\/wp-json\/wp\/v2\/media?parent=5494"}],"curies":[{"name":"wp","href":"https:\/\/api.w.org\/{rel}","templated":true}]}}