{"id":5515,"date":"2018-11-15T16:54:14","date_gmt":"2018-11-15T15:54:14","guid":{"rendered":"https:\/\/www.jardiservice.it\/home\/"},"modified":"2019-10-22T13:01:53","modified_gmt":"2019-10-22T11:01:53","slug":"home","status":"publish","type":"page","link":"https:\/\/www.jardiservice.it\/fr\/","title":{"rendered":"Home"},"content":{"rendered":"<p>[vc_row][vc_column]\n\t\t\t<!-- START Home Jardiservice REVOLUTION SLIDER 6.6.13 --><p class=\"rs-p-wp-fix\"><\/p>\n\t\t\t<rs-module-wrap id=\"rev_slider_15_1_wrapper\" data-source=\"gallery\" style=\"visibility:hidden;background:transparent;padding:0;margin:0px auto;margin-top:0;margin-bottom:0;\">\n\t\t\t\t<rs-module id=\"rev_slider_15_1\" style=\"\" data-version=\"6.6.13\">\n\t\t\t\t\t<rs-slides style=\"overflow: hidden; position: absolute;\">\n\t\t\t\t\t\t<rs-slide style=\"position: absolute;\" data-key=\"rs-29\" data-title=\"Slide\" data-anim=\"adpr:false;\">\n\t\t\t\t\t\t\t<img src=\"\/\/www.jardiservice.it\/wp-content\/plugins\/revslider\/public\/assets\/assets\/dummy.png\" alt=\"\" title=\"Home\" class=\"rev-slidebg tp-rs-img rs-lazyload\" data-lazyload=\"\/\/www.jardiservice.it\/wp-content\/uploads\/2018\/10\/jardiservice-slider-01-1.jpg\" data-parallax=\"4\" data-panzoom=\"d:10000;ss:100;se:110;\" data-no-retina>\n<!---->\t\t\t\t\t\t<\/rs-slide>\n\t\t\t\t\t\t<rs-slide style=\"position: absolute;\" data-key=\"rs-30\" data-title=\"Slide\" data-anim=\"adpr:false;\">\n\t\t\t\t\t\t\t<img src=\"\/\/www.jardiservice.it\/wp-content\/plugins\/revslider\/public\/assets\/assets\/dummy.png\" alt=\"\" title=\"Home\" class=\"rev-slidebg tp-rs-img rs-lazyload\" data-lazyload=\"\/\/www.jardiservice.it\/wp-content\/uploads\/2018\/10\/jardiservice-slider-02-2.jpg\" data-parallax=\"4\" data-panzoom=\"d:10000;ss:100;se:110;\" data-no-retina>\n<!---->\t\t\t\t\t\t<\/rs-slide>\n\t\t\t\t\t\t<rs-slide style=\"position: absolute;\" data-key=\"rs-31\" data-title=\"Slide\" data-anim=\"adpr:false;\">\n\t\t\t\t\t\t\t<img src=\"\/\/www.jardiservice.it\/wp-content\/plugins\/revslider\/public\/assets\/assets\/dummy.png\" alt=\"\" title=\"Home\" class=\"rev-slidebg tp-rs-img rs-lazyload\" data-lazyload=\"\/\/www.jardiservice.it\/wp-content\/uploads\/2018\/10\/jardiservice-slider-03-1.jpg\" data-parallax=\"4\" data-panzoom=\"d:10000;ss:100;se:110;\" data-no-retina>\n<!---->\t\t\t\t\t\t<\/rs-slide>\n\t\t\t\t\t\t<rs-slide style=\"position: absolute;\" data-key=\"rs-32\" data-title=\"Slide\" data-anim=\"adpr:false;\">\n\t\t\t\t\t\t\t<img src=\"\/\/www.jardiservice.it\/wp-content\/plugins\/revslider\/public\/assets\/assets\/dummy.png\" alt=\"\" title=\"Home\" class=\"rev-slidebg tp-rs-img rs-lazyload\" data-lazyload=\"\/\/www.jardiservice.it\/wp-content\/uploads\/2018\/10\/jardiservice-slider-04.jpg\" data-parallax=\"4\" data-panzoom=\"d:10000;ss:100;se:110;\" data-no-retina>\n<!---->\t\t\t\t\t\t<\/rs-slide>\n\t\t\t\t\t\t<rs-slide style=\"position: absolute;\" data-key=\"rs-33\" data-title=\"Slide\" data-anim=\"adpr:false;\">\n\t\t\t\t\t\t\t<img src=\"\/\/www.jardiservice.it\/wp-content\/plugins\/revslider\/public\/assets\/assets\/dummy.png\" alt=\"\" title=\"Home\" class=\"rev-slidebg tp-rs-img rs-lazyload\" data-lazyload=\"\/\/www.jardiservice.it\/wp-content\/uploads\/2018\/10\/jardiservice-slider-05.jpg\" data-parallax=\"4\" data-panzoom=\"d:10000;ss:100;se:110;\" data-no-retina>\n<!---->\t\t\t\t\t\t<\/rs-slide>\n\t\t\t\t\t\t<rs-slide style=\"position: absolute;\" data-key=\"rs-34\" data-title=\"Slide\" data-anim=\"adpr:false;\">\n\t\t\t\t\t\t\t<img src=\"\/\/www.jardiservice.it\/wp-content\/plugins\/revslider\/public\/assets\/assets\/dummy.png\" alt=\"\" title=\"Home\" class=\"rev-slidebg tp-rs-img rs-lazyload\" data-lazyload=\"\/\/www.jardiservice.it\/wp-content\/uploads\/2018\/10\/jardiservice-slider-06.jpg\" data-parallax=\"4\" data-panzoom=\"d:10000;ss:100;se:110;\" data-no-retina>\n<!---->\t\t\t\t\t\t<\/rs-slide>\n\t\t\t\t\t\t<rs-slide style=\"position: absolute;\" data-key=\"rs-35\" data-title=\"Slide\" data-anim=\"adpr:false;\">\n\t\t\t\t\t\t\t<img src=\"\/\/www.jardiservice.it\/wp-content\/plugins\/revslider\/public\/assets\/assets\/dummy.png\" alt=\"\" title=\"Home\" class=\"rev-slidebg tp-rs-img rs-lazyload\" data-lazyload=\"\/\/www.jardiservice.it\/wp-content\/uploads\/2018\/10\/jardiservice-slider-07.jpg\" data-parallax=\"4\" data-panzoom=\"d:10000;ss:100;se:110;\" data-no-retina>\n<!---->\t\t\t\t\t\t<\/rs-slide>\n\t\t\t\t\t\t<rs-slide style=\"position: absolute;\" data-key=\"rs-36\" data-title=\"Slide\" data-anim=\"adpr:false;\">\n\t\t\t\t\t\t\t<img src=\"\/\/www.jardiservice.it\/wp-content\/plugins\/revslider\/public\/assets\/assets\/dummy.png\" alt=\"\" title=\"Home\" class=\"rev-slidebg tp-rs-img rs-lazyload\" data-lazyload=\"\/\/www.jardiservice.it\/wp-content\/uploads\/2018\/10\/jardiservice-slider-08.jpg\" data-parallax=\"4\" data-panzoom=\"d:10000;ss:100;se:110;\" data-no-retina>\n<!---->\t\t\t\t\t\t<\/rs-slide>\n\t\t\t\t\t\t<rs-slide style=\"position: absolute;\" data-key=\"rs-37\" data-title=\"Slide\" data-anim=\"adpr:false;\">\n\t\t\t\t\t\t\t<img src=\"\/\/www.jardiservice.it\/wp-content\/plugins\/revslider\/public\/assets\/assets\/dummy.png\" alt=\"\" title=\"Home\" class=\"rev-slidebg tp-rs-img rs-lazyload\" data-lazyload=\"\/\/www.jardiservice.it\/wp-content\/uploads\/2018\/10\/jardiservice-slider-09.jpg\" data-parallax=\"4\" data-panzoom=\"d:10000;ss:100;se:110;\" data-no-retina>\n<!---->\t\t\t\t\t\t<\/rs-slide>\n\t\t\t\t\t\t<rs-slide style=\"position: absolute;\" data-key=\"rs-38\" data-title=\"Slide\" data-anim=\"adpr:false;\">\n\t\t\t\t\t\t\t<img src=\"\/\/www.jardiservice.it\/wp-content\/plugins\/revslider\/public\/assets\/assets\/dummy.png\" alt=\"\" title=\"Home\" class=\"rev-slidebg tp-rs-img rs-lazyload\" data-lazyload=\"\/\/www.jardiservice.it\/wp-content\/uploads\/2018\/10\/jardiservice-slider-010.jpg\" data-parallax=\"4\" data-panzoom=\"d:10000;ss:100;se:110;\" data-no-retina>\n<!---->\t\t\t\t\t\t<\/rs-slide>\n\t\t\t\t\t<\/rs-slides>\n\t\t\t\t\t<rs-static-layers class=\"rs-stl-visible\"><!--\n\n\t\t\t\t\t\t\t--><rs-layer\n\t\t\t\t\t\t\t\tid=\"slider-15-slide-1-layer-3\" \n\t\t\t\t\t\t\t\tclass=\"rs-layer-static\"\n\t\t\t\t\t\t\t\tdata-type=\"image\"\n\t\t\t\t\t\t\t\tdata-rsp_ch=\"on\"\n\t\t\t\t\t\t\t\tdata-xy=\"x:-124px;y:642px;\"\n\t\t\t\t\t\t\t\tdata-text=\"l:22;a:inherit;\"\n\t\t\t\t\t\t\t\tdata-dim=\"w:2092px;h:63px;\"\n\t\t\t\t\t\t\t\tdata-onslides=\"s:1;\"\n\t\t\t\t\t\t\t\tdata-frame_0=\"tp:600;\"\n\t\t\t\t\t\t\t\tdata-frame_1=\"tp:600;st:0;\"\n\t\t\t\t\t\t\t\tdata-frame_999=\"o:0;tp:600;st:w;sR:8700;\"\n\t\t\t\t\t\t\t\tstyle=\"z-index:6;\"\n\t\t\t\t\t\t\t><img src=\"\/\/www.jardiservice.it\/wp-content\/plugins\/revslider\/public\/assets\/assets\/dummy.png\" alt=\"jardiservice-erba-bianca\" class=\"tp-rs-img rs-lazyload\" width=\"2092\" height=\"63\" data-lazyload=\"\/\/www.jardiservice.it\/wp-content\/uploads\/2018\/10\/jardiservice-erba-bianca.png\" data-no-retina> \n\t\t\t\t\t\t\t<\/rs-layer><!--\n\t\t\t\t\t--><\/rs-static-layers>\n\t\t\t\t<\/rs-module>\n\t\t\t\t<script>\n\t\t\t\t\tsetREVStartSize({c: 'rev_slider_15_1',rl:[1240,1024,778,480],el:[],gw:[1920],gh:[700],type:'standard',justify:'',layout:'fullwidth',mh:\"0\"});if (window.RS_MODULES!==undefined && window.RS_MODULES.modules!==undefined && window.RS_MODULES.modules[\"revslider151\"]!==undefined) {window.RS_MODULES.modules[\"revslider151\"].once = false;window.revapi15 = undefined;if (window.RS_MODULES.checkMinimal!==undefined) window.RS_MODULES.checkMinimal()}\n\t\t\t\t<\/script>\n\t\t\t<\/rs-module-wrap>\n\t\t\t<!-- END REVOLUTION SLIDER -->\n[\/vc_column][\/vc_row][vc_row content_placement=\u00a0\u00bbmiddle\u00a0\u00bb][vc_column offset=\u00a0\u00bbvc_col-lg-offset-2 vc_col-lg-8 vc_col-md-offset-1 vc_col-md-10&Prime;][gsf_space desktop=\u00a0\u00bb40&Prime; tablet=\u00a0\u00bb40&Prime; tablet_portrait=\u00a0\u00bb30&Prime; mobile_landscape=\u00a0\u00bb30&Prime; mobile=\u00a0\u00bb30&Prime;][vc_column_text]<\/p>\n<h5 style=\"text-align: center;\">Cultive ton esprit!<\/h5>\n<p>[\/vc_column_text][gsf_space desktop=\u00a0\u00bb25&Prime; tablet=\u00a0\u00bb25&Prime; tablet_portrait=\u00a0\u00bb25&Prime; mobile_landscape=\u00a0\u00bb25&Prime; mobile=\u00a0\u00bb25&Prime;][vc_column_text el_class=\u00a0\u00bbmg-bottom-0&Prime;]<\/p>\n<p style=\"text-align: center;\">Le \u00ab\u00a0mix\u00a0\u00bb parfait entre l\u2019<strong>excellence de la<\/strong> <strong>production floricole<\/strong> <strong>italienne<\/strong> et les nombreux services li\u00e9s<br \/>\n\u00e0 la <strong>distribution directe<\/strong>.<\/p>\n<p style=\"text-align: center;\">Voici ce qui nous permet de renouveler le pari quotidien avec nous- m\u00eame \u00e0 la recherche du r\u00e9sultat parfait pour un produit <strong>\u00ab\u00a0pr\u00eat \u00e0 la vente<\/strong>\u00bb .<\/p>\n<p style=\"text-align: center;\">Notre engagement c\u2019est de continuer le d\u00e9veloppement du lien entre le monde de la production et le client final, en optimisant les temps sans nuire la qualit\u00e9 que la nature est capable de nous donner.<\/p>\n<p>[\/vc_column_text][gsf_space desktop=\u00a0\u00bb55&Prime; tablet=\u00a0\u00bb45&Prime; tablet_portrait=\u00a0\u00bb40&Prime; mobile_landscape=\u00a0\u00bb40&Prime; mobile=\u00a0\u00bb40&Prime;][\/vc_column][vc_column width=\u00a0\u00bb1\/2&Prime; offset=\u00a0\u00bbvc_col-lg-offset-3 vc_col-lg-3 vc_col-md-offset-1 vc_col-md-5 vc_col-xs-6&Prime;][vc_single_image image=\u00a0\u00bb5347&Prime; img_size=\u00a0\u00bbfull\u00a0\u00bb alignment=\u00a0\u00bbright\u00a0\u00bb][\/vc_column][vc_column width=\u00a0\u00bb1\/2&Prime; offset=\u00a0\u00bbvc_col-lg-3 vc_col-md-5 vc_col-xs-6&Prime;][vc_column_text]<\/p>\n<p class=\"fs-14 fw-bold heading-color mg-bottom-0\">Wally Cavezzan<\/p>\n<p class=\"text-italic fs-15 accent-color\">CEO Jardiservice<\/p>\n<p>[\/vc_column_text][\/vc_column][\/vc_row][vc_row content_placement=\u00a0\u00bbmiddle\u00a0\u00bb][vc_column offset=\u00a0\u00bbvc_col-lg-offset-2 vc_col-lg-8 vc_col-md-offset-1 vc_col-md-10&Prime;][gsf_button title=\u00a0\u00bbD\u00e9couvrir\u00a0\u00bb align=\u00a0\u00bbcenter\u00a0\u00bb link=\u00a0\u00bburl:http%3A%2F%2Fwww.jardiservice.it%2Fqui-sommes-nous%2F%3Flang%3Dfr|||\u00a0\u00bb][gsf_space desktop=\u00a0\u00bb55&Prime; tablet=\u00a0\u00bb45&Prime; tablet_portrait=\u00a0\u00bb40&Prime; mobile_landscape=\u00a0\u00bb40&Prime; mobile=\u00a0\u00bb40&Prime;][\/vc_column][\/vc_row][vc_row css=\u00a0\u00bb.vc_custom_1540287027041{padding-top: 20px !important;background: #ede9e3 url(https:\/\/www.jardiservice.it\/wp-content\/uploads\/2018\/10\/jardiservice-img-home-camioncino-2.jpg?id=5350) !important;background-position: center !important;background-repeat: no-repeat !important;background-size: cover !important;}\u00a0\u00bb][vc_column][gsf_space desktop=\u00a0\u00bb126&Prime; tablet=\u00a0\u00bb70&Prime; tablet_portrait=\u00a0\u00bb60&Prime; mobile_landscape=\u00a0\u00bb50&Prime; mobile=\u00a0\u00bb40&Prime;][vc_column_text]<\/p>\n<h5>Jardiservice: interlocuteur unique<br \/>\npour la production italienne<\/h5>\n<p>[\/vc_column_text][vc_column_text el_class=\u00a0\u00bbmg-bottom-0&Prime;]Nous garantissons un produit de<strong> haute qualit\u00e9<\/strong>, compl\u00e8tement <strong>personnalisable\u00a0<\/strong>avec des<br \/>\n<strong>minimum de commandes\u00a0<\/strong>appropri\u00e9s et <strong>livraison rapide et ponctuelle<\/strong> dans toute l\u2019Europe.[\/vc_column_text][gsf_space desktop=\u00a0\u00bb50&Prime; tablet=\u00a0\u00bb50&Prime; tablet_portrait=\u00a0\u00bb50&Prime; mobile_landscape=\u00a0\u00bb50&Prime; mobile=\u00a0\u00bb50&Prime;][\/vc_column][vc_column width=\u00a0\u00bb1\/3&Prime;][gsf_counter subtitle=\u00a0\u00bbpar notre service\u00a0\u00bb end=\u00a0\u00bb2400&Prime; icon_color=\u00a0\u00bb#333333&Prime; el_class=\u00a0\u00bbsm-mg-bottom-30&Prime; title=\u00a0\u00bbClients satisfaits\u00a0\u00bb css=\u00a0\u00bb.vc_custom_1542297557280{padding-bottom: 15px !important;}\u00a0\u00bb][gsf_space desktop=\u00a0\u00bb20&Prime; tablet=\u00a0\u00bb20&Prime; tablet_portrait=\u00a0\u00bb20&Prime; mobile_landscape=\u00a0\u00bb20&Prime; mobile=\u00a0\u00bb20&Prime;][gsf_counter subtitle=\u00a0\u00bbdes nos clients\u00a0\u00bb end=\u00a0\u00bb9&Prime; suffix=\u00a0\u00bb.6\/10&Prime; icon_color=\u00a0\u00bb#333333&Prime; el_class=\u00a0\u00bbsm-mg-bottom-30&Prime; title=\u00a0\u00bbNote moyenne\u00a0\u00bb][\/vc_column][vc_column width=\u00a0\u00bb1\/3&Prime;][gsf_counter subtitle=\u00a0\u00bbitaliens\u00a0\u00bb end=\u00a0\u00bb1700&Prime; icon_color=\u00a0\u00bb#333333&Prime; el_class=\u00a0\u00bbsm-mg-bottom-30&Prime; title=\u00a0\u00bbProduits\u00a0\u00bb css=\u00a0\u00bb.vc_custom_1542297584787{padding-bottom: 15px !important;}\u00a0\u00bb][gsf_space desktop=\u00a0\u00bb20&Prime; tablet=\u00a0\u00bb20&Prime; tablet_portrait=\u00a0\u00bb20&Prime; mobile_landscape=\u00a0\u00bb20&Prime; mobile=\u00a0\u00bb20&Prime;][gsf_counter subtitle=\u00a0\u00bbrapide\u00a0\u00bb end=\u00a0\u00bb72&Prime; prefix=\u00a0\u00bb48\/\u00a0\u00bb icon_color=\u00a0\u00bb#333333&Prime; title=\u00a0\u00bbLivraison\u00a0\u00bb][\/vc_column][vc_column][gsf_space desktop=\u00a0\u00bb160&Prime; tablet=\u00a0\u00bb120&Prime; tablet_portrait=\u00a0\u00bb80&Prime; mobile_landscape=\u00a0\u00bb70&Prime; mobile=\u00a0\u00bb60&Prime;][\/vc_column][\/vc_row][vc_row css=\u00a0\u00bb.vc_custom_1539615759641{margin-top: 60px !important;}\u00a0\u00bb][vc_column offset=\u00a0\u00bbvc_col-lg-offset-2 vc_col-lg-8 vc_col-md-offset-1 vc_col-md-10&Prime;][vc_column_text]<\/p>\n<h5 style=\"text-align: center;\">Service<\/h5>\n<p>[\/vc_column_text][gsf_space desktop=\u00a0\u00bb40&Prime; tablet=\u00a0\u00bb30&Prime; tablet_portrait=\u00a0\u00bb20&Prime; mobile_landscape=\u00a0\u00bb10&Prime; mobile=\u00a0\u00bb10&Prime;][\/vc_column][\/vc_row][vc_row][vc_column width=\u00a0\u00bb1\/5&Prime;][gsf_info_box layout_style=\u00a0\u00bbstyle-02&Prime; title=\u00a0\u00bbGamme compl\u00e8te\u00a0\u00bb use_theme_fonts=\u00a0\u00bb\u00a0\u00bb title_font_size=\u00a0\u00bb20&Prime; icon_type=\u00a0\u00bbimage\u00a0\u00bb image=\u00a0\u00bb4932&Prime; ib_bg_color=\u00a0\u00bb#ffffff\u00a0\u00bb hover_bg_color=\u00a0\u00bb#ffffff\u00a0\u00bb ib_box_shadow=\u00a0\u00bbon\u00a0\u00bb hover_text_color=\u00a0\u00bb#333333&Prime; link=\u00a0\u00bburl:http%3A%2F%2Fwww.jardiservice.it%2Fservice%2F%3Flang%3Dfr|||\u00a0\u00bb typography=\u00a0\u00bbPlayfair Display|400|400|normal\u00a0\u00bb][\/gsf_info_box][\/vc_column][vc_column width=\u00a0\u00bb1\/5&Prime;][gsf_info_box layout_style=\u00a0\u00bbstyle-02&Prime; title=\u00a0\u00bbCommandes \u00e0 volume r\u00e9duit\u00a0\u00bb use_theme_fonts=\u00a0\u00bb\u00a0\u00bb title_font_size=\u00a0\u00bb20&Prime; icon_type=\u00a0\u00bbimage\u00a0\u00bb image=\u00a0\u00bb4928&Prime; ib_bg_color=\u00a0\u00bb#ffffff\u00a0\u00bb hover_bg_color=\u00a0\u00bb#ffffff\u00a0\u00bb ib_box_shadow=\u00a0\u00bbon\u00a0\u00bb hover_text_color=\u00a0\u00bb#333333&Prime; link=\u00a0\u00bburl:http%3A%2F%2Fwww.jardiservice.it%2Fservice%2F%3Flang%3Dfr|||\u00a0\u00bb typography=\u00a0\u00bbPlayfair Display|400|400|normal\u00a0\u00bb][\/gsf_info_box][\/vc_column][vc_column width=\u00a0\u00bb1\/5&Prime;][gsf_info_box layout_style=\u00a0\u00bbstyle-02&Prime; title=\u00a0\u00bbRolls et etages mixtes\u00a0\u00bb use_theme_fonts=\u00a0\u00bb\u00a0\u00bb title_font_size=\u00a0\u00bb20&Prime; icon_type=\u00a0\u00bbimage\u00a0\u00bb image=\u00a0\u00bb4924&Prime; ib_bg_color=\u00a0\u00bb#ffffff\u00a0\u00bb hover_bg_color=\u00a0\u00bb#ffffff\u00a0\u00bb ib_box_shadow=\u00a0\u00bbon\u00a0\u00bb hover_text_color=\u00a0\u00bb#333333&Prime; link=\u00a0\u00bburl:http%3A%2F%2Fwww.jardiservice.it%2Fservice%2F%3Flang%3Dfr|||\u00a0\u00bb typography=\u00a0\u00bbPlayfair Display|400|400|normal\u00a0\u00bb][\/gsf_info_box][\/vc_column][vc_column width=\u00a0\u00bb1\/5&Prime;][gsf_info_box layout_style=\u00a0\u00bbstyle-02&Prime; title=\u00a0\u00bb\u00c9tiquetage\u00a0\u00bb use_theme_fonts=\u00a0\u00bb\u00a0\u00bb title_font_size=\u00a0\u00bb20&Prime; icon_type=\u00a0\u00bbimage\u00a0\u00bb image=\u00a0\u00bb4920&Prime; ib_bg_color=\u00a0\u00bb#ffffff\u00a0\u00bb hover_bg_color=\u00a0\u00bb#ffffff\u00a0\u00bb ib_box_shadow=\u00a0\u00bbon\u00a0\u00bb hover_text_color=\u00a0\u00bb#333333&Prime; link=\u00a0\u00bburl:http%3A%2F%2Fwww.jardiservice.it%2Fservice%2F%3Flang%3Dfr|||\u00a0\u00bb typography=\u00a0\u00bbPlayfair Display|400|400|normal\u00a0\u00bb][\/gsf_info_box][\/vc_column][vc_column width=\u00a0\u00bb1\/5&Prime;][gsf_info_box layout_style=\u00a0\u00bbstyle-02&Prime; title=\u00a0\u00bbLivraison dans 48\/72 heures\u00a0\u00bb use_theme_fonts=\u00a0\u00bb\u00a0\u00bb title_font_size=\u00a0\u00bb20&Prime; icon_type=\u00a0\u00bbimage\u00a0\u00bb image=\u00a0\u00bb4916&Prime; ib_bg_color=\u00a0\u00bb#ffffff\u00a0\u00bb hover_bg_color=\u00a0\u00bb#ffffff\u00a0\u00bb ib_box_shadow=\u00a0\u00bbon\u00a0\u00bb hover_text_color=\u00a0\u00bb#333333&Prime; link=\u00a0\u00bburl:http%3A%2F%2Fwww.jardiservice.it%2Fservice%2F%3Flang%3Dfr|||\u00a0\u00bb typography=\u00a0\u00bbPlayfair Display|400|400|normal\u00a0\u00bb][\/gsf_info_box][\/vc_column][\/vc_row][vc_row][vc_column][vc_empty_space height=\u00a0\u00bb85&Prime;][\/vc_column][\/vc_row][vc_row content_width=\u00a0\u00bbfull\u00a0\u00bb css=\u00a0\u00bb.vc_custom_1539264578695{margin-bottom: 0px !important;}\u00a0\u00bb][vc_column css=\u00a0\u00bb.vc_custom_1539264587713{margin-bottom: 0px !important;}\u00a0\u00bb][vc_single_image image=\u00a0\u00bb5039&Prime; img_size=\u00a0\u00bbfull\u00a0\u00bb alignment=\u00a0\u00bbcenter\u00a0\u00bb css=\u00a0\u00bb.vc_custom_1539264595779{margin-bottom: 0px !important;}\u00a0\u00bb][\/vc_column][\/vc_row][vc_row bg_overlay_mode=\u00a0\u00bbcolor\u00a0\u00bb css=\u00a0\u00bb.vc_custom_1540287374471{padding-top: 30px !important;padding-bottom: 30px !important;background-color: #2c7e46 !important;}\u00a0\u00bb][vc_column width=\u00a0\u00bb1\/6&Prime;][vc_empty_space height=\u00a0\u00bb1&Prime;][\/vc_column][vc_column width=\u00a0\u00bb2\/3&Prime;]<div role=\"form\" class=\"wpcf7\" id=\"wpcf7-f5440-o1\" lang=\"en-US\" dir=\"ltr\">\n<div class=\"screen-reader-response\"><p role=\"status\" aria-live=\"polite\" aria-atomic=\"true\"><\/p> <ul><\/ul><\/div>\n<form action=\"\/fr\/wp-json\/wp\/v2\/pages\/5515#wpcf7-f5440-o1\" method=\"post\" class=\"wpcf7-form init\" novalidate=\"novalidate\" data-status=\"init\">\n<div style=\"display: none;\">\n<input type=\"hidden\" name=\"_wpcf7\" value=\"5440\" \/>\n<input type=\"hidden\" name=\"_wpcf7_version\" value=\"5.6.4\" \/>\n<input type=\"hidden\" name=\"_wpcf7_locale\" value=\"en_US\" \/>\n<input type=\"hidden\" name=\"_wpcf7_unit_tag\" value=\"wpcf7-f5440-o1\" \/>\n<input type=\"hidden\" name=\"_wpcf7_container_post\" value=\"0\" \/>\n<input type=\"hidden\" name=\"_wpcf7_posted_data_hash\" value=\"\" \/>\n<input type=\"hidden\" name=\"_wpcf7_recaptcha_response\" value=\"\" \/>\n<\/div>\n<h6 style=\"text-align: center; color: white;\">Remplissez le formulaire<br>ou contactez-nous<br><a href=\"tel:+390773840450\">+39 0773 840450<\/a><\/h6>\n<div align=\"center\">\n<div class=\"col-md-12 mg-bottom-10\"><span class=\"wpcf7-form-control-wrap\" data-name=\"text-11\"><input type=\"text\" name=\"text-11\" value=\"\" size=\"40\" class=\"wpcf7-form-control wpcf7-text wpcf7-validates-as-required\" aria-required=\"true\" aria-invalid=\"false\" placeholder=\"Nom et pr\u00e9nom*\" \/><\/span><\/div>\n<div class=\"col-md-12 mg-bottom-10\"><span class=\"wpcf7-form-control-wrap\" data-name=\"tel-23\"><input type=\"tel\" name=\"tel-23\" value=\"\" size=\"40\" class=\"wpcf7-form-control wpcf7-text wpcf7-tel wpcf7-validates-as-required wpcf7-validates-as-tel\" aria-required=\"true\" aria-invalid=\"false\" placeholder=\"T\u00e9l\u00e9phone*\" \/><\/span><\/div>\n<div class=\"col-md-12 mg-bottom-10\"><span class=\"wpcf7-form-control-wrap\" data-name=\"email-427\"><input type=\"email\" name=\"email-427\" value=\"\" size=\"40\" class=\"wpcf7-form-control wpcf7-text wpcf7-email wpcf7-validates-as-required wpcf7-validates-as-email\" aria-required=\"true\" aria-invalid=\"false\" placeholder=\"E-mail*\" \/><\/span><\/div>\n<div class=\"col-md-12 mg-bottom-10\"><span class=\"wpcf7-form-control-wrap\" data-name=\"textarea-607\"><textarea name=\"textarea-607\" cols=\"40\" rows=\"10\" class=\"wpcf7-form-control wpcf7-textarea wpcf7-validates-as-required\" aria-required=\"true\" aria-invalid=\"false\" placeholder=\"Message*\"><\/textarea><\/span><\/div>\n<div class=\"col-md-12 mg-bottom-10\">\n\n<\/div>\n<div class=\"col-md-12 mg-bottom-10\"><span class=\"wpcf7-form-control-wrap\" data-name=\"acceptance-665\"><span class=\"wpcf7-form-control wpcf7-acceptance\"><span class=\"wpcf7-list-item\"><label><input type=\"checkbox\" name=\"acceptance-665\" value=\"1\" aria-invalid=\"false\" \/><span class=\"wpcf7-list-item-label\"><span style=\"color:#ffffff;\">Je d\u00e9clare avoir lu les <a style=\"color:#b8b8b8;\" href=\"https:\/\/www.jardiservice.it\/fr\/privacy\/\">informations de confidentialit\u00e9<\/a> fournies conform\u00e9ment \u00e0 l'art. 13 R\u00e8glement europ\u00e9en 679\/2016 et donner son consentement au traitement de donn\u00e9es \u00e0 caract\u00e8re personnel, aux fins qui y sont indiqu\u00e9es, visant \u00e0 la bonne ex\u00e9cution des obligations contractuelles.<\/span><\/span><\/label><\/span><\/span><\/span><\/div>\n<div class=\"col-md-12 mg-bottom-10\"><input type=\"submit\" value=\"ENVOYER\" class=\"wpcf7-form-control has-spinner wpcf7-submit\" \/>\n<\/div>\n<\/div>\n<div class=\"wpcf7-response-output\" aria-hidden=\"true\"><\/div><\/form><\/div>[\/vc_column][vc_column width=\u00a0\u00bb1\/6&Prime;][vc_empty_space height=\u00a0\u00bb1&Prime;][\/vc_column][\/vc_row]<\/p>\n","protected":false},"excerpt":{"rendered":"<p>[vc_row][vc_column][\/vc_column][\/vc_row][vc_row content_placement=\u00a0\u00bbmiddle\u00a0\u00bb][vc_column offset=\u00a0\u00bbvc_col-lg-offset-2 vc_col-lg-8 vc_col-md-offset-1 vc_col-md-10&Prime;][gsf_space desktop=\u00a0\u00bb40&Prime; tablet=\u00a0\u00bb40&Prime; tablet_portrait=\u00a0\u00bb30&Prime; mobile_landscape=\u00a0\u00bb30&Prime; mobile=\u00a0\u00bb30&Prime;][vc_column_text] Cultive ton esprit! [\/vc_column_text][gsf_space desktop=\u00a0\u00bb25&Prime; tablet=\u00a0\u00bb25&Prime; tablet_portrait=\u00a0\u00bb25&Prime; mobile_landscape=\u00a0\u00bb25&Prime; mobile=\u00a0\u00bb25&Prime;][vc_column_text el_class=\u00a0\u00bbmg-bottom-0&Prime;] Le \u00ab\u00a0mix\u00a0\u00bb parfait entre l\u2019excellence de la production floricole italienne et les nombreux services li\u00e9s \u00e0 la distribution directe. Voici ce qui nous permet de renouveler le pari quotidien avec nous- m\u00eame \u00e0 la [&hellip;]<\/p>\n","protected":false},"author":2,"featured_media":0,"parent":0,"menu_order":0,"comment_status":"closed","ping_status":"closed","template":"","meta":{"_seopress_robots_primary_cat":"","_seopress_titles_title":"","_seopress_titles_desc":"","_seopress_robots_index":""},"_links":{"self":[{"href":"https:\/\/www.jardiservice.it\/fr\/wp-json\/wp\/v2\/pages\/5515"}],"collection":[{"href":"https:\/\/www.jardiservice.it\/fr\/wp-json\/wp\/v2\/pages"}],"about":[{"href":"https:\/\/www.jardiservice.it\/fr\/wp-json\/wp\/v2\/types\/page"}],"author":[{"embeddable":true,"href":"https:\/\/www.jardiservice.it\/fr\/wp-json\/wp\/v2\/users\/2"}],"replies":[{"embeddable":true,"href":"https:\/\/www.jardiservice.it\/fr\/wp-json\/wp\/v2\/comments?post=5515"}],"version-history":[{"count":1,"href":"https:\/\/www.jardiservice.it\/fr\/wp-json\/wp\/v2\/pages\/5515\/revisions"}],"predecessor-version":[{"id":7495,"href":"https:\/\/www.jardiservice.it\/fr\/wp-json\/wp\/v2\/pages\/5515\/revisions\/7495"}],"wp:attachment":[{"href":"https:\/\/www.jardiservice.it\/fr\/wp-json\/wp\/v2\/media?parent=5515"}],"curies":[{"name":"wp","href":"https:\/\/api.w.org\/{rel}","templated":true}]}}