{"id":7420,"date":"2018-10-10T16:36:56","date_gmt":"2018-10-10T14:36:56","guid":{"rendered":"https:\/\/www.jardiservice.it\/privacy\/"},"modified":"2020-07-06T11:57:19","modified_gmt":"2020-07-06T09:57:19","slug":"privacy","status":"publish","type":"page","link":"https:\/\/www.jardiservice.it\/fr\/privacy\/","title":{"rendered":"Privacy"},"content":{"rendered":"<p>[vc_row][vc_column][gsf_space desktop=\u00a0\u00bb210&Prime; tablet=\u00a0\u00bb10&Prime; tablet_portrait=\u00a0\u00bb10&Prime; mobile_landscape=\u00a0\u00bb10&Prime; mobile=\u00a0\u00bb10&Prime;][\/vc_column][\/vc_row][vc_row][vc_column][vc_column_text]<\/p>\n<p style=\"text-align: center;\"><strong>INFORMATIONS SUR LE TRAITEMENT DES DONN\u00c9ES \u00c0 CARACT\u00c8RE PERSONNEL<br \/>\ndes utilisateurs qui consultent le site web<br \/>\nen application de l&rsquo;article 13 du r\u00e8glement (UE) 2016\/679<\/strong><\/p>\n<p>Conform\u00e9ment au R\u00e8glement (UE) 2016\/679 (ci-apr\u00e8s d\u00e9nomm\u00e9 le \u00ab\u00a0R\u00e8glement\u00a0\u00bb), cette page d\u00e9crit comment les donn\u00e9es personnelles des utilisateurs qui consultent le site Internet de la soci\u00e9t\u00e9 JARDISERVICE SRL accessible \u00e9lectroniquement \u00e0 l&rsquo;adresse suivante : <a href=\"https:\/\/www.jardiservice.it\">www.jardiservice.it<\/a><strong><br \/>\n<\/strong>Ces informations ne concernent pas les autres sites, pages ou services en ligne accessibles par des liens hypertextes qui peuvent \u00eatre publi\u00e9s sur le site mais renvoient \u00e0 des ressources ext\u00e9rieures au domaine <a href=\"https:\/\/www.jardiservice.it\">www.jardiservice.it<\/a><\/p>\n<p>RESPONSABLE DU TRAITEMENT : JARDISERVICE SRL<strong><br \/>\n<\/strong>Via Migliara 45 \u00bd dx, 1250-1274, 04014 \u2013 Pontinia (LT) Italia<strong><br \/>\n<\/strong>CF et TVA : 02039999990037<strong><br \/>\n<\/strong>e-mail : info@jardiservice.it &#8211; Pec : <a href=\"mailto:jardiservice@pec.it\">jardiservice@pec.it<\/a><strong><br \/>\n<\/strong>T\u00e9l. +39.0773.840450 &#8211; Fax +39.0773.869478<\/p>\n<p>\u00c0 la suite de la consultation du site mentionn\u00e9 ci-dessus, des donn\u00e9es collect\u00e9es directement aupr\u00e8s de la personne concern\u00e9e, relatives \u00e0 des personnes physiques identifi\u00e9es ou identifiables, pourront \u00eatre trait\u00e9es.<\/p>\n<p><strong>TYPES DE DONN\u00c9ES TRAIT\u00c9ES ET FINALIT\u00c9S DU TRAITEMENT<\/strong><\/p>\n<p><strong>1) Donn\u00e9es de navigation <\/strong><br \/>\nLes syst\u00e8mes informatiques et les proc\u00e9dures logicielles utilis\u00e9s pour faire fonctionner ce site acqui\u00e8rent, au cours de leur fonctionnement normal, certaines donn\u00e9es personnelles dont la transmission est implicite dans l&rsquo;utilisation des protocoles de communication Internet.<br \/>\nCette cat\u00e9gorie de donn\u00e9es comprend les adresses IP ou les noms de domaine des ordinateurs et des terminaux utilis\u00e9s par les utilisateurs, l&rsquo;URI\/URL (Uniform Resource Identifier\/Locator) des ressources demand\u00e9es, l&rsquo;heure de la demande, la m\u00e9thode utilis\u00e9e pour soumettre la demande au serveur, la taille du fichier obtenu en r\u00e9ponse, le code num\u00e9rique indiquant le statut de la r\u00e9ponse du serveur (succ\u00e8s, erreur, etc.) et autres param\u00e8tres concernant le syst\u00e8me d&rsquo;exploitation et l&rsquo;environnement informatique.<br \/>\nCes donn\u00e9es, n\u00e9cessaires \u00e0 l&rsquo;utilisation des services web, sont \u00e9galement trait\u00e9es dans le but de :<br \/>\n&#8211; obtenir des informations statistiques sur l&rsquo;utilisation des services (pages les plus visit\u00e9es, nombre de visiteurs par tranche horaire ou par jour, zones g\u00e9ographiques d&rsquo;origine, etc;)<br \/>\n&#8211; v\u00e9rifier le bon fonctionnement des services offerts.<\/p>\n<p><strong>2) Donn\u00e9es communiqu\u00e9es par l&rsquo;utilisateur<\/strong><\/p>\n<p>L&rsquo;envoi facultatif, explicite et volontaire de messages aux adresses de contact indiqu\u00e9es sur le site de JARDISERVICE SRL, de messages priv\u00e9s envoy\u00e9s par les utilisateurs \u00e0 des profils \/ pages institutionnelles sur les m\u00e9dias sociaux (o\u00f9 cette possibilit\u00e9 est pr\u00e9vue), et la compilation et la transmission de tout formulaire sur le site (formulaire \u00ab\u00a0contactez-nous\u00a0\u00bb par exemple) implique l&rsquo;acquisition des coordonn\u00e9es de l&rsquo;exp\u00e9diteur, (nom, pr\u00e9nom, adresse e-mail, etc.) et de toute donn\u00e9e personnelle incluse dans les communications afin de r\u00e9pondre aux demandes soumises.<br \/>\nDes informations sp\u00e9cifiques seront publi\u00e9es sur les pages du site Web de JARDISERVICE SRL pr\u00e9par\u00e9es pour la fourniture de tout service sp\u00e9cifique.<\/p>\n<p><strong>Cookies et autres syst\u00e8mes de suivi<\/strong><br \/>\nLes cookies ne sont pas utilis\u00e9s pour le profilage des utilisateurs, pas plus que d&rsquo;autres m\u00e9thodes de suivi.<br \/>\nAu lieu de cela, les cookies de session (non persistants) sont utilis\u00e9s d&rsquo;une mani\u00e8re strictement limit\u00e9e \u00e0 ce qui est n\u00e9cessaire pour une navigation s\u00fbre et efficace des sites. Le stockage des cookies de session dans les terminaux ou les navigateurs est sous le contr\u00f4le de l&rsquo;utilisateur, o\u00f9 sur les serveurs, \u00e0 la fin des sessions HTTP, les informations relatives aux cookies restent enregistr\u00e9es dans les journaux de service, avec des temps de stockage ne d\u00e9passant pas sept jours comme autres donn\u00e9es de navigation.<\/p>\n<p><strong>BASE JURIDIQUE DU TRAITEMENT<\/strong><br \/>\nLes donn\u00e9es personnelles indiqu\u00e9es dans cette page sont trait\u00e9es par l&rsquo;int\u00e9r\u00eat l\u00e9gitime du propri\u00e9taire dans ce but :<br \/>\n(1) la personnalisation du site Web pour am\u00e9liorer l&rsquo;exp\u00e9rience de l&rsquo;utilisateur ;<br \/>\n(2) pour l&rsquo;analyse web, la v\u00e9rification du nombre de visiteurs sur le site, les commentaires, etc ; et le consentement de l&rsquo;int\u00e9ress\u00e9 en cas de remplissage du formulaire de contact et l&rsquo;envoi facultatif, explicite et volontaire de messages aux adresses de contact du site.<\/p>\n<p><strong>LES DESTINATAIRES DES DONN\u00c9ES<\/strong><br \/>\nDans les limites des finalit\u00e9s du traitement indiqu\u00e9es, les donn\u00e9es personnelles collect\u00e9es pourront \u00eatre communiqu\u00e9es \u00e0 des soci\u00e9t\u00e9s de conseil, des soci\u00e9t\u00e9s priv\u00e9es, d\u00e9sign\u00e9es par le Titulaire du traitement comme la soci\u00e9t\u00e9 PARALLELOWEB, en relation avec le site www.jardiservice.it, en tant que prestataire de services pour le d\u00e9veloppement et la maintenance de la plate-forme web ;<br \/>\nLes donn\u00e9es personnelles ne seront en aucun cas divulgu\u00e9es.<br \/>\nLes donn\u00e9es personnelles collect\u00e9es sont \u00e9galement trait\u00e9es par le personnel de la soci\u00e9t\u00e9 PARALLELOWEB, qui agit sur la base d&rsquo;instructions sp\u00e9cifiques fournies en relation avec les buts et les m\u00e9thodes du traitement lui-m\u00eame.<\/p>\n<p><strong>TRANSFERT DE DONN\u00c9ES EXTERNE<\/strong><br \/>\nLes donn\u00e9es collect\u00e9es et les donn\u00e9es collect\u00e9es ne sont pas transf\u00e9r\u00e9es \u00e0 l&rsquo;\u00e9tranger.<\/p>\n<p><strong>P\u00c9RIODE DE CONSERVATION<\/strong><br \/>\nLes donn\u00e9es recueillies seront conserv\u00e9es pendant une dur\u00e9e n&rsquo;exc\u00e9dant pas la r\u00e9alisation des finalit\u00e9s pour lesquelles elles sont trait\u00e9es (\u00ab\u00a0principe de limitation de conservation\u00a0\u00bb, art.5, RDPPIB) ou selon les d\u00e9lais pr\u00e9vus par la loi. Le contr\u00f4le de l&rsquo;obsolescence des donn\u00e9es stock\u00e9es par rapport aux finalit\u00e9s pour lesquelles elles ont \u00e9t\u00e9 collect\u00e9es est effectu\u00e9 p\u00e9riodiquement.<\/p>\n<p><strong>DROITS DES PARTIES INT\u00c9RESS\u00c9ES<\/strong><br \/>\nLes parties int\u00e9ress\u00e9es ont le droit d&rsquo;obtenir de JARDISERVICE SRL, dans les cas pr\u00e9vus, l&rsquo;acc\u00e8s \u00e0 leurs donn\u00e9es personnelles et la rectification ou l&rsquo;annulation de celles-ci ou la limitation du traitement qui les concerne ou de s&rsquo;y opposer (articles 15 et suivants du R\u00e8glement).<\/p>\n<p><strong>DROIT DE RETRAIT<\/strong><br \/>\nLes personnes int\u00e9ress\u00e9es qui estiment que le traitement de donn\u00e9es \u00e0 caract\u00e8re personnel les concernant effectu\u00e9 par l&rsquo;interm\u00e9diaire de ce site est contraire aux dispositions du r\u00e8glement ont le droit de porter plainte aupr\u00e8s de la caution, comme le pr\u00e9voit l&rsquo;article 77 du r\u00e8glement lui-m\u00eame, ou d&rsquo;introduire un recours devant les tribunaux comp\u00e9tents (article 79 du r\u00e8glement).[\/vc_column_text][\/vc_column][\/vc_row]<\/p>\n","protected":false},"excerpt":{"rendered":"<p>[vc_row][vc_column][gsf_space desktop=\u00a0\u00bb210&Prime; tablet=\u00a0\u00bb10&Prime; tablet_portrait=\u00a0\u00bb10&Prime; mobile_landscape=\u00a0\u00bb10&Prime; mobile=\u00a0\u00bb10&Prime;][\/vc_column][\/vc_row][vc_row][vc_column][vc_column_text] INFORMATIONS SUR LE TRAITEMENT DES DONN\u00c9ES \u00c0 CARACT\u00c8RE PERSONNEL des utilisateurs qui consultent le site web en application de l&rsquo;article 13 du r\u00e8glement (UE) 2016\/679 Conform\u00e9ment au R\u00e8glement (UE) 2016\/679 (ci-apr\u00e8s d\u00e9nomm\u00e9 le \u00ab\u00a0R\u00e8glement\u00a0\u00bb), cette page d\u00e9crit comment les donn\u00e9es personnelles des utilisateurs qui consultent le site Internet de [&hellip;]<\/p>\n","protected":false},"author":2,"featured_media":0,"parent":0,"menu_order":0,"comment_status":"closed","ping_status":"closed","template":"","meta":{"_seopress_robots_primary_cat":"","_seopress_titles_title":"","_seopress_titles_desc":"","_seopress_robots_index":""},"_links":{"self":[{"href":"https:\/\/www.jardiservice.it\/fr\/wp-json\/wp\/v2\/pages\/7420"}],"collection":[{"href":"https:\/\/www.jardiservice.it\/fr\/wp-json\/wp\/v2\/pages"}],"about":[{"href":"https:\/\/www.jardiservice.it\/fr\/wp-json\/wp\/v2\/types\/page"}],"author":[{"embeddable":true,"href":"https:\/\/www.jardiservice.it\/fr\/wp-json\/wp\/v2\/users\/2"}],"replies":[{"embeddable":true,"href":"https:\/\/www.jardiservice.it\/fr\/wp-json\/wp\/v2\/comments?post=7420"}],"version-history":[{"count":5,"href":"https:\/\/www.jardiservice.it\/fr\/wp-json\/wp\/v2\/pages\/7420\/revisions"}],"predecessor-version":[{"id":7568,"href":"https:\/\/www.jardiservice.it\/fr\/wp-json\/wp\/v2\/pages\/7420\/revisions\/7568"}],"wp:attachment":[{"href":"https:\/\/www.jardiservice.it\/fr\/wp-json\/wp\/v2\/media?parent=7420"}],"curies":[{"name":"wp","href":"https:\/\/api.w.org\/{rel}","templated":true}]}}