{"id":7472,"date":"2019-10-21T17:11:27","date_gmt":"2019-10-21T15:11:27","guid":{"rendered":"https:\/\/www.jardiservice.it\/informativa-ai-fornitori\/"},"modified":"2020-07-06T11:51:48","modified_gmt":"2020-07-06T09:51:48","slug":"divulgation-aux-fournisseurs","status":"publish","type":"page","link":"https:\/\/www.jardiservice.it\/fr\/divulgation-aux-fournisseurs\/","title":{"rendered":"Divulgation aux fournisseurs"},"content":{"rendered":"<p>[vc_row][vc_column][gsf_space desktop=\u00a0\u00bb210&Prime; tablet=\u00a0\u00bb10&Prime; tablet_portrait=\u00a0\u00bb10&Prime; mobile_landscape=\u00a0\u00bb10&Prime; mobile=\u00a0\u00bb10&Prime;][vc_column_text]<strong>Divulgation aux fournisseurs conform\u00e9ment \u00e0 l&rsquo;article 13 du R\u00e8glement 2016\/679 de l&rsquo;UE<\/strong>[\/vc_column_text][gsf_space desktop=\u00a0\u00bb15&Prime; tablet=\u00a0\u00bb10&Prime; tablet_portrait=\u00a0\u00bb10&Prime; mobile_landscape=\u00a0\u00bb10&Prime; mobile=\u00a0\u00bb10&Prime;][vc_column_text]<strong>\u00c9talon de r\u00e9f\u00e9rence:<\/strong><\/p>\n<p>R\u00e8glement (CE) n\u00b0 679 du 27 avril 2016 relatif \u00e0 la protection des personnes physiques \u00e0 l&rsquo;\u00e9gard du traitement des donn\u00e9es \u00e0 caract\u00e8re personnel et \u00e0 la libre circulation des donn\u00e9es \u00e0 caract\u00e8re personnel (ci-apr\u00e8s \u00ab\u00a0r\u00e8glement UE\u00a0\u00bb).<\/p>\n<p>D\u00e9cret l\u00e9gislatif n\u00b0 196 du 30 juin 2003 (ci-apr\u00e8s \u00ab\u00a0Code de la vie priv\u00e9e\u00a0\u00bb), modifi\u00e9 par le d\u00e9cret l\u00e9gislatif n\u00b0 101 du 10 ao\u00fbt 2018.[\/vc_column_text][gsf_space desktop=\u00a0\u00bb15&Prime; tablet=\u00a0\u00bb10&Prime; tablet_portrait=\u00a0\u00bb10&Prime; mobile_landscape=\u00a0\u00bb10&Prime; mobile=\u00a0\u00bb10&Prime;][vc_column_text]JARDISERVICE SRL (ci-apr\u00e8s d\u00e9nomm\u00e9e \u00ab\u00a0la Soci\u00e9t\u00e9\u00a0\u00bb), soci\u00e9t\u00e9 \u00e0 responsabilit\u00e9 limit\u00e9e dont le si\u00e8ge social est situ\u00e9 Via Migliara 45 \u00bd dx, 1250-1274, 04014 Pontinia (LT), N\u00b0 TVA 02039990037, informe que les donn\u00e9es personnelles seront trait\u00e9es conform\u00e9ment aux r\u00e8gles \u00e9tablies par la r\u00e9glementation europ\u00e9enne.<\/p>\n<p>Le traitement des donn\u00e9es \u00e0 caract\u00e8re personnel relatives aux personnes morales ne rel\u00e8ve pas du champ d&rsquo;application des r\u00e8gles relatives \u00e0 la protection des donn\u00e9es \u00e0 caract\u00e8re personnel \u00e9labor\u00e9es par le r\u00e8glement 2016\/679. Par souci de clart\u00e9 et de transparence vis-\u00e0-vis de ses Fournisseurs, la Soci\u00e9t\u00e9 fournit \u00e9galement ces informations aux personnes morales, en d\u00e9crivant les modalit\u00e9s et les finalit\u00e9s de tous les traitements qu&rsquo;elle effectue ou a le droit d&rsquo;effectuer sur les donn\u00e9es personnelles des personnes concern\u00e9es telles que d\u00e9finies ci-apr\u00e8s.<\/p>\n<p>La Soci\u00e9t\u00e9 agit en tant que \u00ab\u00a0Titulaire du traitement\u00a0\u00bb ; le Titulaire du traitement est la personne qui traite les donn\u00e9es \u00e0 caract\u00e8re personnel, en d\u00e9finissant les finalit\u00e9s et les modalit\u00e9s du traitement de ces donn\u00e9es.<\/p>\n<p>En particulier, le traitement des donn\u00e9es personnelles des \u00ab\u00a0int\u00e9ress\u00e9s\u00a0\u00bb peut \u00eatre effectu\u00e9 par des personnes express\u00e9ment autoris\u00e9es par la Soci\u00e9t\u00e9 \u00e0 effectuer des traitements.<\/p>\n<p>La pr\u00e9sente note d&rsquo;information concerne les \u00ab\u00a0int\u00e9ress\u00e9s\u00a0\u00bb, c&rsquo;est-\u00e0-dire les personnes physiques auxquelles se r\u00e9f\u00e8rent les donn\u00e9es personnelles, c&rsquo;est-\u00e0-dire toutes les personnes qui agissent au nom et pour le compte de la personne morale qui est le Fournisseur de la Soci\u00e9t\u00e9 et dont les donn\u00e9es personnelles sont trait\u00e9es par cette derni\u00e8re.<\/p>\n<p><strong>1) Finalit\u00e9 et base juridique du traitement des donn\u00e9es personnelles<\/strong><\/p>\n<p>La collecte et le traitement des donn\u00e9es personnelles par la Soci\u00e9t\u00e9 a lieu dans le seul but de fournir, de mani\u00e8re appropri\u00e9e, les r\u00e9alisations li\u00e9es \u00e0 l&rsquo;exercice de l&rsquo;activit\u00e9 \u00e9conomique et en particulier pour :<\/p>\n<p>a) l&rsquo;ex\u00e9cution d&rsquo;activit\u00e9s pr\u00e9contractuelles et l&rsquo;obtention d&rsquo;informations pr\u00e9liminaires en vue de la conclusion du contrat ;<\/p>\n<p>b) la gestion de la relation contractuelle et toutes les activit\u00e9s de nature administrative, op\u00e9rationnelle, de gestion et comptable relatives au contrat (gestion des commandes, facturation, v\u00e9rification de la fiabilit\u00e9 des fournisseurs) ;<\/p>\n<p>c) la gestion des litiges, des ruptures de contrat, des avertissements, des transactions, des arbitrages, des litiges juridiques ;<\/p>\n<p>d) l&rsquo;ex\u00e9cution des obligations pr\u00e9vues par les lois, r\u00e8glements, r\u00e8glements communautaires et dispositions prises par les autorit\u00e9s.<\/p>\n<p>Le traitement est effectu\u00e9 en vertu de l&rsquo;ex\u00e9cution des obligations contractuelles\/pr\u00e9-contractuelles et l\u00e9gales li\u00e9es \u00e0 la relation \u00e9tablie avec la Soci\u00e9t\u00e9 ; en cons\u00e9quence, le consentement expr\u00e8s des parties concern\u00e9es n&rsquo;est pas n\u00e9cessaire.<\/p>\n<p><strong>2) Nature de la fourniture de donn\u00e9es personnelles<\/strong><\/p>\n<p>La fourniture de donn\u00e9es personnelles est obligatoire pour les donn\u00e9es personnelles pour lesquelles il existe une obligation l\u00e9gale ou contractuelle de fournir les m\u00eames, il est \u00e9galement obligatoire de fournir les donn\u00e9es personnelles n\u00e9cessaires \u00e0 l&rsquo;ex\u00e9cution pr\u00e9contractuelle. Tout refus de fournir ces donn\u00e9es \u00e0 caract\u00e8re personnel \u00ab\u00a0obligatoires\u00a0\u00bb pourrait entra\u00eener l&rsquo;inex\u00e9cution du contrat. Tout refus de fournir des donn\u00e9es personnelles strictement fonctionnelles \u00e0 l&rsquo;ex\u00e9cution de relations contractuelles, mais pour lesquelles il n&rsquo;y a aucune obligation de fournir, n&rsquo;aura en principe aucune cons\u00e9quence, sauf l&rsquo;impossibilit\u00e9 \u00e9ventuelle de suivre les op\u00e9rations li\u00e9es \u00e0 ces donn\u00e9es personnelles ou l&rsquo;impossibilit\u00e9 d&rsquo;\u00e9tablir de nouvelles relations.<\/p>\n<p><strong>3) Modalit\u00e9s de traitement et dur\u00e9e de conservation des donn\u00e9es personnelles<\/strong><\/p>\n<p>Le traitement des donn\u00e9es personnelles sera effectu\u00e9 de mani\u00e8re licite et correcte et en tout \u00e9tat de cause dans le respect de la l\u00e9gislation susmentionn\u00e9e, au moyen d&rsquo;instruments appropri\u00e9s pour garantir la s\u00e9curit\u00e9 et la confidentialit\u00e9 des donn\u00e9es personnelles ; le traitement des donn\u00e9es personnelles sera effectu\u00e9 principalement au moyen d&rsquo;outils informatiques afin de stocker, g\u00e9rer et transmettre les m\u00eames donn\u00e9es.<\/p>\n<p>Le traitement des donn\u00e9es personnelles sera effectu\u00e9, en premier lieu, par le personnel de la soci\u00e9t\u00e9 sp\u00e9cifiquement autoris\u00e9 et instruit par la soci\u00e9t\u00e9 dans l&rsquo;ex\u00e9cution des op\u00e9rations de traitement.<\/p>\n<p>En ce qui concerne les autres sujets susceptibles de traiter les donn\u00e9es \u00e0 caract\u00e8re personnel des sujets concern\u00e9s, veuillez vous reporter au point 4 de la pr\u00e9sente note d&rsquo;information.<\/p>\n<p>Les donn\u00e9es \u00e0 caract\u00e8re personnel seront conserv\u00e9es sous une forme permettant l&rsquo;identification des parties concern\u00e9es pendant une p\u00e9riode n&rsquo;exc\u00e9dant pas celle n\u00e9cessaire \u00e0 la r\u00e9alisation des finalit\u00e9s pour lesquelles elles sont collect\u00e9es et trait\u00e9es.<\/p>\n<p>En particulier, dans le cadre de la gestion de la relation contractuelle, les donn\u00e9es \u00e0 caract\u00e8re personnel seront conserv\u00e9es pendant les p\u00e9riodes d\u00e9finies par la l\u00e9gislation de r\u00e9f\u00e9rence et, \u00e0 la fin de la relation contractuelle, pendant la p\u00e9riode de dix ans pour la conservation des donn\u00e9es \u00e0 caract\u00e8re civil uniquement.<\/p>\n<p><strong>4) Destinataires des donn\u00e9es personnelles<\/strong><\/p>\n<p>En ce qui concerne les donn\u00e9es personnelles des personnes concern\u00e9es, la Soci\u00e9t\u00e9 peut effectuer des communications d\u00e9coulant d&rsquo;une obligation l\u00e9gale, r\u00e9glementaire ou communautaire.<\/p>\n<p>La communication, m\u00eame par simple consultation ou mise \u00e0 disposition des donn\u00e9es personnelles des personnes concern\u00e9es, peut \u00e9galement intervenir \u00e0 l&rsquo;\u00e9gard des personnes suivantes :<\/p>\n<p>a) les organes, organes de surveillance, autorit\u00e9s ou institutions publiques ;<\/p>\n<p>b) les personnes physiques ou morales fournissant des services sp\u00e9cifiques, tels que le traitement de donn\u00e9es, les consultants administratifs, fiscaux et\/ou comptables, l&rsquo;organisation de foires commerciales et de manifestations de communication ;<\/p>\n<p>c) les interm\u00e9diaires commerciaux, les banques et les \u00e9tablissements de cr\u00e9dit, les cabinets de conseil juridique, les cabinets d&rsquo;interm\u00e9diation financi\u00e8re, les personnes physiques ou morales charg\u00e9es du recouvrement, de la v\u00e9rification et\/ou de la certification des \u00e9tats financiers et des syst\u00e8mes qualit\u00e9, les collaborateurs ind\u00e9pendants de la Soci\u00e9t\u00e9, les agents et rapporteurs, les assureurs et courtiers.<\/p>\n<p>Les personnes vis\u00e9es aux points a) et c) agissent en tant que responsables ind\u00e9pendants du traitement des donn\u00e9es.<\/p>\n<p>Les personnes vis\u00e9es au point b) agissent en tant que responsables sp\u00e9cifiquement d\u00e9sign\u00e9s.<\/p>\n<p>En tout \u00e9tat de cause, seules les donn\u00e9es personnelles n\u00e9cessaires et pertinentes aux fins \u00e9nonc\u00e9es dans la pr\u00e9sente note d&rsquo;information sont transmises aux sujets mentionn\u00e9s.<\/p>\n<p>La liste de ces tiers sera constamment mise \u00e0 jour et accessible par les parties int\u00e9ress\u00e9es qui en feront la demande \u00e0 la Soci\u00e9t\u00e9, en envoyant un courriel \u00e0 l&rsquo;adresse suivante : info@jardiservice.it<\/p>\n<p>Lorsque cela est n\u00e9cessaire \u00e0 l&rsquo;ex\u00e9cution de relations contractuelles, des donn\u00e9es \u00e0 caract\u00e8re personnel peuvent \u00eatre transf\u00e9r\u00e9es vers des pays tiers n&rsquo;appartenant pas \u00e0 l&rsquo;Union europ\u00e9enne (UE) ou \u00e0 l&rsquo;Espace \u00e9conomique europ\u00e9en (EEE) sur la base de l&rsquo;existence de d\u00e9cisions d&rsquo;ad\u00e9quation de la Commission europ\u00e9enne ou de l&rsquo;adoption de clauses contractuelles types, d\u00fbment adopt\u00e9es ou de r\u00e8gles commerciales obligatoires express\u00e9ment autoris\u00e9es.<\/p>\n<p>Les donn\u00e9es personnelles ne seront pas divulgu\u00e9es et ne seront donc pas divulgu\u00e9es au public ou \u00e0 un nombre ind\u00e9fini de sujets.<\/p>\n<p><strong>5) Droits de l&rsquo;int\u00e9ress\u00e9 conform\u00e9ment aux articles 15, 16, 17, 18, 20 et 21 du r\u00e8glement UE<\/strong><\/p>\n<p>Chaque personne concern\u00e9e peut exercer les droits d&rsquo;acc\u00e8s aux donn\u00e9es \u00e0 caract\u00e8re personnel pr\u00e9vus \u00e0 l&rsquo;article 15 du r\u00e8glement de l&rsquo;UE et les droits pr\u00e9vus aux articles 16, 17, 18, 20 et 21 du m\u00eame r\u00e8glement en ce qui concerne la rectification, l&rsquo;effacement, la limitation du traitement, la portabilit\u00e9 des donn\u00e9es \u00e0 caract\u00e8re personnel, le cas \u00e9ch\u00e9ant, et l&rsquo;opposition au traitement des donn\u00e9es personnelles.<\/p>\n<p>Les droits peuvent \u00eatre exerc\u00e9s en \u00e9crivant \u00e0 l&rsquo;adresse suivante :<\/p>\n<p>JARDISERVICE SRL<br \/>\nVia Migliara 45 \u00bd \u00e0 dx, 1250-1274<br \/>\n04014 &#8211; Pontinia (LT) &#8211; ITALIE<\/p>\n<p>Si la Soci\u00e9t\u00e9 ne r\u00e9pond pas \u00e0 la demande de chaque int\u00e9ress\u00e9 dans les d\u00e9lais pr\u00e9vus par la loi ou si la r\u00e9ponse \u00e0 l&rsquo;exercice des droits n&rsquo;est pas appropri\u00e9e, l&rsquo;int\u00e9ress\u00e9 peut d\u00e9poser une plainte aupr\u00e8s de l&rsquo;Autorit\u00e9 garante pour la protection des donn\u00e9es personnelles.<\/p>\n<p>Les coordonn\u00e9es sont les suivantes :<\/p>\n<p>Garant de la protection des donn\u00e9es personnelles<br \/>\nPiazza Venezia n. 11 &#8211; 00187 Rome<br \/>\nFax : (+39) 06.69677.3785<br \/>\nStandard t\u00e9l\u00e9phonique : (+39) 06.69677.1[\/vc_column_text][\/vc_column][\/vc_row]<\/p>\n","protected":false},"excerpt":{"rendered":"<p>[vc_row][vc_column][gsf_space desktop=\u00a0\u00bb210&Prime; tablet=\u00a0\u00bb10&Prime; tablet_portrait=\u00a0\u00bb10&Prime; mobile_landscape=\u00a0\u00bb10&Prime; mobile=\u00a0\u00bb10&Prime;][vc_column_text]Divulgation aux fournisseurs conform\u00e9ment \u00e0 l&rsquo;article 13 du R\u00e8glement 2016\/679 de l&rsquo;UE[\/vc_column_text][gsf_space desktop=\u00a0\u00bb15&Prime; tablet=\u00a0\u00bb10&Prime; tablet_portrait=\u00a0\u00bb10&Prime; mobile_landscape=\u00a0\u00bb10&Prime; mobile=\u00a0\u00bb10&Prime;][vc_column_text]\u00c9talon de r\u00e9f\u00e9rence: R\u00e8glement (CE) n\u00b0 679 du 27 avril 2016 relatif \u00e0 la protection des personnes physiques \u00e0 l&rsquo;\u00e9gard du traitement des donn\u00e9es \u00e0 caract\u00e8re personnel et \u00e0 la libre circulation des donn\u00e9es [&hellip;]<\/p>\n","protected":false},"author":2,"featured_media":0,"parent":0,"menu_order":0,"comment_status":"closed","ping_status":"closed","template":"","meta":{"_seopress_robots_primary_cat":"","_seopress_titles_title":"","_seopress_titles_desc":"","_seopress_robots_index":""},"_links":{"self":[{"href":"https:\/\/www.jardiservice.it\/fr\/wp-json\/wp\/v2\/pages\/7472"}],"collection":[{"href":"https:\/\/www.jardiservice.it\/fr\/wp-json\/wp\/v2\/pages"}],"about":[{"href":"https:\/\/www.jardiservice.it\/fr\/wp-json\/wp\/v2\/types\/page"}],"author":[{"embeddable":true,"href":"https:\/\/www.jardiservice.it\/fr\/wp-json\/wp\/v2\/users\/2"}],"replies":[{"embeddable":true,"href":"https:\/\/www.jardiservice.it\/fr\/wp-json\/wp\/v2\/comments?post=7472"}],"version-history":[{"count":5,"href":"https:\/\/www.jardiservice.it\/fr\/wp-json\/wp\/v2\/pages\/7472\/revisions"}],"predecessor-version":[{"id":7566,"href":"https:\/\/www.jardiservice.it\/fr\/wp-json\/wp\/v2\/pages\/7472\/revisions\/7566"}],"wp:attachment":[{"href":"https:\/\/www.jardiservice.it\/fr\/wp-json\/wp\/v2\/media?parent=7472"}],"curies":[{"name":"wp","href":"https:\/\/api.w.org\/{rel}","templated":true}]}}