{"id":7595,"date":"2020-10-08T14:49:05","date_gmt":"2020-10-08T12:49:05","guid":{"rendered":"https:\/\/www.jardiservice.it\/condizioni-generali-di-vendita\/"},"modified":"2023-02-09T16:33:32","modified_gmt":"2023-02-09T15:33:32","slug":"c-g-v","status":"publish","type":"page","link":"https:\/\/www.jardiservice.it\/fr\/c-g-v\/","title":{"rendered":"Conditions g\u00e9n\u00e9rales des contrats de vente"},"content":{"rendered":"<p>[vc_row][vc_column][gsf_space desktop=\u00a0\u00bb210&Prime; tablet=\u00a0\u00bb10&Prime; tablet_portrait=\u00a0\u00bb10&Prime; mobile_landscape=\u00a0\u00bb10&Prime; mobile=\u00a0\u00bb10&Prime;][vc_column_text el_class=\u00a0\u00bb\u00a0\u00bb]<\/p>\n<h5>Conditions g\u00e9n\u00e9rales des contrats de vente<\/h5>\n<p>[\/vc_column_text][gsf_space desktop=\u00a0\u00bb15&Prime; tablet=\u00a0\u00bb10&Prime; tablet_portrait=\u00a0\u00bb10&Prime; mobile_landscape=\u00a0\u00bb10&Prime; mobile=\u00a0\u00bb10&Prime;][vc_column_text el_class=\u00a0\u00bb\u00a0\u00bb]Ces conditions g\u00e9n\u00e9rales de vente s&rsquo;appliquent int\u00e9gralement \u00e0 chaque commande et \u00e0 toutes nos ventes, sauf stipulation contraire \u00e9crite par Jardiservice srl. L&rsquo;envoi ou la livraison de toute commande par le Client \u00e0 Jardiservice srl implique l&rsquo;acceptation pleine et sans r\u00e9serve par le Client des conditions g\u00e9n\u00e9rales de vente de Jardiservice srl, m\u00eame si elles ne sont pas sign\u00e9es par ce dernier. Ces conditions g\u00e9n\u00e9rales sont publi\u00e9es sur notre site web (www.jardiservice.it) et dans chaque formulaire de confirmation de commande, il est indiqu\u00e9 comment les t\u00e9l\u00e9charger. Elles sont donc consid\u00e9r\u00e9es comme connues par tous les Clients et sont accept\u00e9es au moment de l&rsquo;envoi de la commande \u00e0 Jardiservice srl.<\/p>\n<p><strong>COMMANDES<\/strong><\/p>\n<p>Toute commande formul\u00e9e par le Client est soumise \u00e0 l&rsquo;acceptation \u00e9crite de Jardiservice srl par le biais de la Confirmation de commande et implique l&rsquo;acceptation des conditions g\u00e9n\u00e9rales de vente. La transmission de la commande engage le Client, sauf indication contraire par \u00e9crit, aux prix, aux conditions tarifaires et aux conditions g\u00e9n\u00e9rales de vente de Jardiservice srl en vigueur \u00e0 la date de confirmation de la commande.<\/p>\n<p><strong>R\u00c9SERVATIONS<\/strong><\/p>\n<p>Les r\u00e9servations par le Client de produits li\u00e9s \u00e0 des op\u00e9rations promotionnelles sont \u00e0 consid\u00e9rer comme un engagement formel \u00e0 les percevoir.<br \/>\n<strong><u>Toute annulation avec un pr\u00e9avis inf\u00e9rieur \u00e0 15 jours de la date pr\u00e9vue de livraison sera factur\u00e9e \u00e0 hauteur de 50% des produits r\u00e9serv\u00e9s<\/u><\/strong>.<\/p>\n<p><strong>CONFIRMATIONS DE COMMANDE<\/strong><\/p>\n<p>Le contrat de vente sera consid\u00e9r\u00e9 comme conclu, devenant obligatoire pour les parties, lorsque la confirmation de commande de Jardiservice srl parviendra au Client (dans l\u2019espace Client sur le web, par courriel, par fax ou tout autre moyen). La confirmation de commande envoy\u00e9e par Jardiservice srl d\u00e9finit et rapporte toutes les conditions et contenus d\u00e9finitifs et contraignants du contrat, rempla\u00e7ant int\u00e9gralement la commande envoy\u00e9e par Le Client. Si la Confirmation de Commande contient des ajouts, des limitations ou d&rsquo;autres variations par rapport \u00e0 la Commande originale, le consentement du Client \u00e0 ces variations sera consid\u00e9r\u00e9 comme tacitement donn\u00e9, sauf si une remarque \u00e9crite est re\u00e7ue par notre Soci\u00e9t\u00e9 dans les 24 (vingt-quatre) heures ouvrables suivant la r\u00e9ception de celle-ci. La Confirmation de commande et les pr\u00e9sentes conditions g\u00e9n\u00e9rales de contrat pr\u00e9valent en tout \u00e9tat de cause sur toutes conditions g\u00e9n\u00e9rales ou particuli\u00e8res d&rsquo;achat pr\u00e9par\u00e9es par Le Client. Toute condition \u00e9crite ou verbale envoy\u00e9e par nos collaborateurs, employ\u00e9s de notre soci\u00e9t\u00e9 ou agents commerciaux sera nulle si elle n&rsquo;est pas reproduite dans le texte de notre confirmation de commande ou si elle n&rsquo;est pas confirm\u00e9e par \u00e9crit par notre soci\u00e9t\u00e9.<br \/>\nToute demande de modification ou de changement de la commande par Le Client est soumise \u00e0 l&rsquo;approbation de Jardiservice srl et doit \u00eatre re\u00e7ue rapidement afin de permettre \u00e0 Jardiservice srl de mettre en \u0153uvre les modifications correspondantes. Dans ce cas, Jardiservice srl se r\u00e9serve le droit de retarder le d\u00e9lai de livraison et toute modification de prix.<\/p>\n<p><strong>OBJET DU CONTRAT<\/strong><\/p>\n<p>Le contrat porte sur la fourniture de plantes vivantes et de services ou de biens li\u00e9s \u00e0 la fourniture de celles-ci, pour les quantit\u00e9s sp\u00e9cifi\u00e9es dans notre confirmation de commande ou dans toute modification ult\u00e9rieure envoy\u00e9e par fax, courriel de Jardiservice srl. L&rsquo;objet du pr\u00e9sent contrat avec notre soci\u00e9t\u00e9 n&rsquo;inclut pas les \u00e9chantillons de mat\u00e9riel \u00e0 tester ou \u00e0 contr\u00f4ler, toutes les informations fournies sous quelque forme ou emplacement que ce soit pour la transformation de nos produits telles que : les propositions de projet, les informations relatives \u00e0 la production, les tests de laboratoire, les tests industriels et tout test de production ; par cons\u00e9quent, nous n&rsquo;assumons aucune responsabilit\u00e9 pour les \u00e9tapes de transformation suivant la fourniture de nos produits. Dans tous les cas, les donn\u00e9es des catalogues, publicit\u00e9s, illustrations, listes de prix, de notre site web ou d&rsquo;autres documents illustratifs de Jardiservice srl, ainsi que les caract\u00e9ristiques des \u00e9chantillons envoy\u00e9s par Jardiservice srl au Client, sont indicatives et donc ne seront pas contraignantes et ne contiennent aucune promesse de qualit\u00e9 par rapport aux produits. Ces points n&rsquo;ont aucune valeur contraignante s&rsquo;ils ne sont pas express\u00e9ment mentionn\u00e9s dans la confirmation de commande. Jardiservice srl se r\u00e9serve le droit d&rsquo;apporter \u00e0 tout moment \u00e0 ses produits les modifications techniques non-substantielles dict\u00e9es par les exigences de production qu&rsquo;elle juge opportunes, sans aucune obligation de communication.<\/p>\n<p><strong>PRIX<\/strong><\/p>\n<p><strong><u>Les prix appliqu\u00e9s sont ceux indiqu\u00e9s dans la derni\u00e8re offre envoy\u00e9e au Client<\/u><\/strong> par Jardiservice srl (disponible hebdomadaire), valable au moment de la livraison de nos produits, sauf indication contraire \u00e9crite dans notre Confirmation de commande ou dans un autre document de Jardiservice srl. <strong><u>Jardiservice srl peut, \u00e0 tout moment, mettre \u00e0 jour ses listes de prix et aussi apporter modifications aux prix pr\u00e9sents sur des offres li\u00e9es \u00e0 toute op\u00e9ration promotionnelle convenues et sign\u00e9es par les parties<\/u><\/strong> au pr\u00e9alable.<\/p>\n<p><strong>DELAIS ET MODALITES DE REGLEMENT<\/strong><\/p>\n<p>Le paiement est effectu\u00e9 \u00e0 la livraison, sauf si des accords pr\u00e9alables ont \u00e9t\u00e9 confirm\u00e9s et sign\u00e9s:<\/p>\n<ul>\n<li>Virement bancaire \u00e0 la banque indiqu\u00e9e par Jardiservice srl<\/li>\n<li>Ch\u00e8que \u00e0 l&rsquo;ordre de Jardiservice srl<\/li>\n<li>LCR sans acceptation<\/li>\n<\/ul>\n<p>Tout paiement ou titre accord\u00e9 aux agents, repr\u00e9sentants, employ\u00e9s ou collaborateurs de Jardiservice srl, ou aux coursiers d\u00e9sign\u00e9s par nous, ne sera consid\u00e9r\u00e9 comme valable que lorsque les montants correspondants seront parvenus \u00e0 Jardiservice srl.<br \/>\n<strong><u>Aucun escompte pour r\u00e8glement anticip\u00e9 est accord\u00e9.<\/u><\/strong><\/p>\n<p><strong>RETARDS DE REGLEMENT<\/strong><\/p>\n<p>En cas de retard, de d\u00e9faut ou de paiement partiel de la part du Client, Jardiservice srl se r\u00e9serve le droit de suspendre imm\u00e9diatement la fourniture ou de r\u00e9silier tous les contrats existants avec Le Client, m\u00eame s&rsquo;ils ne sont pas li\u00e9s au paiement en question, sans pr\u00e9judice du droit \u00e0 la r\u00e9paration du pr\u00e9judice. En cas de retard, d&rsquo;omission ou de paiement partiel, des int\u00e9r\u00eats sur toutes les sommes dues s&rsquo;accumuleront sur les arri\u00e9r\u00e9s, calcul\u00e9s conform\u00e9ment au d\u00e9cret l\u00e9gislatif n\u00b0 231\/2001, sans qu&rsquo;une mise en demeure soit n\u00e9cessaire, et toutes les cr\u00e9ances deviendront imm\u00e9diatement exigibles avec d\u00e9ch\u00e9ance du terme. Aucune contestation pour d\u00e9faut, sans exception aucune, ni aucune action en justice de quelque nature que ce soit ne peut \u00eatre soulev\u00e9e ou exerc\u00e9e par Le Client si le prix n&rsquo;a pas \u00e9t\u00e9 int\u00e9gralement pay\u00e9. Aucune compensation n&rsquo;est autoris\u00e9e entre le prix d\u00fb \u00e0 Jardiservice srl et les cr\u00e9ances \u00e9ventuelles r\u00e9clam\u00e9es par Le Client. Le Client est tenu de payer le prix dans son int\u00e9gralit\u00e9, m\u00eame en cas de litige, par le biais de la clause \u00ab\u00a0r\u00e9soudre et r\u00e9p\u00e9ter\u00a0\u00bb. La facturation des int\u00e9r\u00eats mentionn\u00e9s ci-dessus n&rsquo;entra\u00eenera aucune augmentation du chiffre d&rsquo;affaires aux fins du calcul des pourcentages de remise de fin d&rsquo;ann\u00e9e accord\u00e9s lors des n\u00e9gociations contractuelles.<\/p>\n<p><strong>FRAIS DE GESTION<\/strong><\/p>\n<p>Jardiservice srl inclura sur chaque facture un montant de 2,00 (deux\/00) euros \u00e0 titre de participation aux frais de gestion.<\/p>\n<p><strong>LIVRAISONS<\/strong><\/p>\n<p>La livraison des marchandises est consid\u00e9r\u00e9e comme franco-destination (Ex-Destination &#8211; INCOTERMS valables). Jardiservice srl est autoris\u00e9 \u00e0 effectuer des livraisons partielles ou des livraisons partag\u00e9es des marchandises. Les d\u00e9lais de livraison indiqu\u00e9s dans la confirmation de commande ne sont pas des conditions essentielles, sauf s&rsquo;il en est express\u00e9ment convenu autrement par \u00e9crit. Force majeure (conflits du travail et toute autre circonstance ind\u00e9pendante de la volont\u00e9 du vendeur telle que les incendies, les guerres, les inondations, les s\u00e9cheresses, les urgences sanitaires, les gr\u00e8ves, les pannes et les arr\u00eats de travail dans les usines de production, les mobilisations militaires massives, les r\u00e9volutions, les confiscations, les embargos, les barrages routiers, retards ou d\u00e9fauts de livraison des sous-traitants dus \u00e0 toute circonstance faisant r\u00e9f\u00e9rence \u00e0 la pr\u00e9sente clause) ou \u00e0 d&rsquo;autres circonstances exceptionnelles ou impr\u00e9visibles pouvant survenir \u00e0 l&rsquo;\u00e9gard de Jardiservice srl ou de nos fournisseurs (telles que des retards de production, la non-conformit\u00e9 du produit par rapport \u00e0 la fiche technique d\u00e9tect\u00e9e suite \u00e0 des analyses sp\u00e9cifiques dans des laboratoires accr\u00e9dit\u00e9s, etc.) suspendent les conditions de livraison, sans aucune responsabilit\u00e9 pour Jardiservice srl. Jardiservice srl ne sera pas tenu responsable des retards\/retards de livraison dus \u00e0 des cas de force majeure ou \u00e0 d&rsquo;autres circonstances exceptionnelles ou impr\u00e9visibles qui peuvent survenir en ce qui concerne Jardiservice srl ou nos fournisseurs et qui peuvent survenir pendant le processus de production\/transformation ou pendant le chargement ou le transport. Si le retard de livraison des marchandises d\u00e9passe 7 (sept) jours, qui ne d\u00e9pendent pas de la force majeure ou d&rsquo;autres \u00e9v\u00e9nements impr\u00e9visibles, Le Client est oblig\u00e9 de contester ce retard par \u00e9crit \u00e0 Jardiservice srl, qui disposera de 7 (sept) jours suppl\u00e9mentaires pour effectuer la livraison. Le Client n&rsquo;a pas droit \u00e0 une indemnisation pour les dommages subis. En cas de livraisons partag\u00e9es, les dispositions ci-dessus s&rsquo;appliquent. Jardiservice srl n&rsquo;est pas responsable des dommages dus \u00e0 une livraison anticip\u00e9e ou tardive, totale ou partielle.<\/p>\n<p><strong>RISQUE DE PERTE DE MARCHANDISES<\/strong><\/p>\n<p>Le risque de perte ou de d\u00e9g\u00e2t des produits est transf\u00e9r\u00e9 au Client lors de la livraison au m\u00eame acheteur qui r\u00e9cup\u00e8re les biens fournis. \u00c0 la suite du transfert des risques, Jardiservice srl n&rsquo;est pas responsable de la perte ou du d\u00e9g\u00e2t des marchandises. Le Client est tenu de payer le prix total en cas d&rsquo;endommagement ou de perte des marchandises apr\u00e8s le transfert des risques.<\/p>\n<p><strong>MAT\u00c9RIAUX UTILIS\u00c9S POUR LE TRANSPORT<\/strong><\/p>\n<p>Il est obligatoire pour Le Client de pr\u00e9voir et d&rsquo;effectuer, au moment de la livraison des marchandises, la restitution \u00e0 \u00e9galit\u00e9 avec les mat\u00e9riaux (CC TAG5, CC DC, \u00e9tages, rallonges en fer) utilis\u00e9s par Jardiservice srl pour l&rsquo;ex\u00e9cution de la commande. En cas de non-retour total ou partiel, Jardiservice srl facturera imm\u00e9diatement le m\u00eame montant au prix de\u00a0:<\/p>\n<ul>\n<li>CC TAG 5 135,00 (cent trente-cinq\/00) euros<\/li>\n<li>CC DC 95,00 (quatre-vingt-quinze\/00) euros<\/li>\n<li>\u00e9tages 20,00 (vingt \/00) euros<\/li>\n<li>rehausses en fer 2,00 (deux\/00) euros<\/li>\n<\/ul>\n<p><strong>LITIGES<\/strong><\/p>\n<p>Le Client est tenu \u00e0 v\u00e9rifier la conformit\u00e9 des marchandises dans les 48 (quarante-huit) heures suivant leur r\u00e9ception et, en tout \u00e9tat de cause, avant d&rsquo;effectuer tout traitement suppl\u00e9mentaire sur celles-ci ou de les mettre en vente.<br \/>\nTout litige sera consid\u00e9r\u00e9 comme valable uniquement si :<\/p>\n<ul>\n<li>correctement \u00e9crit, d\u00e9taill\u00e9 et clairement lisible sur les documents de livraison (CMR\/bon de livraison\/facture)<\/li>\n<li>communiqu\u00e9 par \u00e9crit par courriel ou par fax \u00e0 <a href=\"mailto:info@jardiservice.it\">info@jardiservice.it<\/a> ou \u00e0 toute autre adresse mail connu de Jardiservice srl, en tout cas dans les 48 (quarante-huit) heures suivant la r\u00e9ception des marchandises<\/li>\n<li>accompagn\u00e9 d&rsquo;une documentation photographique num\u00e9rique par courriel \u00e0 <a href=\"mailto:info@jardiservice.it\">info@jardiservice.it<\/a> ou \u00e0 toute autre adresse mail connu de Jardiservice srl<\/li>\n<li>dans le cas de marchandises endommag\u00e9es pendant le transport, seules les marchandises transport\u00e9es par les transporteurs d\u00e9sign\u00e9es par Jardiservice srl seront rembours\u00e9es et uniquement si les dommages sont d\u00fbment signal\u00e9s sur les documents de transport\/CMR<\/li>\n<\/ul>\n<p>Aucun retour ne peut \u00eatre accept\u00e9 sans l&rsquo;accord pr\u00e9alable de Jardiservice srl. Jardiservice srl n&rsquo;est pas responsable des \u00e9ventuels dommages subis par la marchandise, dans le cas d&rsquo;un d\u00e9chargement sans l&rsquo;utilisation des hayons hydrauliques pr\u00e9sents sur les camions charg\u00e9s de la livraison.<\/p>\n<p><strong>GARANTIES ET MINIMUM DE COMMANDE<\/strong><\/p>\n<p>Jardiservice srl garantit la conformit\u00e9 des produits : la conformit\u00e9 des produits signifie qu&rsquo;ils correspondent en termes de qualit\u00e9, de type, de taille et de stade v\u00e9g\u00e9tatif \u00e0 ce qui est pr\u00e9vu dans la derni\u00e8re liste de prix en vigueur et qu&rsquo;ils sont exempts de d\u00e9fauts pouvant les rendre impropres \u00e0 l&rsquo;usage auquel ils sont destin\u00e9s. Aucune garantie n&rsquo;est donn\u00e9e quant au red\u00e9marrage v\u00e9g\u00e9tatif des marchandises. Les \u00e9chantillons, les informations contenues dans les brochures, les offres hebdomadaires ou les informations provenant d&rsquo;autres supports publicitaires ne sont pas contraignants et ne contiennent aucune promesse de qualit\u00e9 en rapport avec les produits. Jardiservice srl n&rsquo;assume aucune responsabilit\u00e9 quant \u00e0 la conformit\u00e9 du produit aux r\u00e9glementations des pays \u00e9trangers o\u00f9 le produit sera utilis\u00e9 ou destin\u00e9, pour des usages particuliers, aux usages habituellement pr\u00e9vus dans les pays de destination.<\/p>\n<p>Sur les quantit\u00e9s, Le Client reconna\u00eet \u00e0 Jardiservice srl d&rsquo;accepter des quantit\u00e9s de fourniture pour chaque produit, d\u00e9termin\u00e9es par les quantit\u00e9s minimales qui peuvent \u00eatre livr\u00e9es comme indiqu\u00e9 dans la derni\u00e8re liste de prix valide. Ces unit\u00e9s sont conventionnellement d\u00e9termin\u00e9es en fonction des quantit\u00e9s qui peuvent \u00eatre stock\u00e9es sur les mat\u00e9riaux utilis\u00e9s pour chaque livraison :<\/p>\n<ul>\n<li>demi-\u00e9tage<\/li>\n<li>\u00e9tage complet<\/li>\n<li>\u00e9tage remont\u00e9<\/li>\n<li>roll CC complet<\/li>\n<\/ul>\n<p>\u00c0 l&rsquo;exception des accords pr\u00e9c\u00e9demment sign\u00e9s par les parties, la quantit\u00e9 minimale de commande prise en consid\u00e9ration par Jardiservice srl est de 2 (deux) roll CC complets.<br \/>\nEn cas de minimum de commande pas atteint, en aucun cas Jardiservice srl pourra donner suite \u00e0 la livraison de la commande, que sera consid\u00e9r\u00e9e incompl\u00e8te et donc pas livrable, sans donner suite \u00e0 demande de d\u00e9dommagement de la part du Client.<\/p>\n<p><strong>FORME, EXCLUSIVIT\u00c9 ET NULLIT\u00c9<\/strong><\/p>\n<p>Toute modification des pr\u00e9sentes conditions g\u00e9n\u00e9rales de vente ne sera valable que si elle est faite par \u00e9crit et approuv\u00e9e par Jardiservice srl. La nullit\u00e9 \u00e9ventuelle de l&rsquo;une des clauses pr\u00e9vues dans le pr\u00e9sent contrat n&rsquo;entra\u00eenera pas la nullit\u00e9 de l&rsquo;ensemble du contrat, qui sera int\u00e9gr\u00e9 et interpr\u00e9t\u00e9 dans son int\u00e9gralit\u00e9.<\/p>\n<p><strong>R\u00c9SOLUTION<\/strong><\/p>\n<p>Jardiservice srl peut r\u00e9silier le contrat de vente, sans pr\u00e9avis, au moyen d&rsquo;une d\u00e9claration de sa volont\u00e9 de r\u00e9siliation, communiqu\u00e9e par \u00e9crit \u00e0 la soci\u00e9t\u00e9 acheteuse par PEC ou par courriel ou fax, en cas de survenance de l&rsquo;un des \u00e9v\u00e9nements suivants qui constituent des clauses de r\u00e9siliation expresses aux termes de l&rsquo;article 1456 du Code civil italien :<\/p>\n<ul>\n<li>le non-paiement, partiel ou total, du montant d\u00fb par le Client selon les modalit\u00e9s pr\u00e9vues dans le contrat de vente, sauf si Jardiservice srl se pr\u00e9vaut du droit de demander l&rsquo;ex\u00e9cution du contrat m\u00eame, dans tous les cas avec le paiement du montant \u00e9tabli dans le contrat de vente, et apr\u00e8s red\u00e9finition des modalit\u00e9s des livraisons fractionn\u00e9es, en plus de l&rsquo;indemnisation des dommages<\/li>\n<li>en cas de d\u00e9claration de faillite de la soci\u00e9t\u00e9 acheteuse ou si celle-ci fait l&rsquo;objet d&rsquo;une proc\u00e9dure de faillite<\/li>\n<li>en cas de faillite de nos fournisseurs des marchandises faisant l&rsquo;objet de la confirmation de commande par Le Client<\/li>\n<\/ul>\n<p><strong>DROIT APPLICABLE<\/strong><\/p>\n<p>Pour tout ce qui n&rsquo;est pas express\u00e9ment pr\u00e9vu dans les pr\u00e9sentes conditions g\u00e9n\u00e9rales, la loi italienne et les articles 1470 et suivants. Code civil italien.<\/p>\n<p><strong>JURIDICTION<\/strong><\/p>\n<p>Pour tout litige pouvant survenir en relation avec l&rsquo;existence, la validit\u00e9, l&rsquo;interpr\u00e9tation, l&rsquo;ex\u00e9cution et la r\u00e9siliation du pr\u00e9sent contrat, le Tribunal de Latina est seul comp\u00e9tent.<\/p>\n<p><strong>COMMUNICATIONS<\/strong><\/p>\n<p>Toutes les communications concernant ce contrat doivent \u00eatre faites par \u00e9crit et seront consid\u00e9r\u00e9es comme valables si elles sont envoy\u00e9es par PEC, par courrier \u00e9lectronique ou par fax \u00e0 l&rsquo;adresse suivante Jardiservice s.r.l. &#8211; Via Migliara 45 \u00bd dx, 1250-1274, 04014 &#8211; Pontinia (LT) ; <a href=\"mailto:info@jardiservice.it\">info@jardiservice.it<\/a> ; <a href=\"mailto:jardiservice@pec.it\">jardiservice@pec.it<\/a> ; fax + 39.0773.869478<\/p>\n<p><strong>CONFIDENTIALIT\u00c9<\/strong><\/p>\n<p>Conform\u00e9ment au d\u00e9cret l\u00e9gislatif n\u00b0 196 du 30.06.2003 et \u00e0 ses modifications ult\u00e9rieures, les deux soci\u00e9t\u00e9s d\u00e9clarent avoir re\u00e7u des informations et autorisent d\u00e9sormais tous les traitements, communications et diffusions de donn\u00e9es, y compris les donn\u00e9es sensibles, n\u00e9cessaires \u00e0 la conclusion du contrat de fourniture. Les deux parties s&rsquo;engagent \u00e9galement \u00e0 pourvoir, \u00e0 leurs propres frais, \u00e0 l&rsquo;ex\u00e9cution du d\u00e9cret l\u00e9gislatif susmentionn\u00e9 pour les tiers de leur propre comp\u00e9tence qui, au cours de la relation contractuelle en question, s&rsquo;av\u00e9reraient n\u00e9cessaires pour l&rsquo;accomplissement de la mission re\u00e7ue.<\/p>\n<p>Les pr\u00e9sentes conditions g\u00e9n\u00e9rales des contrats de vente ne concernent que les relations de vente de Jardiservice srl et peuvent \u00e9galement \u00eatre utilis\u00e9es pour les ventes internationales ou les contrats de vente de biens par Jardiservice srl aux acheteurs ayant leur \u00e9tablissement permanent dans un autre \u00c9tat contractant ou ratifiant la Convention de Vienne sur les ventes internationales du 112.04.1980.<\/p>\n<p>Les pr\u00e9sentes conditions g\u00e9n\u00e9rales de vente ne sont pas applicables aux contrats dans lesquels Jardiservice srl n&rsquo;est pas un vendeur, mais un simple acheteur de biens, c&rsquo;est-\u00e0-dire \u00e0 la fois aux contrats de fourniture de biens re\u00e7us de vendeurs italiens et \u00e0 ceux de vendeurs \/ fournisseurs de Jardiservice srl ayant leur \u00e9tablissement permanent dans un autre \u00c9tat contractant ou ratifiant la Convention de Vienne sur les ventes internationales du 112.04.1980.[\/vc_column_text][\/vc_column][\/vc_row][vc_row][vc_column][\/vc_column][\/vc_row]<\/p>\n","protected":false},"excerpt":{"rendered":"<p>[vc_row][vc_column][gsf_space desktop=\u00a0\u00bb210&Prime; tablet=\u00a0\u00bb10&Prime; tablet_portrait=\u00a0\u00bb10&Prime; mobile_landscape=\u00a0\u00bb10&Prime; mobile=\u00a0\u00bb10&Prime;][vc_column_text el_class=\u00a0\u00bb\u00a0\u00bb] Conditions g\u00e9n\u00e9rales des contrats de vente [\/vc_column_text][gsf_space desktop=\u00a0\u00bb15&Prime; tablet=\u00a0\u00bb10&Prime; tablet_portrait=\u00a0\u00bb10&Prime; mobile_landscape=\u00a0\u00bb10&Prime; mobile=\u00a0\u00bb10&Prime;][vc_column_text el_class=\u00a0\u00bb\u00a0\u00bb]Ces conditions g\u00e9n\u00e9rales de vente s&rsquo;appliquent int\u00e9gralement \u00e0 chaque commande et \u00e0 toutes nos ventes, sauf stipulation contraire \u00e9crite par Jardiservice srl. L&rsquo;envoi ou la livraison de toute commande par le Client \u00e0 Jardiservice srl implique [&hellip;]<\/p>\n","protected":false},"author":2,"featured_media":0,"parent":0,"menu_order":0,"comment_status":"closed","ping_status":"closed","template":"","meta":{"_seopress_robots_primary_cat":"","_seopress_titles_title":"","_seopress_titles_desc":"","_seopress_robots_index":""},"_links":{"self":[{"href":"https:\/\/www.jardiservice.it\/fr\/wp-json\/wp\/v2\/pages\/7595"}],"collection":[{"href":"https:\/\/www.jardiservice.it\/fr\/wp-json\/wp\/v2\/pages"}],"about":[{"href":"https:\/\/www.jardiservice.it\/fr\/wp-json\/wp\/v2\/types\/page"}],"author":[{"embeddable":true,"href":"https:\/\/www.jardiservice.it\/fr\/wp-json\/wp\/v2\/users\/2"}],"replies":[{"embeddable":true,"href":"https:\/\/www.jardiservice.it\/fr\/wp-json\/wp\/v2\/comments?post=7595"}],"version-history":[{"count":4,"href":"https:\/\/www.jardiservice.it\/fr\/wp-json\/wp\/v2\/pages\/7595\/revisions"}],"predecessor-version":[{"id":7749,"href":"https:\/\/www.jardiservice.it\/fr\/wp-json\/wp\/v2\/pages\/7595\/revisions\/7749"}],"wp:attachment":[{"href":"https:\/\/www.jardiservice.it\/fr\/wp-json\/wp\/v2\/media?parent=7595"}],"curies":[{"name":"wp","href":"https:\/\/api.w.org\/{rel}","templated":true}]}}